{"id":4518,"date":"2025-04-22T14:27:46","date_gmt":"2025-04-22T12:27:46","guid":{"rendered":"https:\/\/zagleszczecin.eu\/o-zaglach\/przepustki\/"},"modified":"2025-07-28T20:27:16","modified_gmt":"2025-07-28T18:27:16","slug":"przepustki","status":"publish","type":"page","link":"https:\/\/zagleszczecin.eu\/en\/o-zaglach\/przepustki\/","title":{"rendered":"Access Permits"},"content":{"rendered":"\n<div style=\"height:100px\" aria-hidden=\"true\" class=\"wp-block-spacer is-style-m-spacerhead\"><\/div>\n\n\n\n<h1 class=\"wp-block-heading has-text-align-center\">Access Permits<\/h1>\n\n\n\n<div class=\"wp-block-columns is-layout-flex wp-container-core-columns-is-layout-9d6595d7 wp-block-columns-is-layout-flex\">\n<div class=\"wp-block-column is-layout-flow wp-block-column-is-layout-flow\">\n<p class=\"has-text-align-center\">The biggest events in our city always come with changes to traffic organization and public transport. Some streets will be closed, and additional buses and trams will be running. All of this is to make it easier for residents to reach the event area and ensure a smooth return home.<\/p>\n<\/div>\n<\/div>\n\n\n\n<div class=\"wp-block-columns is-layout-flex wp-container-core-columns-is-layout-9d6595d7 wp-block-columns-is-layout-flex\">\n<div class=\"wp-block-column is-layout-flow wp-block-column-is-layout-flow\" style=\"line-height:1.5\">\n<p>Residents living on streets affected by traffic changes will be allowed to access their homes upon presenting an <strong>entry permit<\/strong>.<\/p>\n\n\n\n<p>Permits will be available <strong>only between August 5\u201317<\/strong> at the <strong>Permit Office<\/strong> located at <strong>ul. Jana z Kolna 6<\/strong> (former Marine Station).<\/p>\n\n\n\n<p><strong>Permit issuing hours<\/strong>: 8:00 AM \u2013 6:00 PM<\/p>\n\n\n\n<p>Permits will grant access to <strong>three designated zones<\/strong>:<\/p>\n\n\n\n<h4 class=\"wp-block-heading\">Przepustki b\u0119d\u0105 upowa\u017cnia\u0142y do wjazdu do trzech stref:<\/h4>\n\n\n\n<div class=\"wp-block-columns is-layout-flex wp-container-core-columns-is-layout-9d6595d7 wp-block-columns-is-layout-flex\">\n<div class=\"wp-block-column is-layout-flow wp-block-column-is-layout-flow\" style=\"padding-top:0;padding-right:0;padding-bottom:0;padding-left:0\">\n<div class=\"wp-block-my-custom-container moai-wrapper mbhc mbvc mbcv  mbpl mbpr mbpt mbpb bradius has-white-color has-text-color has-background has-link-color wp-elements-215559ae548b697e42fe32e4b4cff680\" style=\"background-color:#ed1c24\">\n<p><strong>Red Zone<\/strong> \u2013 access will be restricted <strong>only<\/strong> to vehicles of event organizers, authorized services, and companies <strong>with headquarters located within the red zone<\/strong>. A <strong>deposit<\/strong> will be required for each permit issued for this zone, in accordance with the applicable regulations.<\/p>\n<\/div>\n<\/div>\n<\/div>\n<\/div>\n\n\n\n<div class=\"wp-block-column is-vertically-aligned-top is-layout-flow wp-block-column-is-layout-flow\" style=\"padding-right:0;padding-bottom:var(--wp--preset--spacing--80);padding-left:0\"><div class=\"mapaimprezywrap\">\r\n    \r\n        <img decoding=\"async\" src=\"https:\/\/zagleszczecin.eu\/wp-content\/uploads\/2025\/07\/MAPKA-z-przepustki-highres-980x1021.jpg\" alt=\"Access Permits\" loading=\"lazy\" class=\"mapaimprezy\">\r\n\r\n        <div class=\"mapaimprezycont\">\r\n        <a href=\"https:\/\/zagleszczecin.eu\/wp-content\/uploads\/2025\/07\/MAPKA-z-przepustki.pdf\" class=\"mapadl\" download target=\"_blank\"><\/a>\r\n        <a href=\"https:\/\/zagleszczecin.eu\/wp-content\/uploads\/2025\/07\/MAPKA-z-przepustki.pdf\" class=\"mapazoom\" target=\"_blank\"><\/a>\r\n    <\/div>\r\n<\/div><\/div>\n<\/div>\n\n\n\n<div class=\"wp-block-columns is-layout-flex wp-container-core-columns-is-layout-9d6595d7 wp-block-columns-is-layout-flex\">\n<div class=\"wp-block-column is-layout-flow wp-block-column-is-layout-flow\" style=\"padding-top:0;padding-bottom:0\">\n<div class=\"wp-block-my-custom-container moai-wrapper mbhc mbvc mbcv  mbpl mbpr mbpt mbpb bradius has-white-color has-blue-background-color has-text-color has-background has-link-color wp-elements-0774a267b81f3a800b1ea493e07841e7\">\n<p><strong>Blue Zone<\/strong> \u2013 access with the possibility of parking will be granted <strong>exclusively to residents and employees of companies or institutions<\/strong> located on the following streets: Ma\u0142opolska, Henryka Pobo\u017cnego, Zygmunta Starego, Szczerbcowa, Wawelska, Kapita\u0144ska, Storrady, and Zbo\u017cowa (up to the intersection with Spichrzowa), as well as <strong>holders of red zone permits<\/strong>.<\/p>\n<\/div>\n\n\n\n<div style=\"height:100px\" aria-hidden=\"true\" class=\"wp-block-spacer is-style-m-spacerhalf\"><\/div>\n\n\n\n<div class=\"wp-block-my-custom-container moai-wrapper mbhc mbvc mbcv  mbpl mbpr mbpt mbpb bradius has-white-color has-vivid-green-cyan-background-color has-text-color has-background has-link-color wp-elements-74521f5e85fec9e1172f21e987b34a9a\">\n<p><strong>Green Zone<\/strong> \u2013 access with parking will be granted to <strong>exhibitors<\/strong> located on the following streets: Komandorska and Admiralska.<\/p>\n<\/div>\n<\/div>\n\n\n\n<div class=\"wp-block-column is-layout-flow wp-block-column-is-layout-flow\"><\/div>\n<\/div>\n\n\n\n<div style=\"height:100px\" aria-hidden=\"true\" class=\"wp-block-spacer is-style-m-spacerfull\"><\/div>\n\n\n\n<div class=\"wp-block-my-custom-container moai-wrapper mbhc mbvc mbcv  mbpt has-background\" style=\"background-color:#eaedf4\">\n<div class=\"wp-block-columns is-layout-flex wp-container-core-columns-is-layout-9d6595d7 wp-block-columns-is-layout-flex\">\n<div class=\"wp-block-column dwiekolumny is-layout-flow wp-block-column-is-layout-flow\">\n<p><strong>Permit Issuance Rules:<\/strong><\/p>\n\n\n\n<ol class=\"wp-block-list\">\n<li>Residents of the above-mentioned streets will receive <strong>one permit per residential unit<\/strong>. To obtain a permit, proof of residence must be presented at the Permit Office: an official document such as a <strong>paid utility bill<\/strong> with the property address or <strong>certificate of registration<\/strong>.<\/li>\n\n\n\n<li>Companies and institutions located on the above-mentioned streets will receive <strong>two permits per company<\/strong>.<\/li>\n\n\n\n<li>Companies with <strong>private parking spaces<\/strong> will receive permits equal to the number of parking spaces they own.<\/li>\n\n\n\n<li>A <strong>deposit<\/strong> is required for red zone permits issued to the following groups:<br><strong>event organizers<\/strong>, <strong>Sail Market exhibitors<\/strong>, <strong>companies operating in the restricted area<\/strong>, and <strong>contractors working with the organizers<\/strong>.<\/li>\n\n\n\n<li>The permit must be <strong>presented at the checkpoint<\/strong> each time the vehicle enters the event area and must be <strong>clearly displayed inside the vehicle<\/strong>, with the side containing the data facing up.<\/li>\n\n\n\n<li>A valid permit must include the following information: <strong>license plate number<\/strong>, <strong>contact number<\/strong>, and <strong>company name<\/strong>.<\/li>\n\n\n\n<li>The permit allows entry for <strong>one specific vehicle<\/strong>, as identified by the <strong>license plate number listed on the permit<\/strong>.<\/li>\n<\/ol>\n\n\n\n<p><strong>If you have any questions or doubts, a dedicated email address and phone number have been set up: <a href=\"mailto:przepustki@zstw.szczecin.pl\">przepustki@zstw.szczecin.pl<\/a>; tel. <a href=\"tel:451005918\">451 005 918<\/a>.<\/strong><\/p>\n<\/div>\n<\/div>\n\n\n\n<div style=\"height:100px\" aria-hidden=\"true\" class=\"wp-block-spacer is-style-m-spacerhalf\"><\/div>\n\n\n\n<div class=\"wp-block-columns is-layout-flex wp-container-core-columns-is-layout-9d6595d7 wp-block-columns-is-layout-flex\">\n<div class=\"wp-block-column is-layout-flow wp-block-column-is-layout-flow\">\n<div class=\"wp-block-my-custom-container moai-wrapper mbhc mbvc mbcv  mbpl mbpr mbpt mbpb bradius has-white-color has-text-color has-background has-link-color wp-elements-a5860e86bd051b6625694828ced510c6\" style=\"background-color:#ed1c24\">\n<p>In the <strong>red zone<\/strong>, parking is allowed <strong>only in designated areas<\/strong> and <strong>only for vehicles with special permits<\/strong>. Vehicles <strong>without valid permits<\/strong>, parked in restricted zones, <strong>will be towed at the owner\u2019s expense<\/strong>.<\/p>\n<\/div>\n<\/div>\n<\/div>\n\n\n\n<div style=\"height:100px\" aria-hidden=\"true\" class=\"wp-block-spacer is-style-m-spacerfull\"><\/div>\n<\/div>\n","protected":false},"excerpt":{"rendered":"<p>Access Permits The biggest events in our city always come with changes to traffic organization and public transport. Some streets will be closed, and additional buses and trams will be [&hellip;]<\/p>\n","protected":false},"author":1,"featured_media":0,"parent":3292,"menu_order":48,"comment_status":"closed","ping_status":"closed","template":"","meta":{"_acf_changed":false,"inline_featured_image":false,"footnotes":"","_links_to":"","_links_to_target":""},"class_list":["post-4518","page","type-page","status-publish","hentry"],"acf":[],"yoast_head":"<!-- This site is optimized with the Yoast SEO plugin v25.1 - https:\/\/yoast.com\/wordpress\/plugins\/seo\/ -->\n<title>Access Permits - \u017bagle 2026<\/title>\n<meta name=\"robots\" content=\"noindex, follow, max-snippet:-1, max-image-preview:large, max-video-preview:-1\" \/>\n<meta property=\"og:locale\" content=\"en_US\" \/>\n<meta property=\"og:type\" content=\"article\" \/>\n<meta property=\"og:title\" content=\"Access Permits - \u017bagle 2026\" \/>\n<meta property=\"og:description\" content=\"Access Permits The biggest events in our city always come with changes to traffic organization and public transport. Some streets will be closed, and additional buses and trams will be [&hellip;]\" \/>\n<meta property=\"og:url\" content=\"https:\/\/zagleszczecin.eu\/en\/o-zaglach\/przepustki\/\" \/>\n<meta property=\"og:site_name\" content=\"\u017bagle 2026\" \/>\n<meta property=\"article:modified_time\" content=\"2025-07-28T18:27:16+00:00\" \/>\n<meta name=\"twitter:card\" content=\"summary_large_image\" \/>\n<meta name=\"twitter:label1\" content=\"Est. reading time\" \/>\n\t<meta name=\"twitter:data1\" content=\"3 minutes\" \/>\n<script type=\"application\/ld+json\" class=\"yoast-schema-graph\">{\"@context\":\"https:\/\/schema.org\",\"@graph\":[{\"@type\":\"WebPage\",\"@id\":\"https:\/\/zagleszczecin.eu\/en\/o-zaglach\/przepustki\/\",\"url\":\"https:\/\/zagleszczecin.eu\/en\/o-zaglach\/przepustki\/\",\"name\":\"Access Permits - \u017bagle 2026\",\"isPartOf\":{\"@id\":\"https:\/\/zagleszczecin.eu\/en\/#website\"},\"datePublished\":\"2025-04-22T12:27:46+00:00\",\"dateModified\":\"2025-07-28T18:27:16+00:00\",\"breadcrumb\":{\"@id\":\"https:\/\/zagleszczecin.eu\/en\/o-zaglach\/przepustki\/#breadcrumb\"},\"inLanguage\":\"en-US\",\"potentialAction\":[{\"@type\":\"ReadAction\",\"target\":[\"https:\/\/zagleszczecin.eu\/en\/o-zaglach\/przepustki\/\"]}]},{\"@type\":\"BreadcrumbList\",\"@id\":\"https:\/\/zagleszczecin.eu\/en\/o-zaglach\/przepustki\/#breadcrumb\",\"itemListElement\":[{\"@type\":\"ListItem\",\"position\":1,\"name\":\"Strona g\u0142\u00f3wna\",\"item\":\"https:\/\/zagleszczecin.eu\/en\/\"},{\"@type\":\"ListItem\",\"position\":2,\"name\":\"About \u017bagle 2025\",\"item\":\"https:\/\/zagleszczecin.eu\/en\/o-zaglach\/\"},{\"@type\":\"ListItem\",\"position\":3,\"name\":\"Access Permits\"}]},{\"@type\":\"WebSite\",\"@id\":\"https:\/\/zagleszczecin.eu\/en\/#website\",\"url\":\"https:\/\/zagleszczecin.eu\/en\/\",\"name\":\"\u017bagle 2026\",\"description\":\"Kurs na Szczecin\",\"potentialAction\":[{\"@type\":\"SearchAction\",\"target\":{\"@type\":\"EntryPoint\",\"urlTemplate\":\"https:\/\/zagleszczecin.eu\/en\/?s={search_term_string}\"},\"query-input\":{\"@type\":\"PropertyValueSpecification\",\"valueRequired\":true,\"valueName\":\"search_term_string\"}}],\"inLanguage\":\"en-US\"}]}<\/script>\n<!-- \/ Yoast SEO plugin. -->","yoast_head_json":{"title":"Access Permits - \u017bagle 2026","robots":{"index":"noindex","follow":"follow","max-snippet":"max-snippet:-1","max-image-preview":"max-image-preview:large","max-video-preview":"max-video-preview:-1"},"og_locale":"en_US","og_type":"article","og_title":"Access Permits - \u017bagle 2026","og_description":"Access Permits The biggest events in our city always come with changes to traffic organization and public transport. Some streets will be closed, and additional buses and trams will be [&hellip;]","og_url":"https:\/\/zagleszczecin.eu\/en\/o-zaglach\/przepustki\/","og_site_name":"\u017bagle 2026","article_modified_time":"2025-07-28T18:27:16+00:00","twitter_card":"summary_large_image","twitter_misc":{"Est. reading time":"3 minutes"},"schema":{"@context":"https:\/\/schema.org","@graph":[{"@type":"WebPage","@id":"https:\/\/zagleszczecin.eu\/en\/o-zaglach\/przepustki\/","url":"https:\/\/zagleszczecin.eu\/en\/o-zaglach\/przepustki\/","name":"Access Permits - \u017bagle 2026","isPartOf":{"@id":"https:\/\/zagleszczecin.eu\/en\/#website"},"datePublished":"2025-04-22T12:27:46+00:00","dateModified":"2025-07-28T18:27:16+00:00","breadcrumb":{"@id":"https:\/\/zagleszczecin.eu\/en\/o-zaglach\/przepustki\/#breadcrumb"},"inLanguage":"en-US","potentialAction":[{"@type":"ReadAction","target":["https:\/\/zagleszczecin.eu\/en\/o-zaglach\/przepustki\/"]}]},{"@type":"BreadcrumbList","@id":"https:\/\/zagleszczecin.eu\/en\/o-zaglach\/przepustki\/#breadcrumb","itemListElement":[{"@type":"ListItem","position":1,"name":"Strona g\u0142\u00f3wna","item":"https:\/\/zagleszczecin.eu\/en\/"},{"@type":"ListItem","position":2,"name":"About \u017bagle 2025","item":"https:\/\/zagleszczecin.eu\/en\/o-zaglach\/"},{"@type":"ListItem","position":3,"name":"Access Permits"}]},{"@type":"WebSite","@id":"https:\/\/zagleszczecin.eu\/en\/#website","url":"https:\/\/zagleszczecin.eu\/en\/","name":"\u017bagle 2026","description":"Kurs na Szczecin","potentialAction":[{"@type":"SearchAction","target":{"@type":"EntryPoint","urlTemplate":"https:\/\/zagleszczecin.eu\/en\/?s={search_term_string}"},"query-input":{"@type":"PropertyValueSpecification","valueRequired":true,"valueName":"search_term_string"}}],"inLanguage":"en-US"}]}},"_links":{"self":[{"href":"https:\/\/zagleszczecin.eu\/en\/wp-json\/wp\/v2\/pages\/4518","targetHints":{"allow":["GET"]}}],"collection":[{"href":"https:\/\/zagleszczecin.eu\/en\/wp-json\/wp\/v2\/pages"}],"about":[{"href":"https:\/\/zagleszczecin.eu\/en\/wp-json\/wp\/v2\/types\/page"}],"author":[{"embeddable":true,"href":"https:\/\/zagleszczecin.eu\/en\/wp-json\/wp\/v2\/users\/1"}],"replies":[{"embeddable":true,"href":"https:\/\/zagleszczecin.eu\/en\/wp-json\/wp\/v2\/comments?post=4518"}],"version-history":[{"count":1,"href":"https:\/\/zagleszczecin.eu\/en\/wp-json\/wp\/v2\/pages\/4518\/revisions"}],"predecessor-version":[{"id":4523,"href":"https:\/\/zagleszczecin.eu\/en\/wp-json\/wp\/v2\/pages\/4518\/revisions\/4523"}],"up":[{"embeddable":true,"href":"https:\/\/zagleszczecin.eu\/en\/wp-json\/wp\/v2\/pages\/3292"}],"wp:attachment":[{"href":"https:\/\/zagleszczecin.eu\/en\/wp-json\/wp\/v2\/media?parent=4518"}],"curies":[{"name":"wp","href":"https:\/\/api.w.org\/{rel}","templated":true}]}}