{"id":3372,"date":"2025-04-24T14:07:08","date_gmt":"2025-04-24T12:07:08","guid":{"rendered":"https:\/\/zagleszczecin.eu\/kontakt\/"},"modified":"2026-02-11T11:18:03","modified_gmt":"2026-02-11T09:18:03","slug":"contact","status":"publish","type":"page","link":"https:\/\/zagleszczecin.eu\/en\/contact\/","title":{"rendered":"Contact"},"content":{"rendered":"\n<div class=\"wp-block-my-custom-container moai-wrapper mbhc mbvc mbcv  mbfixed bialy has-white-color has-text-color has-link-color wp-elements-daf80dd231c5d53946c16277cc9f6a13\" style=\"background-image:url(https:\/\/zagleszczecin.eu\/wp-content\/uploads\/2025\/04\/WIDOKI-DZIEN-08032024-SW-014.jpg)\" id=\"pageheader\">\n<div class=\"wp-block-columns is-layout-flex wp-container-core-columns-is-layout-9d6595d7 wp-block-columns-is-layout-flex\">\n<div class=\"wp-block-column is-layout-flow wp-block-column-is-layout-flow\">\n<h1 class=\"wp-block-heading has-text-align-center\">Contact<\/h1>\n\n\n<div class=\"wp-block-image\">\n<figure class=\"aligncenter size-full is-resized\"><img loading=\"lazy\" decoding=\"async\" width=\"920\" height=\"224\" src=\"https:\/\/zagleszczecin.eu\/wp-content\/uploads\/2026\/02\/ZAGLE-26_logoB.png\" alt=\"\" class=\"wp-image-5878\" style=\"width:350px\" srcset=\"https:\/\/zagleszczecin.eu\/wp-content\/uploads\/2026\/02\/ZAGLE-26_logoB.png 920w, https:\/\/zagleszczecin.eu\/wp-content\/uploads\/2026\/02\/ZAGLE-26_logoB-300x73.png 300w, https:\/\/zagleszczecin.eu\/wp-content\/uploads\/2026\/02\/ZAGLE-26_logoB-768x187.png 768w, https:\/\/zagleszczecin.eu\/wp-content\/uploads\/2026\/02\/ZAGLE-26_logoB-40x10.png 40w, https:\/\/zagleszczecin.eu\/wp-content\/uploads\/2026\/02\/ZAGLE-26_logoB-600x146.png 600w, https:\/\/zagleszczecin.eu\/wp-content\/uploads\/2026\/02\/ZAGLE-26_logoB-230x56.png 230w, https:\/\/zagleszczecin.eu\/wp-content\/uploads\/2026\/02\/ZAGLE-26_logoB-40x10@2x.png 80w, https:\/\/zagleszczecin.eu\/wp-content\/uploads\/2026\/02\/ZAGLE-26_logoB-230x56@2x.png 460w\" sizes=\"auto, (max-width: 920px) 100vw, 920px\"><\/figure><\/div>\n\n\n<p class=\"has-text-align-center\">Feel the seaside vibe<br>in the heart of the city<\/p>\n<\/div>\n<\/div>\n<\/div>\n\n\n\n<div class=\"wp-block-columns is-layout-flex wp-container-core-columns-is-layout-9d6595d7 wp-block-columns-is-layout-flex\">\n<div class=\"wp-block-column is-layout-flow wp-block-column-is-layout-flow\">\n<div style=\"height:100px\" aria-hidden=\"true\" class=\"wp-block-spacer is-style-m-spacerfull\"><\/div>\n\n\n\n<h3 class=\"wp-block-heading\">\u017begluga Szczeci\u0144ska Turystyka Wydarzenia<\/h3>\n\n\n\n<p><strong><strong>Contact details<\/strong>:<\/strong><br>tel. <a href=\"tel:+48%2091%2035%2016%20200\">+48 91 35 16 200<\/a><\/p>\n\n\n\n<h3 class=\"wp-block-heading\">Centrum \u017beglarskie<\/h3>\n\n\n\n<p><strong><strong>Contact details<\/strong>:<\/strong><br>tel.: <a href=\"tel:+48%2091%20460%2008%2044\">+48 91 460 08 44<\/a><\/p>\n\n\n\n<h3 class=\"wp-block-heading\">Szczeci\u0144ska Agencja Artystyczna<\/h3>\n\n\n\n<p><strong><strong>Contact details<\/strong><br><\/strong>tel.: <a href=\"tel:+48%2091%2043%2019%20571\">+48 91 43 19 571<\/a><\/p>\n\n\n\n<div style=\"height:100px\" aria-hidden=\"true\" class=\"wp-block-spacer is-style-m-spacerfull\"><\/div>\n<\/div>\n<\/div>\n","protected":false},"excerpt":{"rendered":"<p>\u017begluga Szczeci\u0144ska Turystyka Wydarzenia Contact details:tel. +48 91 35 16 200 Centrum \u017beglarskie Contact details:tel.: +48 91 460 08 44 Szczeci\u0144ska Agencja Artystyczna Contact detailstel.: +48 91 43 19 571<\/p>\n","protected":false},"author":1,"featured_media":0,"parent":0,"menu_order":34,"comment_status":"closed","ping_status":"closed","template":"","meta":{"_acf_changed":false,"inline_featured_image":false,"footnotes":"","_links_to":"","_links_to_target":""},"class_list":["post-3372","page","type-page","status-publish","hentry"],"acf":[],"yoast_head":"<!-- This site is optimized with the Yoast SEO plugin v25.1 - https:\/\/yoast.com\/wordpress\/plugins\/seo\/ -->\n<title>Contact - \u017bagle 2026<\/title>\n<meta name=\"robots\" content=\"noindex, follow, max-snippet:-1, max-image-preview:large, max-video-preview:-1\" \/>\n<meta property=\"og:locale\" content=\"en_US\" \/>\n<meta property=\"og:type\" content=\"article\" \/>\n<meta property=\"og:title\" content=\"Contact - \u017bagle 2026\" \/>\n<meta property=\"og:description\" content=\"\u017begluga Szczeci\u0144ska Turystyka Wydarzenia Contact details:tel. +48 91 35 16 200 Centrum \u017beglarskie Contact details:tel.: +48 91 460 08 44 Szczeci\u0144ska Agencja Artystyczna Contact detailstel.: +48 91 43 19 571\" \/>\n<meta property=\"og:url\" content=\"https:\/\/zagleszczecin.eu\/en\/contact\/\" \/>\n<meta property=\"og:site_name\" content=\"\u017bagle 2026\" \/>\n<meta property=\"article:modified_time\" content=\"2026-02-11T09:18:03+00:00\" \/>\n<meta property=\"og:image\" content=\"https:\/\/zagleszczecin.eu\/wp-content\/uploads\/2026\/02\/ZAGLE-26_logoB.png\" \/>\n\t<meta property=\"og:image:width\" content=\"920\" \/>\n\t<meta property=\"og:image:height\" content=\"224\" \/>\n\t<meta property=\"og:image:type\" content=\"image\/png\" \/>\n<meta name=\"twitter:card\" content=\"summary_large_image\" \/>\n<meta name=\"twitter:label1\" content=\"Est. reading time\" \/>\n\t<meta name=\"twitter:data1\" content=\"1 minute\" \/>\n<script type=\"application\/ld+json\" class=\"yoast-schema-graph\">{\"@context\":\"https:\/\/schema.org\",\"@graph\":[{\"@type\":\"WebPage\",\"@id\":\"https:\/\/zagleszczecin.eu\/en\/contact\/\",\"url\":\"https:\/\/zagleszczecin.eu\/en\/contact\/\",\"name\":\"Contact - \u017bagle 2026\",\"isPartOf\":{\"@id\":\"https:\/\/zagleszczecin.eu\/en\/#website\"},\"primaryImageOfPage\":{\"@id\":\"https:\/\/zagleszczecin.eu\/en\/contact\/#primaryimage\"},\"image\":{\"@id\":\"https:\/\/zagleszczecin.eu\/en\/contact\/#primaryimage\"},\"thumbnailUrl\":\"https:\/\/zagleszczecin.eu\/wp-content\/uploads\/2026\/02\/ZAGLE-26_logoB.png\",\"datePublished\":\"2025-04-24T12:07:08+00:00\",\"dateModified\":\"2026-02-11T09:18:03+00:00\",\"breadcrumb\":{\"@id\":\"https:\/\/zagleszczecin.eu\/en\/contact\/#breadcrumb\"},\"inLanguage\":\"en-US\",\"potentialAction\":[{\"@type\":\"ReadAction\",\"target\":[\"https:\/\/zagleszczecin.eu\/en\/contact\/\"]}]},{\"@type\":\"ImageObject\",\"inLanguage\":\"en-US\",\"@id\":\"https:\/\/zagleszczecin.eu\/en\/contact\/#primaryimage\",\"url\":\"https:\/\/zagleszczecin.eu\/wp-content\/uploads\/2026\/02\/ZAGLE-26_logoB.png\",\"contentUrl\":\"https:\/\/zagleszczecin.eu\/wp-content\/uploads\/2026\/02\/ZAGLE-26_logoB.png\"},{\"@type\":\"BreadcrumbList\",\"@id\":\"https:\/\/zagleszczecin.eu\/en\/contact\/#breadcrumb\",\"itemListElement\":[{\"@type\":\"ListItem\",\"position\":1,\"name\":\"Strona g\u0142\u00f3wna\",\"item\":\"https:\/\/zagleszczecin.eu\/en\/\"},{\"@type\":\"ListItem\",\"position\":2,\"name\":\"Contact\"}]},{\"@type\":\"WebSite\",\"@id\":\"https:\/\/zagleszczecin.eu\/en\/#website\",\"url\":\"https:\/\/zagleszczecin.eu\/en\/\",\"name\":\"\u017bagle 2026\",\"description\":\"Kurs na Szczecin\",\"potentialAction\":[{\"@type\":\"SearchAction\",\"target\":{\"@type\":\"EntryPoint\",\"urlTemplate\":\"https:\/\/zagleszczecin.eu\/en\/?s={search_term_string}\"},\"query-input\":{\"@type\":\"PropertyValueSpecification\",\"valueRequired\":true,\"valueName\":\"search_term_string\"}}],\"inLanguage\":\"en-US\"}]}<\/script>\n<!-- \/ Yoast SEO plugin. -->","yoast_head_json":{"title":"Contact - \u017bagle 2026","robots":{"index":"noindex","follow":"follow","max-snippet":"max-snippet:-1","max-image-preview":"max-image-preview:large","max-video-preview":"max-video-preview:-1"},"og_locale":"en_US","og_type":"article","og_title":"Contact - \u017bagle 2026","og_description":"\u017begluga Szczeci\u0144ska Turystyka Wydarzenia Contact details:tel. +48 91 35 16 200 Centrum \u017beglarskie Contact details:tel.: +48 91 460 08 44 Szczeci\u0144ska Agencja Artystyczna Contact detailstel.: +48 91 43 19 571","og_url":"https:\/\/zagleszczecin.eu\/en\/contact\/","og_site_name":"\u017bagle 2026","article_modified_time":"2026-02-11T09:18:03+00:00","og_image":[{"width":920,"height":224,"url":"https:\/\/zagleszczecin.eu\/wp-content\/uploads\/2026\/02\/ZAGLE-26_logoB.png","type":"image\/png"}],"twitter_card":"summary_large_image","twitter_misc":{"Est. reading time":"1 minute"},"schema":{"@context":"https:\/\/schema.org","@graph":[{"@type":"WebPage","@id":"https:\/\/zagleszczecin.eu\/en\/contact\/","url":"https:\/\/zagleszczecin.eu\/en\/contact\/","name":"Contact - \u017bagle 2026","isPartOf":{"@id":"https:\/\/zagleszczecin.eu\/en\/#website"},"primaryImageOfPage":{"@id":"https:\/\/zagleszczecin.eu\/en\/contact\/#primaryimage"},"image":{"@id":"https:\/\/zagleszczecin.eu\/en\/contact\/#primaryimage"},"thumbnailUrl":"https:\/\/zagleszczecin.eu\/wp-content\/uploads\/2026\/02\/ZAGLE-26_logoB.png","datePublished":"2025-04-24T12:07:08+00:00","dateModified":"2026-02-11T09:18:03+00:00","breadcrumb":{"@id":"https:\/\/zagleszczecin.eu\/en\/contact\/#breadcrumb"},"inLanguage":"en-US","potentialAction":[{"@type":"ReadAction","target":["https:\/\/zagleszczecin.eu\/en\/contact\/"]}]},{"@type":"ImageObject","inLanguage":"en-US","@id":"https:\/\/zagleszczecin.eu\/en\/contact\/#primaryimage","url":"https:\/\/zagleszczecin.eu\/wp-content\/uploads\/2026\/02\/ZAGLE-26_logoB.png","contentUrl":"https:\/\/zagleszczecin.eu\/wp-content\/uploads\/2026\/02\/ZAGLE-26_logoB.png"},{"@type":"BreadcrumbList","@id":"https:\/\/zagleszczecin.eu\/en\/contact\/#breadcrumb","itemListElement":[{"@type":"ListItem","position":1,"name":"Strona g\u0142\u00f3wna","item":"https:\/\/zagleszczecin.eu\/en\/"},{"@type":"ListItem","position":2,"name":"Contact"}]},{"@type":"WebSite","@id":"https:\/\/zagleszczecin.eu\/en\/#website","url":"https:\/\/zagleszczecin.eu\/en\/","name":"\u017bagle 2026","description":"Kurs na Szczecin","potentialAction":[{"@type":"SearchAction","target":{"@type":"EntryPoint","urlTemplate":"https:\/\/zagleszczecin.eu\/en\/?s={search_term_string}"},"query-input":{"@type":"PropertyValueSpecification","valueRequired":true,"valueName":"search_term_string"}}],"inLanguage":"en-US"}]}},"_links":{"self":[{"href":"https:\/\/zagleszczecin.eu\/en\/wp-json\/wp\/v2\/pages\/3372","targetHints":{"allow":["GET"]}}],"collection":[{"href":"https:\/\/zagleszczecin.eu\/en\/wp-json\/wp\/v2\/pages"}],"about":[{"href":"https:\/\/zagleszczecin.eu\/en\/wp-json\/wp\/v2\/types\/page"}],"author":[{"embeddable":true,"href":"https:\/\/zagleszczecin.eu\/en\/wp-json\/wp\/v2\/users\/1"}],"replies":[{"embeddable":true,"href":"https:\/\/zagleszczecin.eu\/en\/wp-json\/wp\/v2\/comments?post=3372"}],"version-history":[{"count":2,"href":"https:\/\/zagleszczecin.eu\/en\/wp-json\/wp\/v2\/pages\/3372\/revisions"}],"predecessor-version":[{"id":5896,"href":"https:\/\/zagleszczecin.eu\/en\/wp-json\/wp\/v2\/pages\/3372\/revisions\/5896"}],"wp:attachment":[{"href":"https:\/\/zagleszczecin.eu\/en\/wp-json\/wp\/v2\/media?parent=3372"}],"curies":[{"name":"wp","href":"https:\/\/api.w.org\/{rel}","templated":true}]}}