{"id":3062,"date":"2025-04-24T16:16:24","date_gmt":"2025-04-24T14:16:24","guid":{"rendered":"https:\/\/zagleszczecin.eu\/historia\/"},"modified":"2026-04-03T10:25:30","modified_gmt":"2026-04-03T08:25:30","slug":"history","status":"publish","type":"page","link":"https:\/\/zagleszczecin.eu\/en\/history\/","title":{"rendered":"History"},"content":{"rendered":"\n<div class=\"wp-block-my-custom-container moai-wrapper mbhc mbvc mbcv  whiteback\" style=\"background-image:url(https:\/\/zagleszczecin.eu\/wp-content\/uploads\/2025\/04\/historia.jpg)\" id=\"pageheader\">\n<div class=\"wp-block-columns is-layout-flex wp-container-core-columns-is-layout-9d6595d7 wp-block-columns-is-layout-flex\">\n<div class=\"wp-block-column is-layout-flow wp-block-column-is-layout-flow\">\n<h1 class=\"wp-block-heading has-text-align-center\">Our history<\/h1>\n\n\n<div class=\"wp-block-image\">\n<figure class=\"aligncenter size-full is-resized\"><img loading=\"lazy\" decoding=\"async\" width=\"924\" height=\"225\" src=\"https:\/\/zagleszczecin.eu\/wp-content\/uploads\/2026\/02\/ZAGLE-26_logoK.png\" alt=\"\" class=\"wp-image-5881\" style=\"width:350px\" srcset=\"https:\/\/zagleszczecin.eu\/wp-content\/uploads\/2026\/02\/ZAGLE-26_logoK.png 924w, https:\/\/zagleszczecin.eu\/wp-content\/uploads\/2026\/02\/ZAGLE-26_logoK-300x73.png 300w, https:\/\/zagleszczecin.eu\/wp-content\/uploads\/2026\/02\/ZAGLE-26_logoK-768x187.png 768w, https:\/\/zagleszczecin.eu\/wp-content\/uploads\/2026\/02\/ZAGLE-26_logoK-40x10.png 40w, https:\/\/zagleszczecin.eu\/wp-content\/uploads\/2026\/02\/ZAGLE-26_logoK-600x146.png 600w, https:\/\/zagleszczecin.eu\/wp-content\/uploads\/2026\/02\/ZAGLE-26_logoK-230x56.png 230w, https:\/\/zagleszczecin.eu\/wp-content\/uploads\/2026\/02\/ZAGLE-26_logoK-40x10@2x.png 80w, https:\/\/zagleszczecin.eu\/wp-content\/uploads\/2026\/02\/ZAGLE-26_logoK-230x56@2x.png 460w\" sizes=\"auto, (max-width: 924px) 100vw, 924px\"><\/figure><\/div>\n\n\n<p class=\"has-text-align-center\">has been sailing for more than 70 years<br>The largest sailing family event in Poland <br>make sure you\u2019re part of it!<\/p>\n<\/div>\n<\/div>\n<\/div>\n\n\n<div id=\"\nmoai-block_938a9a2c7bc36eaaffc9c20a673c7895\" class=\"  histwrapper \">\n    <div class=\"historiawrap\">\n\n                        <div class=\"hist\">\n\n                    <div class=\"histdata anim aright\">\n                        22 \u2013 25.07.2028                    <\/div>\n                    <div class=\"histcont\">\n                        <div class=\"histopis anim aleft\">\n                            <h3>The Tall Ships Races Szczecin 2028<\/h3>\n                                                    <\/div>\n                        <div class=\"histzdjecie anim aright\">\n                                                    <\/div>\n                    <\/div>\n                <\/div>\n                        <div class=\"hist\">\n\n                    <div class=\"histdata anim aleft\">\n                        13\u201315 August 2027                    <\/div>\n                    <div class=\"histcont\">\n                        <div class=\"histopis anim aright\">\n                            <h3>Sail 2027<\/h3>\n                                                    <\/div>\n                        <div class=\"histzdjecie anim aleft\">\n                                                    <\/div>\n                    <\/div>\n                <\/div>\n                        <div class=\"hist\">\n\n                    <div class=\"histdata anim aright\">\n                        14\u201316 August 2026                    <\/div>\n                    <div class=\"histcont\">\n                        <div class=\"histopis anim aleft\">\n                            <h3>Sail 2026<\/h3>\n                                                    <\/div>\n                        <div class=\"histzdjecie anim aright\">\n                                                    <\/div>\n                    <\/div>\n                <\/div>\n                        <div class=\"hist\">\n\n                    <div class=\"histdata anim aleft\">\n                        15\u201317 August 2025                    <\/div>\n                    <div class=\"histcont\">\n                        <div class=\"histopis anim aright\">\n                            <h3>Sails 2025<\/h3>\n                                                    <\/div>\n                        <div class=\"histzdjecie anim aleft\">\n                            <img decoding=\"async\" src=\"https:\/\/zagleszczecin.eu\/wp-content\/uploads\/2025\/08\/Zagle-2025-Podsumowanie-4-1300x753.jpg\" alt=\"slide\" loading=\"lazy\">                        <\/div>\n                    <\/div>\n                <\/div>\n                        <div class=\"hist\">\n\n                    <div class=\"histdata anim aright\">\n                        2\u20135 August 2024                    <\/div>\n                    <div class=\"histcont\">\n                        <div class=\"histopis anim aleft\">\n                            <h3>The Fourth Final of The Tall Ships Races<\/h3>\n                            The world\u2019s largest sailing ships returned to\u00a0Szczecin. After seven years, Wa\u0142y Chrobrego and \u0141asztownia were once again filled with a\u00a0sea of masts from across the globe. The vessels, participating in\u00a0the regatta along the route Klaip\u0117da \u2013 Tallinn \u2013 Helsinki \u2013 Turku \u2013 Mariehamn \u2013 Szczecin, celebrated the end of the race in\u00a0the capital of West Pomerania. Nearly 65 ships from 15 countries moored at\u00a0Szczecin\u2019s quays. The Ecuadorian tall ship Guayas was hosted in\u00a0this part of Europe for the very first time.                        <\/div>\n                        <div class=\"histzdjecie anim aright\">\n                            <img decoding=\"async\" src=\"https:\/\/zagleszczecin.eu\/wp-content\/uploads\/2025\/06\/485372003-1300x934.jpg\" alt=\"slide\" loading=\"lazy\">                        <\/div>\n                    <\/div>\n                <\/div>\n                        <div class=\"hist\">\n\n                    <div class=\"histdata anim aleft\">\n                        8\u201320 August 2023                    <\/div>\n                    <div class=\"histcont\">\n                        <div class=\"histopis anim aright\">\n                            <h3>Sails 2023<\/h3>\n                                                    <\/div>\n                        <div class=\"histzdjecie anim aleft\">\n                            <img decoding=\"async\" src=\"https:\/\/zagleszczecin.eu\/wp-content\/uploads\/2025\/05\/3-1300x868.jpg\" alt=\"slide\" loading=\"lazy\">                        <\/div>\n                    <\/div>\n                <\/div>\n                        <div class=\"hist\">\n\n                    <div class=\"histdata anim aright\">\n                        19\u201321 August 2022                    <\/div>\n                    <div class=\"histcont\">\n                        <div class=\"histopis anim aleft\">\n                            <h3>Sails 2022<\/h3>\n                                                    <\/div>\n                        <div class=\"histzdjecie anim aright\">\n                            <img decoding=\"async\" src=\"https:\/\/zagleszczecin.eu\/wp-content\/uploads\/2025\/05\/485754067_680789171183104_8825676795672589765_n-1300x866.jpg\" alt=\"slide\" loading=\"lazy\">                        <\/div>\n                    <\/div>\n                <\/div>\n                        <div class=\"hist\">\n\n                    <div class=\"histdata anim aleft\">\n                        30 July \u2013 1 August 2021                    <\/div>\n                    <div class=\"histcont\">\n                        <div class=\"histopis anim aright\">\n                            <h3>Sails 2021<\/h3>\n                            In\u00a02021, Szczecin was scheduled to\u00a0host the Tall Ships Races for the fourth time. However, due to\u00a0the pandemic, the event could not take place. As\u00a0a\u00a0result, a\u00a0new format was launched \u2013 Sails 2021. Held in\u00a0the summer holiday period, the event attracted tens of thousands of Szczecin residents and their guests. Alongside other ports, Szczecin organised the Baltic Regatta, with 19 vessels competing along the Klaip\u0117da \u2013 Tallinn \u2013 Szczecin route. Sails 2021 featured various activity zones for children and families, festivals, concerts, and social events. Both the right and left banks of the river were filled with permanent attractions and engaging experiences for all.                        <\/div>\n                        <div class=\"histzdjecie anim aleft\">\n                            <img decoding=\"async\" src=\"https:\/\/zagleszczecin.eu\/wp-content\/uploads\/2025\/06\/WIDOKI-DZIE-1300x1078.jpg\" alt=\"slide\" loading=\"lazy\">                        <\/div>\n                    <\/div>\n                <\/div>\n                        <div class=\"hist\">\n\n                    <div class=\"histdata anim aright\">\n                        14\u201316 June 2019                    <\/div>\n                    <div class=\"histcont\">\n                        <div class=\"histopis anim aleft\">\n                            <h3>Maritime Days 2019<\/h3>\n                                                    <\/div>\n                        <div class=\"histzdjecie anim aright\">\n                            <img decoding=\"async\" src=\"https:\/\/zagleszczecin.eu\/wp-content\/uploads\/2025\/05\/Dni-Morza-2019-1300x867.jpg\" alt=\"slide\" loading=\"lazy\">                        <\/div>\n                    <\/div>\n                <\/div>\n                        <div class=\"hist\">\n\n                    <div class=\"histdata anim aleft\">\n                        8\u201310 June 2018                    <\/div>\n                    <div class=\"histcont\">\n                        <div class=\"histopis anim aright\">\n                            <h3>Maritime Days 2018<\/h3>\n                            In\u00a0addition to\u00a0the opportunity to\u00a0enjoy beautiful tall ships and oldtimers, Days of the Sea offered a\u00a0wealth of concerts and side events for both children and adults. Each year, the vessels moored at\u00a0the Chrobry Embankment were accompanied by\u00a0music, sports events, and animation zones for the youngest guests.                        <\/div>\n                        <div class=\"histzdjecie anim aleft\">\n                            <img decoding=\"async\" src=\"https:\/\/zagleszczecin.eu\/wp-content\/uploads\/2025\/05\/Dni-Morza-2018-Piatek-3-1300x863.jpg\" alt=\"slide\" loading=\"lazy\">                        <\/div>\n                    <\/div>\n                <\/div>\n                        <div class=\"hist\">\n\n                    <div class=\"histdata anim aright\">\n                        4\u20138 August 2017                    <\/div>\n                    <div class=\"histcont\">\n                        <div class=\"histopis anim aleft\">\n                            <h3>The Third Final of The Tall Ships Races<\/h3>\n                            In\u00a02017, Szczecin hosted another major celebration, welcoming approximately 7,000 sailors from 18 countries, including Oman, Brazil, Germany, the Netherlands, the Czech Republic, Portugal, and the United Kingdom. After an intense regatta along the Halmstad \u2013 Kotka \u2013 Turku \u2013 Klaip\u0117da route, 91 ships arrived in\u00a0Szczecin.                        <\/div>\n                        <div class=\"histzdjecie anim aright\">\n                            <img decoding=\"async\" src=\"https:\/\/zagleszczecin.eu\/wp-content\/uploads\/2025\/05\/2X6A7684.jpg\" alt=\"slide\" loading=\"lazy\">                        <\/div>\n                    <\/div>\n                <\/div>\n                        <div class=\"hist\">\n\n                    <div class=\"histdata anim aleft\">\n                        3\u20136 August 2013                    <\/div>\n                    <div class=\"histcont\">\n                        <div class=\"histopis anim aright\">\n                            <h3>The Second Final of The Tall Ships Races<\/h3>\n                            After six years, the sailing ships returned to\u00a0Szczecin, and the regatta final repeated its success. In\u00a02013, the city was once again the most eagerly awaited final port for young sailors, after the race and friendly leg along the Aarhus \u2013 Helsinki \u2013 Riga \u2013 Szczecin route. More than 100 vessels arrived at\u00a0the Chrobry Embankment and \u0141asztownia.                        <\/div>\n                        <div class=\"histzdjecie anim aleft\">\n                            <img decoding=\"async\" src=\"https:\/\/zagleszczecin.eu\/wp-content\/uploads\/2025\/05\/Panorama-Szczecina-Waly-Chrobrego-Lasztownia-Tall-Ship-Races-AS-14.jpg\" alt=\"slide\" loading=\"lazy\">                        <\/div>\n                    <\/div>\n                <\/div>\n                        <div class=\"hist\">\n\n                    <div class=\"histdata anim aright\">\n                        4\u20137 August 2007                    <\/div>\n                    <div class=\"histcont\">\n                        <div class=\"histopis anim aleft\">\n                            <h3>The First Final of The Tall Ships Races<\/h3>\n                            In\u00a02007, Szczecin hosted the Tall Ships Races final for the first time. Already renowned for its excellent maritime events such as\u00a0Maritime Days and the Oldtimers Rally, the city joined the prestigious list of TSR host ports. After years of preparation, Szczecin welcomed tall ships and their crews to\u00a0the final leg of the series, along the route Aarhus \u2013 Kotka \u2013 Stockholm \u2013 Szczecin. Ninety ships moored at\u00a0Wa\u0142y Chrobrego and \u0141asztownia, and nearly two million tourists and residents visited the city to\u00a0admire the majestic sailing ships.                        <\/div>\n                        <div class=\"histzdjecie anim aright\">\n                            <img decoding=\"async\" src=\"https:\/\/zagleszczecin.eu\/wp-content\/uploads\/2025\/06\/REGATY-WIDOKI-1300x998.jpg\" alt=\"slide\" loading=\"lazy\">                        <\/div>\n                    <\/div>\n                <\/div>\n                        <div class=\"hist\">\n\n                    <div class=\"histdata anim aleft\">\n                        23\u201329 June 1947                    <\/div>\n                    <div class=\"histcont\">\n                        <div class=\"histopis anim aright\">\n                            <h3>The First Maritime Days in\u00a0Szczecin<\/h3>\n                            Tradycja Dni Morza si\u0119ga 1947 roku. Do\u00a0hucznych obchod\u00f3w tego wydarzenia powr\u00f3cono w\u00a0latach 60. XX wieku. Przez\u00a0kolejne dekady imprezy zyskiwa\u0142y rozmach i\u00a0zasi\u0119g. Parady jednostek p\u0142ywaj\u0105cych, prezentacje okr\u0119t\u00f3w wojskowych, zlot oldtimer\u00f3w, wyst\u0119py artystyczne, pokazy sztucznych ogni towarzyszy\u0142y \u015bwi\u0119cie, kt\u00f3re na\u00a0dobre wpisa\u0142o si\u0119 w\u00a0kalendarz morskich imprez.                        <\/div>\n                        <div class=\"histzdjecie anim aleft\">\n                                                    <\/div>\n                    <\/div>\n                <\/div>\n        \n    <\/div>\n<\/div>","protected":false},"excerpt":{"rendered":"","protected":false},"author":1,"featured_media":0,"parent":0,"menu_order":14,"comment_status":"closed","ping_status":"closed","template":"","meta":{"_acf_changed":false,"inline_featured_image":false,"footnotes":"","_links_to":"","_links_to_target":""},"class_list":["post-3062","page","type-page","status-publish","hentry"],"acf":[],"yoast_head":"<!-- This site is optimized with the Yoast SEO plugin v25.1 - https:\/\/yoast.com\/wordpress\/plugins\/seo\/ -->\n<title>History - \u017bagle 2026<\/title>\n<meta name=\"robots\" content=\"noindex, follow, max-snippet:-1, max-image-preview:large, max-video-preview:-1\" \/>\n<meta property=\"og:locale\" content=\"en_US\" \/>\n<meta property=\"og:type\" content=\"article\" \/>\n<meta property=\"og:title\" content=\"History - \u017bagle 2026\" \/>\n<meta property=\"og:url\" content=\"https:\/\/zagleszczecin.eu\/en\/history\/\" \/>\n<meta property=\"og:site_name\" content=\"\u017bagle 2026\" \/>\n<meta property=\"article:modified_time\" content=\"2026-04-03T08:25:30+00:00\" \/>\n<meta property=\"og:image\" content=\"https:\/\/zagleszczecin.eu\/wp-content\/uploads\/2026\/02\/ZAGLE-26_logoK.png\" \/>\n\t<meta property=\"og:image:width\" content=\"924\" \/>\n\t<meta property=\"og:image:height\" content=\"225\" \/>\n\t<meta property=\"og:image:type\" content=\"image\/png\" \/>\n<meta name=\"twitter:card\" content=\"summary_large_image\" \/>\n<meta name=\"twitter:label1\" content=\"Est. reading time\" \/>\n\t<meta name=\"twitter:data1\" content=\"1 minute\" \/>\n<script type=\"application\/ld+json\" class=\"yoast-schema-graph\">{\"@context\":\"https:\/\/schema.org\",\"@graph\":[{\"@type\":\"WebPage\",\"@id\":\"https:\/\/zagleszczecin.eu\/en\/history\/\",\"url\":\"https:\/\/zagleszczecin.eu\/en\/history\/\",\"name\":\"History - \u017bagle 2026\",\"isPartOf\":{\"@id\":\"https:\/\/zagleszczecin.eu\/en\/#website\"},\"primaryImageOfPage\":{\"@id\":\"https:\/\/zagleszczecin.eu\/en\/history\/#primaryimage\"},\"image\":{\"@id\":\"https:\/\/zagleszczecin.eu\/en\/history\/#primaryimage\"},\"thumbnailUrl\":\"https:\/\/zagleszczecin.eu\/wp-content\/uploads\/2026\/02\/ZAGLE-26_logoK.png\",\"datePublished\":\"2025-04-24T14:16:24+00:00\",\"dateModified\":\"2026-04-03T08:25:30+00:00\",\"breadcrumb\":{\"@id\":\"https:\/\/zagleszczecin.eu\/en\/history\/#breadcrumb\"},\"inLanguage\":\"en-US\",\"potentialAction\":[{\"@type\":\"ReadAction\",\"target\":[\"https:\/\/zagleszczecin.eu\/en\/history\/\"]}]},{\"@type\":\"ImageObject\",\"inLanguage\":\"en-US\",\"@id\":\"https:\/\/zagleszczecin.eu\/en\/history\/#primaryimage\",\"url\":\"https:\/\/zagleszczecin.eu\/wp-content\/uploads\/2026\/02\/ZAGLE-26_logoK.png\",\"contentUrl\":\"https:\/\/zagleszczecin.eu\/wp-content\/uploads\/2026\/02\/ZAGLE-26_logoK.png\"},{\"@type\":\"BreadcrumbList\",\"@id\":\"https:\/\/zagleszczecin.eu\/en\/history\/#breadcrumb\",\"itemListElement\":[{\"@type\":\"ListItem\",\"position\":1,\"name\":\"Strona g\u0142\u00f3wna\",\"item\":\"https:\/\/zagleszczecin.eu\/en\/\"},{\"@type\":\"ListItem\",\"position\":2,\"name\":\"History\"}]},{\"@type\":\"WebSite\",\"@id\":\"https:\/\/zagleszczecin.eu\/en\/#website\",\"url\":\"https:\/\/zagleszczecin.eu\/en\/\",\"name\":\"\u017bagle 2026\",\"description\":\"Kurs na Szczecin\",\"potentialAction\":[{\"@type\":\"SearchAction\",\"target\":{\"@type\":\"EntryPoint\",\"urlTemplate\":\"https:\/\/zagleszczecin.eu\/en\/?s={search_term_string}\"},\"query-input\":{\"@type\":\"PropertyValueSpecification\",\"valueRequired\":true,\"valueName\":\"search_term_string\"}}],\"inLanguage\":\"en-US\"}]}<\/script>\n<!-- \/ Yoast SEO plugin. -->","yoast_head_json":{"title":"History - \u017bagle 2026","robots":{"index":"noindex","follow":"follow","max-snippet":"max-snippet:-1","max-image-preview":"max-image-preview:large","max-video-preview":"max-video-preview:-1"},"og_locale":"en_US","og_type":"article","og_title":"History - \u017bagle 2026","og_url":"https:\/\/zagleszczecin.eu\/en\/history\/","og_site_name":"\u017bagle 2026","article_modified_time":"2026-04-03T08:25:30+00:00","og_image":[{"width":924,"height":225,"url":"https:\/\/zagleszczecin.eu\/wp-content\/uploads\/2026\/02\/ZAGLE-26_logoK.png","type":"image\/png"}],"twitter_card":"summary_large_image","twitter_misc":{"Est. reading time":"1 minute"},"schema":{"@context":"https:\/\/schema.org","@graph":[{"@type":"WebPage","@id":"https:\/\/zagleszczecin.eu\/en\/history\/","url":"https:\/\/zagleszczecin.eu\/en\/history\/","name":"History - \u017bagle 2026","isPartOf":{"@id":"https:\/\/zagleszczecin.eu\/en\/#website"},"primaryImageOfPage":{"@id":"https:\/\/zagleszczecin.eu\/en\/history\/#primaryimage"},"image":{"@id":"https:\/\/zagleszczecin.eu\/en\/history\/#primaryimage"},"thumbnailUrl":"https:\/\/zagleszczecin.eu\/wp-content\/uploads\/2026\/02\/ZAGLE-26_logoK.png","datePublished":"2025-04-24T14:16:24+00:00","dateModified":"2026-04-03T08:25:30+00:00","breadcrumb":{"@id":"https:\/\/zagleszczecin.eu\/en\/history\/#breadcrumb"},"inLanguage":"en-US","potentialAction":[{"@type":"ReadAction","target":["https:\/\/zagleszczecin.eu\/en\/history\/"]}]},{"@type":"ImageObject","inLanguage":"en-US","@id":"https:\/\/zagleszczecin.eu\/en\/history\/#primaryimage","url":"https:\/\/zagleszczecin.eu\/wp-content\/uploads\/2026\/02\/ZAGLE-26_logoK.png","contentUrl":"https:\/\/zagleszczecin.eu\/wp-content\/uploads\/2026\/02\/ZAGLE-26_logoK.png"},{"@type":"BreadcrumbList","@id":"https:\/\/zagleszczecin.eu\/en\/history\/#breadcrumb","itemListElement":[{"@type":"ListItem","position":1,"name":"Strona g\u0142\u00f3wna","item":"https:\/\/zagleszczecin.eu\/en\/"},{"@type":"ListItem","position":2,"name":"History"}]},{"@type":"WebSite","@id":"https:\/\/zagleszczecin.eu\/en\/#website","url":"https:\/\/zagleszczecin.eu\/en\/","name":"\u017bagle 2026","description":"Kurs na Szczecin","potentialAction":[{"@type":"SearchAction","target":{"@type":"EntryPoint","urlTemplate":"https:\/\/zagleszczecin.eu\/en\/?s={search_term_string}"},"query-input":{"@type":"PropertyValueSpecification","valueRequired":true,"valueName":"search_term_string"}}],"inLanguage":"en-US"}]}},"_links":{"self":[{"href":"https:\/\/zagleszczecin.eu\/en\/wp-json\/wp\/v2\/pages\/3062","targetHints":{"allow":["GET"]}}],"collection":[{"href":"https:\/\/zagleszczecin.eu\/en\/wp-json\/wp\/v2\/pages"}],"about":[{"href":"https:\/\/zagleszczecin.eu\/en\/wp-json\/wp\/v2\/types\/page"}],"author":[{"embeddable":true,"href":"https:\/\/zagleszczecin.eu\/en\/wp-json\/wp\/v2\/users\/1"}],"replies":[{"embeddable":true,"href":"https:\/\/zagleszczecin.eu\/en\/wp-json\/wp\/v2\/comments?post=3062"}],"version-history":[{"count":4,"href":"https:\/\/zagleszczecin.eu\/en\/wp-json\/wp\/v2\/pages\/3062\/revisions"}],"predecessor-version":[{"id":5940,"href":"https:\/\/zagleszczecin.eu\/en\/wp-json\/wp\/v2\/pages\/3062\/revisions\/5940"}],"wp:attachment":[{"href":"https:\/\/zagleszczecin.eu\/en\/wp-json\/wp\/v2\/media?parent=3062"}],"curies":[{"name":"wp","href":"https:\/\/api.w.org\/{rel}","templated":true}]}}