{"id":4519,"date":"2025-04-22T14:27:46","date_gmt":"2025-04-22T12:27:46","guid":{"rendered":"https:\/\/zagleszczecin.eu\/ueber-zagle\/przepustki\/"},"modified":"2025-07-28T20:27:09","modified_gmt":"2025-07-28T18:27:09","slug":"przepustki","status":"publish","type":"page","link":"https:\/\/zagleszczecin.eu\/de\/ueber-zagle\/przepustki\/","title":{"rendered":"Zufahrtsausweise"},"content":{"rendered":"\n<div style=\"height:100px\" aria-hidden=\"true\" class=\"wp-block-spacer is-style-m-spacerhead\"><\/div>\n\n\n\n<h1 class=\"wp-block-heading has-text-align-center\"><strong>Zufahrtsausweise<\/strong><\/h1>\n\n\n\n<div class=\"wp-block-columns is-layout-flex wp-container-core-columns-is-layout-9d6595d7 wp-block-columns-is-layout-flex\">\n<div class=\"wp-block-column is-layout-flow wp-block-column-is-layout-flow\">\n<p class=\"has-text-align-center\">Die gr\u00f6\u00dften Veranstaltungen in unserer Stadt gehen immer mit \u00c4nderungen in der Verkehrsf\u00fchrung und im \u00f6ffentlichen Nahverkehr einher. Einige Stra\u00dfen werden gesperrt, und zus\u00e4tzliche Busse und Stra\u00dfenbahnen werden eingesetzt. All das dient dazu, den Bewohner*innen eine bequeme Anreise zum Veranstaltungsgel\u00e4nde und eine reibungslose Heimfahrt zu erm\u00f6glichen.<\/p>\n<\/div>\n<\/div>\n\n\n\n<div class=\"wp-block-columns is-layout-flex wp-container-core-columns-is-layout-9d6595d7 wp-block-columns-is-layout-flex\">\n<div class=\"wp-block-column is-layout-flow wp-block-column-is-layout-flow\" style=\"line-height:1.5\">\n<p>Bewohner*innen der von den Verkehrsanpassungen betroffenen Stra\u00dfen k\u00f6nnen ihre Wohnungen mit einer <strong>Zufahrtsberechtigung<\/strong> erreichen.<\/p>\n\n\n\n<p>Die Berechtigungen sind <strong>ausschlie\u00dflich vom 5. bis 17. August<\/strong> im <strong>Ausgabeb\u00fcro f\u00fcr Zufahrtskarten<\/strong>, <strong>ul. Jana z Kolna 6<\/strong> (ehemaliger Seebahnhof), erh\u00e4ltlich.<\/p>\n\n\n\n<p><strong>Ausgabezeiten der Berechtigungen<\/strong>: 8:00\u201318:00 Uhr<\/p>\n\n\n\n<h4 class=\"wp-block-heading\">Die Zufahrtsberechtigungen gelten f\u00fcr <strong>drei festgelegte Zonen<\/strong>:<\/h4>\n\n\n\n<div class=\"wp-block-columns is-layout-flex wp-container-core-columns-is-layout-9d6595d7 wp-block-columns-is-layout-flex\">\n<div class=\"wp-block-column is-layout-flow wp-block-column-is-layout-flow\" style=\"padding-top:0;padding-right:0;padding-bottom:0;padding-left:0\">\n<div class=\"wp-block-my-custom-container moai-wrapper mbhc mbvc mbcv  mbpl mbpr mbpt mbpb bradius has-white-color has-text-color has-background has-link-color wp-elements-db6b96ec8de0ae63e3084035fd267e93\" style=\"background-color:#ed1c24\">\n<p><strong>Rote Zone<\/strong> \u2013 die Zufahrt ist <strong>ausschlie\u00dflich<\/strong> f\u00fcr Fahrzeuge der Veranstalter, autorisierte Dienste sowie <strong>Firmen mit Sitz in der roten Zone<\/strong> erlaubt.<br>F\u00fcr jede in dieser Zone ausgestellte Zufahrtsberechtigung wird eine <strong>Kaution<\/strong> gem\u00e4\u00df der geltenden Ordnung erhoben.<\/p>\n<\/div>\n<\/div>\n<\/div>\n<\/div>\n\n\n\n<div class=\"wp-block-column is-vertically-aligned-top is-layout-flow wp-block-column-is-layout-flow\" style=\"padding-right:0;padding-bottom:var(--wp--preset--spacing--80);padding-left:0\"><div class=\"mapaimprezywrap\">\r\n    \r\n        <img decoding=\"async\" src=\"https:\/\/zagleszczecin.eu\/wp-content\/uploads\/2025\/07\/MAPKA-z-przepustki-highres-980x1021.jpg\" alt=\"Zufahrtsausweise\" loading=\"lazy\" class=\"mapaimprezy\">\r\n\r\n        <div class=\"mapaimprezycont\">\r\n        <a href=\"https:\/\/zagleszczecin.eu\/wp-content\/uploads\/2025\/07\/MAPKA-z-przepustki.pdf\" class=\"mapadl\" download target=\"_blank\"><\/a>\r\n        <a href=\"https:\/\/zagleszczecin.eu\/wp-content\/uploads\/2025\/07\/MAPKA-z-przepustki.pdf\" class=\"mapazoom\" target=\"_blank\"><\/a>\r\n    <\/div>\r\n<\/div><\/div>\n<\/div>\n\n\n\n<div class=\"wp-block-columns is-layout-flex wp-container-core-columns-is-layout-9d6595d7 wp-block-columns-is-layout-flex\">\n<div class=\"wp-block-column is-layout-flow wp-block-column-is-layout-flow\" style=\"padding-top:0;padding-bottom:0\">\n<div class=\"wp-block-my-custom-container moai-wrapper mbhc mbvc mbcv  mbpl mbpr mbpt mbpb bradius has-white-color has-blue-background-color has-text-color has-background has-link-color wp-elements-e4968296b33e3590f5eb80dbc784fbdc\">\n<p><strong>Blaue Zone<\/strong> \u2013 die Zufahrt mit Parkm\u00f6glichkeit erhalten <strong>nur Anwohner<em>innen sowie Mitarbeiter<\/em>innen von Unternehmen und Einrichtungen<\/strong> in folgenden Stra\u00dfen:<br>Ma\u0142opolska, Henryka Pobo\u017cnego, Zygmunta Starego, Szczerbcowa, Wawelska, Kapita\u0144ska, Storrady sowie Zbo\u017cowa (bis zur Kreuzung mit Spichrzowa),<br>sowie <strong>Inhaber*innen einer roten Zufahrtsberechtigung<\/strong>.<\/p>\n<\/div>\n\n\n\n<div style=\"height:100px\" aria-hidden=\"true\" class=\"wp-block-spacer is-style-m-spacerhalf\"><\/div>\n\n\n\n<div class=\"wp-block-my-custom-container moai-wrapper mbhc mbvc mbcv  mbpl mbpr mbpt mbpb bradius has-white-color has-vivid-green-cyan-background-color has-text-color has-background has-link-color wp-elements-f006afb0d5e7d2f6aaa8a4413d33fc04\">\n<p><strong>Gr\u00fcne Zone<\/strong> \u2013 die Zufahrt mit Parkm\u00f6glichkeit ist f\u00fcr <strong>Aussteller*innen<\/strong> vorgesehen, die in folgenden Stra\u00dfen t\u00e4tig sind: Komandorska und Admiralska.<\/p>\n<\/div>\n<\/div>\n\n\n\n<div class=\"wp-block-column is-layout-flow wp-block-column-is-layout-flow\"><\/div>\n<\/div>\n\n\n\n<div style=\"height:100px\" aria-hidden=\"true\" class=\"wp-block-spacer is-style-m-spacerfull\"><\/div>\n\n\n\n<div class=\"wp-block-my-custom-container moai-wrapper mbhc mbvc mbcv  mbpt has-background\" style=\"background-color:#eaedf4\">\n<div class=\"wp-block-columns is-layout-flex wp-container-core-columns-is-layout-9d6595d7 wp-block-columns-is-layout-flex\">\n<div class=\"wp-block-column dwiekolumny is-layout-flow wp-block-column-is-layout-flow\">\n<p><strong>Zasady przyznawania przepustek:<\/strong><\/p>\n\n\n\n<ol class=\"wp-block-list\">\n<li>Bewohner*innen der oben genannten Stra\u00dfen erhalten <strong>eine Zufahrtsberechtigung pro Wohneinheit<\/strong>. Um eine Berechtigung zu erhalten, muss im Ausgabeb\u00fcro ein <strong>Nachweis des Wohnsitzes<\/strong> vorgelegt werden:<br>z.\u202fB. eine <strong>bezahlte Rechnung<\/strong> mit Adressangabe oder eine <strong>Meldebescheinigung<\/strong>.<\/li>\n\n\n\n<li>Unternehmen und Institutionen in den genannten Stra\u00dfen erhalten <strong>zwei Zufahrtsausweise pro Firma<\/strong>.<\/li>\n\n\n\n<li>Firmen mit <strong>eigenen Parkpl\u00e4tzen<\/strong> erhalten so viele Zufahrtsausweise, wie Parkpl\u00e4tze zur Verf\u00fcgung stehen.<\/li>\n\n\n\n<li>F\u00fcr die <strong>rote Zone<\/strong> wird f\u00fcr folgende Gruppen eine <strong>Kaution<\/strong> erhoben:<br><strong>Veranstalter<\/strong>, <strong>Aussteller des Jarmarku pod \u017baglami<\/strong>, <strong>Betriebe im gesperrten Bereich<\/strong> und <strong>Dienstleister der Veranstalter<\/strong>.<\/li>\n\n\n\n<li>Die Zufahrtsberechtigung muss bei jeder Einfahrt <strong>am Kontrollpunkt vorgezeigt<\/strong> und <strong>sichtbar im Fahrzeug<\/strong> ausgelegt werden, mit der Seite nach oben, auf der die Daten stehen.<\/li>\n\n\n\n<li>Eine g\u00fcltige Berechtigung muss <strong>vollst\u00e4ndig ausgef\u00fcllt sein<\/strong>, einschlie\u00dflich <strong>Kennzeichen<\/strong>, <strong>Kontakttelefonnummer<\/strong> und <strong>Firmenname<\/strong>.<\/li>\n\n\n\n<li>Die Berechtigung gilt f\u00fcr <strong>ein Fahrzeug<\/strong>, dessen <strong>amtliches Kennzeichen<\/strong> auf dem Ausweis angegeben ist.<\/li>\n<\/ol>\n\n\n\n<p><strong>Bei Fragen oder Unklarheiten steht eine spezielle E-Mail-Adresse und Telefonnummer zur Verf\u00fcgung: <a href=\"mailto:przepustki@zstw.szczecin.pl\">przepustki@zstw.szczecin.pl<\/a>; tel. <a href=\"tel:451005918\">451 005 918<\/a>.<\/strong><\/p>\n<\/div>\n<\/div>\n\n\n\n<div style=\"height:100px\" aria-hidden=\"true\" class=\"wp-block-spacer is-style-m-spacerhalf\"><\/div>\n\n\n\n<div class=\"wp-block-columns is-layout-flex wp-container-core-columns-is-layout-9d6595d7 wp-block-columns-is-layout-flex\">\n<div class=\"wp-block-column is-layout-flow wp-block-column-is-layout-flow\">\n<div class=\"wp-block-my-custom-container moai-wrapper mbhc mbvc mbcv  mbpl mbpr mbpt mbpb bradius has-white-color has-text-color has-background has-link-color wp-elements-391b5d1e2127db617fc6725476bdaad8\" style=\"background-color:#ed1c24\">\n<p>Im Bereich der <strong>roten Zone<\/strong> ist das Parken <strong>nur an ausgewiesenen Stellen<\/strong> und <strong>nur mit spezieller Zufahrtsberechtigung<\/strong> erlaubt.<br>Fahrzeuge <strong>ohne g\u00fcltige Berechtigung<\/strong>, die in gesperrten Bereichen abgestellt werden, <strong>werden auf Kosten des Fahrzeughalters abgeschleppt<\/strong>.<\/p>\n<\/div>\n<\/div>\n<\/div>\n\n\n\n<div style=\"height:100px\" aria-hidden=\"true\" class=\"wp-block-spacer is-style-m-spacerfull\"><\/div>\n<\/div>\n","protected":false},"excerpt":{"rendered":"<p>Zufahrtsausweise Die gr\u00f6\u00dften Veranstaltungen in unserer Stadt gehen immer mit \u00c4nderungen in der Verkehrsf\u00fchrung und im \u00f6ffentlichen Nahverkehr einher. Einige Stra\u00dfen werden gesperrt, und zus\u00e4tzliche Busse und Stra\u00dfenbahnen werden eingesetzt. [&hellip;]<\/p>\n","protected":false},"author":1,"featured_media":0,"parent":3293,"menu_order":47,"comment_status":"closed","ping_status":"closed","template":"","meta":{"_acf_changed":false,"inline_featured_image":false,"footnotes":"","_links_to":"","_links_to_target":""},"class_list":["post-4519","page","type-page","status-publish","hentry"],"acf":[],"yoast_head":"<!-- This site is optimized with the Yoast SEO plugin v25.1 - https:\/\/yoast.com\/wordpress\/plugins\/seo\/ -->\n<title>Zufahrtsausweise - \u017bagle 2026<\/title>\n<meta name=\"robots\" content=\"noindex, follow, max-snippet:-1, max-image-preview:large, max-video-preview:-1\" \/>\n<meta property=\"og:locale\" content=\"de_DE\" \/>\n<meta property=\"og:type\" content=\"article\" \/>\n<meta property=\"og:title\" content=\"Zufahrtsausweise - \u017bagle 2026\" \/>\n<meta property=\"og:description\" content=\"Zufahrtsausweise Die gr\u00f6\u00dften Veranstaltungen in unserer Stadt gehen immer mit \u00c4nderungen in der Verkehrsf\u00fchrung und im \u00f6ffentlichen Nahverkehr einher. Einige Stra\u00dfen werden gesperrt, und zus\u00e4tzliche Busse und Stra\u00dfenbahnen werden eingesetzt. [&hellip;]\" \/>\n<meta property=\"og:url\" content=\"https:\/\/zagleszczecin.eu\/de\/ueber-zagle\/przepustki\/\" \/>\n<meta property=\"og:site_name\" content=\"\u017bagle 2026\" \/>\n<meta property=\"article:modified_time\" content=\"2025-07-28T18:27:09+00:00\" \/>\n<meta name=\"twitter:card\" content=\"summary_large_image\" \/>\n<meta name=\"twitter:label1\" content=\"Gesch\u00e4tzte Lesezeit\" \/>\n\t<meta name=\"twitter:data1\" content=\"3\u00a0Minuten\" \/>\n<script type=\"application\/ld+json\" class=\"yoast-schema-graph\">{\"@context\":\"https:\/\/schema.org\",\"@graph\":[{\"@type\":\"WebPage\",\"@id\":\"https:\/\/zagleszczecin.eu\/de\/ueber-zagle\/przepustki\/\",\"url\":\"https:\/\/zagleszczecin.eu\/de\/ueber-zagle\/przepustki\/\",\"name\":\"Zufahrtsausweise - \u017bagle 2026\",\"isPartOf\":{\"@id\":\"https:\/\/zagleszczecin.eu\/de\/#website\"},\"datePublished\":\"2025-04-22T12:27:46+00:00\",\"dateModified\":\"2025-07-28T18:27:09+00:00\",\"breadcrumb\":{\"@id\":\"https:\/\/zagleszczecin.eu\/de\/ueber-zagle\/przepustki\/#breadcrumb\"},\"inLanguage\":\"de\",\"potentialAction\":[{\"@type\":\"ReadAction\",\"target\":[\"https:\/\/zagleszczecin.eu\/de\/ueber-zagle\/przepustki\/\"]}]},{\"@type\":\"BreadcrumbList\",\"@id\":\"https:\/\/zagleszczecin.eu\/de\/ueber-zagle\/przepustki\/#breadcrumb\",\"itemListElement\":[{\"@type\":\"ListItem\",\"position\":1,\"name\":\"Strona g\u0142\u00f3wna\",\"item\":\"https:\/\/zagleszczecin.eu\/de\/\"},{\"@type\":\"ListItem\",\"position\":2,\"name\":\"\u00dcber \u017bagle\",\"item\":\"https:\/\/zagleszczecin.eu\/de\/ueber-zagle\/\"},{\"@type\":\"ListItem\",\"position\":3,\"name\":\"Zufahrtsausweise\"}]},{\"@type\":\"WebSite\",\"@id\":\"https:\/\/zagleszczecin.eu\/de\/#website\",\"url\":\"https:\/\/zagleszczecin.eu\/de\/\",\"name\":\"\u017bagle 2026\",\"description\":\"Kurs na Szczecin\",\"potentialAction\":[{\"@type\":\"SearchAction\",\"target\":{\"@type\":\"EntryPoint\",\"urlTemplate\":\"https:\/\/zagleszczecin.eu\/de\/?s={search_term_string}\"},\"query-input\":{\"@type\":\"PropertyValueSpecification\",\"valueRequired\":true,\"valueName\":\"search_term_string\"}}],\"inLanguage\":\"de\"}]}<\/script>\n<!-- \/ Yoast SEO plugin. -->","yoast_head_json":{"title":"Zufahrtsausweise - \u017bagle 2026","robots":{"index":"noindex","follow":"follow","max-snippet":"max-snippet:-1","max-image-preview":"max-image-preview:large","max-video-preview":"max-video-preview:-1"},"og_locale":"de_DE","og_type":"article","og_title":"Zufahrtsausweise - \u017bagle 2026","og_description":"Zufahrtsausweise Die gr\u00f6\u00dften Veranstaltungen in unserer Stadt gehen immer mit \u00c4nderungen in der Verkehrsf\u00fchrung und im \u00f6ffentlichen Nahverkehr einher. Einige Stra\u00dfen werden gesperrt, und zus\u00e4tzliche Busse und Stra\u00dfenbahnen werden eingesetzt. [&hellip;]","og_url":"https:\/\/zagleszczecin.eu\/de\/ueber-zagle\/przepustki\/","og_site_name":"\u017bagle 2026","article_modified_time":"2025-07-28T18:27:09+00:00","twitter_card":"summary_large_image","twitter_misc":{"Gesch\u00e4tzte Lesezeit":"3\u00a0Minuten"},"schema":{"@context":"https:\/\/schema.org","@graph":[{"@type":"WebPage","@id":"https:\/\/zagleszczecin.eu\/de\/ueber-zagle\/przepustki\/","url":"https:\/\/zagleszczecin.eu\/de\/ueber-zagle\/przepustki\/","name":"Zufahrtsausweise - \u017bagle 2026","isPartOf":{"@id":"https:\/\/zagleszczecin.eu\/de\/#website"},"datePublished":"2025-04-22T12:27:46+00:00","dateModified":"2025-07-28T18:27:09+00:00","breadcrumb":{"@id":"https:\/\/zagleszczecin.eu\/de\/ueber-zagle\/przepustki\/#breadcrumb"},"inLanguage":"de","potentialAction":[{"@type":"ReadAction","target":["https:\/\/zagleszczecin.eu\/de\/ueber-zagle\/przepustki\/"]}]},{"@type":"BreadcrumbList","@id":"https:\/\/zagleszczecin.eu\/de\/ueber-zagle\/przepustki\/#breadcrumb","itemListElement":[{"@type":"ListItem","position":1,"name":"Strona g\u0142\u00f3wna","item":"https:\/\/zagleszczecin.eu\/de\/"},{"@type":"ListItem","position":2,"name":"\u00dcber \u017bagle","item":"https:\/\/zagleszczecin.eu\/de\/ueber-zagle\/"},{"@type":"ListItem","position":3,"name":"Zufahrtsausweise"}]},{"@type":"WebSite","@id":"https:\/\/zagleszczecin.eu\/de\/#website","url":"https:\/\/zagleszczecin.eu\/de\/","name":"\u017bagle 2026","description":"Kurs na Szczecin","potentialAction":[{"@type":"SearchAction","target":{"@type":"EntryPoint","urlTemplate":"https:\/\/zagleszczecin.eu\/de\/?s={search_term_string}"},"query-input":{"@type":"PropertyValueSpecification","valueRequired":true,"valueName":"search_term_string"}}],"inLanguage":"de"}]}},"_links":{"self":[{"href":"https:\/\/zagleszczecin.eu\/de\/wp-json\/wp\/v2\/pages\/4519","targetHints":{"allow":["GET"]}}],"collection":[{"href":"https:\/\/zagleszczecin.eu\/de\/wp-json\/wp\/v2\/pages"}],"about":[{"href":"https:\/\/zagleszczecin.eu\/de\/wp-json\/wp\/v2\/types\/page"}],"author":[{"embeddable":true,"href":"https:\/\/zagleszczecin.eu\/de\/wp-json\/wp\/v2\/users\/1"}],"replies":[{"embeddable":true,"href":"https:\/\/zagleszczecin.eu\/de\/wp-json\/wp\/v2\/comments?post=4519"}],"version-history":[{"count":1,"href":"https:\/\/zagleszczecin.eu\/de\/wp-json\/wp\/v2\/pages\/4519\/revisions"}],"predecessor-version":[{"id":4522,"href":"https:\/\/zagleszczecin.eu\/de\/wp-json\/wp\/v2\/pages\/4519\/revisions\/4522"}],"up":[{"embeddable":true,"href":"https:\/\/zagleszczecin.eu\/de\/wp-json\/wp\/v2\/pages\/3293"}],"wp:attachment":[{"href":"https:\/\/zagleszczecin.eu\/de\/wp-json\/wp\/v2\/media?parent=4519"}],"curies":[{"name":"wp","href":"https:\/\/api.w.org\/{rel}","templated":true}]}}