{"id":4023,"date":"2025-07-14T14:47:53","date_gmt":"2025-07-14T12:47:53","guid":{"rendered":"https:\/\/zagleszczecin.eu\/rejsy\/"},"modified":"2025-07-22T08:18:03","modified_gmt":"2025-07-22T06:18:03","slug":"rejsy","status":"publish","type":"page","link":"https:\/\/zagleszczecin.eu\/de\/agenda\/rejsy\/","title":{"rendered":"Kreuzfahrten"},"content":{"rendered":"\n<div class=\"wp-block-my-custom-container moai-wrapper mbhc mbvc mbcv  bialy has-white-color has-text-color has-link-color wp-elements-aaf8936cba37bbdd4fc7a24912206243\" style=\"background-image:url(https:\/\/zagleszczecin.eu\/wp-content\/uploads\/2025\/07\/RoalriGuayas_12-scaled.jpg)\" id=\"pageheader\">\n<div class=\"wp-block-columns is-layout-flex wp-container-core-columns-is-layout-9d6595d7 wp-block-columns-is-layout-flex\">\n<div class=\"wp-block-column is-layout-flow wp-block-column-is-layout-flow\">\n<h1 class=\"wp-block-heading has-text-align-center\">Kreuzfahrten<\/h1>\n\n\n\n<div style=\"height:100px\" aria-hidden=\"true\" class=\"wp-block-spacer is-style-m-spacerfull\"><\/div>\n\n\n\n<p class=\"has-text-align-center\"><strong>Unvergessliche Zeit an Bord der Schiffe<\/strong><\/p>\n<\/div>\n<\/div>\n\n\n\n<div class=\"wp-block-my-custom-container moai-wrapper mbhc mbvc mbcv\">\n<div class=\"wp-block-my-custom-container moai-wrapper mbhc mbvc mbcv  headerwaves\"><\/div>\n<\/div>\n<\/div>\n\n\n\n<div style=\"height:100px\" aria-hidden=\"true\" class=\"wp-block-spacer is-style-m-spacerfull\"><\/div>\n\n\n\n<div class=\"wp-block-columns is-layout-flex wp-container-core-columns-is-layout-9d6595d7 wp-block-columns-is-layout-flex\">\n<div class=\"wp-block-column is-layout-flow wp-block-column-is-layout-flow\"><\/div>\n<\/div>\n\n\n\n<div style=\"height:100px\" aria-hidden=\"true\" class=\"wp-block-spacer is-style-m-spacerfull\"><\/div>\n\n\n\n<div class=\"wp-block-my-custom-container moai-wrapper mbhc mbvc mbcv\">\n<div class=\"wp-block-columns is-layout-flex wp-container-core-columns-is-layout-9d6595d7 wp-block-columns-is-layout-flex\">\n<div class=\"wp-block-column is-layout-flow wp-block-column-is-layout-flow\">\n<p><strong>Ahoi, Segler!<\/strong> Eine der gr\u00f6\u00dften Attraktionen der Veranstaltung \u017bagle 2025 sind die Fahrten mit den Schiffen. Die Kapit\u00e4ne laden Einwohner und Touristen zu einer unvergesslichen Fahrt auf der Oder ein. Es ist auch eine ausgezeichnete Gelegenheit, die Crew kennenzulernen, nautische Br\u00e4uche zu entdecken und unglaublichen Seemannsgeschichten zu lauschen!<\/p>\n\n\n\n<p>Es lohnt sich also, ein Ticket zu besorgen und etwas Zeit einzuplanen, um Stettin von der Wasserseite aus zu bewundern.<\/p>\n<\/div>\n\n\n\n<div class=\"wp-block-column is-layout-flow wp-block-column-is-layout-flow\">\n<figure class=\"wp-block-image size-large is-style-m-zdjecie2\"><img loading=\"lazy\" decoding=\"async\" width=\"1024\" height=\"683\" src=\"https:\/\/zagleszczecin.eu\/wp-content\/uploads\/2025\/07\/RoalriGuayas_18-1024x683.jpg\" alt=\"\" class=\"wp-image-3996\" srcset=\"https:\/\/zagleszczecin.eu\/wp-content\/uploads\/2025\/07\/RoalriGuayas_18-1024x683.jpg 1024w, https:\/\/zagleszczecin.eu\/wp-content\/uploads\/2025\/07\/RoalriGuayas_18-300x200.jpg 300w, https:\/\/zagleszczecin.eu\/wp-content\/uploads\/2025\/07\/RoalriGuayas_18-768x512.jpg 768w, https:\/\/zagleszczecin.eu\/wp-content\/uploads\/2025\/07\/RoalriGuayas_18-1536x1024.jpg 1536w, https:\/\/zagleszczecin.eu\/wp-content\/uploads\/2025\/07\/RoalriGuayas_18-2048x1365.jpg 2048w, https:\/\/zagleszczecin.eu\/wp-content\/uploads\/2025\/07\/RoalriGuayas_18-40x27.jpg 40w, https:\/\/zagleszczecin.eu\/wp-content\/uploads\/2025\/07\/RoalriGuayas_18-1300x867.jpg 1300w, https:\/\/zagleszczecin.eu\/wp-content\/uploads\/2025\/07\/RoalriGuayas_18-330x220.jpg 330w, https:\/\/zagleszczecin.eu\/wp-content\/uploads\/2025\/07\/RoalriGuayas_18-980x653.jpg 980w, https:\/\/zagleszczecin.eu\/wp-content\/uploads\/2025\/07\/RoalriGuayas_18-1920x1280.jpg 1920w, https:\/\/zagleszczecin.eu\/wp-content\/uploads\/2025\/07\/RoalriGuayas_18-225x150.jpg 225w, https:\/\/zagleszczecin.eu\/wp-content\/uploads\/2025\/07\/RoalriGuayas_18-1568x1045.jpg 1568w, https:\/\/zagleszczecin.eu\/wp-content\/uploads\/2025\/07\/RoalriGuayas_18-300x200@2x.jpg 600w, https:\/\/zagleszczecin.eu\/wp-content\/uploads\/2025\/07\/RoalriGuayas_18-1536x1024@2x.jpg 3072w, https:\/\/zagleszczecin.eu\/wp-content\/uploads\/2025\/07\/RoalriGuayas_18-40x27@2x.jpg 80w, https:\/\/zagleszczecin.eu\/wp-content\/uploads\/2025\/07\/RoalriGuayas_18-1300x867@2x.jpg 2600w, https:\/\/zagleszczecin.eu\/wp-content\/uploads\/2025\/07\/RoalriGuayas_18-330x220@2x.jpg 660w, https:\/\/zagleszczecin.eu\/wp-content\/uploads\/2025\/07\/RoalriGuayas_18-980x653@2x.jpg 1960w, https:\/\/zagleszczecin.eu\/wp-content\/uploads\/2025\/07\/RoalriGuayas_18-1920x1280@2x.jpg 3840w, https:\/\/zagleszczecin.eu\/wp-content\/uploads\/2025\/07\/RoalriGuayas_18-225x150@2x.jpg 450w, https:\/\/zagleszczecin.eu\/wp-content\/uploads\/2025\/07\/RoalriGuayas_18-1568x1045@2x.jpg 3136w\" sizes=\"auto, (max-width: 1024px) 100vw, 1024px\"><\/figure>\n<\/div>\n<\/div>\n\n\n\n<div style=\"height:100px\" aria-hidden=\"true\" class=\"wp-block-spacer is-style-m-spacerfull\"><\/div>\n\n\n\n<div class=\"wp-block-columns is-layout-flex wp-container-core-columns-is-layout-9d6595d7 wp-block-columns-is-layout-flex\">\n<div class=\"wp-block-column is-layout-flow wp-block-column-is-layout-flow\">\n<p><strong>Online-Ticketverkauf f\u00fcr Passagierfahrten:<\/strong><\/p>\n\n\n\n<div class=\"wp-block-buttons is-style-m-bsmall is-layout-flex wp-block-buttons-is-layout-flex\">\n<div class=\"wp-block-button\"><a class=\"wp-block-button__link has-white-color has-text-color has-link-color wp-element-button\" href=\"https:\/\/kicket.com\/embeddables\/repertoire?organizerId=1850&amp;showId=26766&amp;salesChannelId=01973af2-44c1-7f8f-9276-a30a4851d9e3\"><strong>Kaufe dein Ticket jetzt!<\/strong><\/a><\/div>\n<\/div>\n<\/div>\n<\/div>\n\n\n\n<div style=\"height:100px\" aria-hidden=\"true\" class=\"wp-block-spacer is-style-m-spacerhalf\"><\/div>\n\n\n\n<div class=\"wp-block-columns is-layout-flex wp-container-core-columns-is-layout-9d6595d7 wp-block-columns-is-layout-flex\">\n<div class=\"wp-block-column is-layout-flow wp-block-column-is-layout-flow\">\n<p>Tickets f\u00fcr ausgew\u00e4hlte Fahrten k\u00f6nnen auch vor Ort am Visit-Szczecin-Stand w\u00e4hrend der Veranstaltung gekauft werden.<\/p>\n\n\n\n<p>Die Anzahl der Tickets f\u00fcr alle Fahrten ist begrenzt.<\/p>\n<\/div>\n<\/div>\n\n\n\n<div style=\"height:100px\" aria-hidden=\"true\" class=\"wp-block-spacer is-style-m-spacerhalf\"><\/div>\n\n\n\n<div class=\"wp-block-columns is-layout-flex wp-container-core-columns-is-layout-9d6595d7 wp-block-columns-is-layout-flex\">\n<div class=\"wp-block-column is-layout-flow wp-block-column-is-layout-flow\">\n<div class=\"wp-block-columns are-vertically-aligned-center is-not-stacked-on-mobile smallgap is-layout-flex wp-container-core-columns-is-layout-9d6595d7 wp-block-columns-is-layout-flex\">\n<div class=\"wp-block-column is-vertically-aligned-center is-layout-flow wp-block-column-is-layout-flow\" style=\"flex-basis:110px\">\n<figure class=\"wp-block-image size-large\"><img decoding=\"async\" src=\"https:\/\/zagleszczecin.eu\/wp-content\/uploads\/2025\/04\/bell.svg\" alt=\"\" class=\"wp-image-1933\"><\/figure>\n<\/div>\n\n\n\n<div class=\"wp-block-column is-vertically-aligned-center is-layout-flow wp-block-column-is-layout-flow\">\n<h3 class=\"wp-block-heading has-podstawowy-color has-text-color has-link-color wp-elements-e1988640962966574a6d3f481ece43a3\"><strong>Ticketpreise<\/strong><\/h3>\n<\/div>\n<\/div>\n<\/div>\n<\/div>\n\n\n\n<div class=\"wp-block-columns is-layout-flex wp-container-core-columns-is-layout-9d6595d7 wp-block-columns-is-layout-flex\">\n<div class=\"wp-block-column is-layout-flow wp-block-column-is-layout-flow\">\n<ul style=\"line-height:1\" class=\"wp-block-list\">\n<li style=\"line-height:1\"><strong>Normalticket:<\/strong> 60 PLN<\/li>\n\n\n\n<li><strong>Erm\u00e4\u00dfigtes Ticket*:<\/strong> 30 PLN<\/li>\n\n\n\n<li style=\"line-height:1\"><strong>Familienticket 2+2**<\/strong>: 150 PLN<\/li>\n<\/ul>\n\n\n\n<p>Erm\u00e4\u00dfigte Tickets berechtigen:<\/p>\n\n\n\n<ul style=\"line-height:1\" class=\"wp-block-list\">\n<li>Kinder und Schulkinder (gegen Vorlage eines g\u00fcltigen Sch\u00fclerausweises),<\/li>\n\n\n\n<li>Studenten bis zur Vollendung des 26. Lebensjahres (gegen Vorlage eines g\u00fcltigen Studentenausweises),<\/li>\n\n\n\n<li>Inhaber der Gro\u00dfen-Familie-Karte (gegen Vorlage der Karte sowie eines Lichtbildausweises zur Identifizierung des Karteninhabers),<\/li>\n\n\n\n<li>Rentner und Pension\u00e4re (gegen Vorlage eines g\u00fcltigen Rentner-\/Pension\u00e4rsausweises),<\/li>\n\n\n\n<li>Personen mit Behinderung (gegen Vorlage eines g\u00fcltigen Dokuments).<\/li>\n<\/ul>\n\n\n\n<p>** Das Familienticket umfasst 2 \u201eNormaltickets\u201d + 2 \u201eErm\u00e4\u00dfigte Tickets\u201d. Familientickets berechtigen Personengruppen bestehend aus zwei erwachsenen Betreuern und zwei Kindern.<\/p>\n\n\n\n<p><strong>Kostenloses Ticket<\/strong> \u2013 f\u00fcr ein Kind, das am Tag der Fahrt das 3. Lebensjahr noch nicht vollendet hat.<\/p>\n\n\n\n<div style=\"height:100px\" aria-hidden=\"true\" class=\"wp-block-spacer is-style-m-spacerhalf\"><\/div>\n<\/div>\n<\/div>\n\n\n\n<div style=\"height:100px\" aria-hidden=\"true\" class=\"wp-block-spacer is-style-m-spacerhalf\"><\/div>\n\n\n\n<div class=\"wp-block-my-custom-container moai-wrapper mbhc mbvc mbcv\">\n<div class=\"wp-block-columns is-layout-flex wp-container-core-columns-is-layout-9d6595d7 wp-block-columns-is-layout-flex\">\n<div class=\"wp-block-column is-layout-flow wp-block-column-is-layout-flow\">\n<div class=\"wp-block-columns is-layout-flex wp-container-core-columns-is-layout-9d6595d7 wp-block-columns-is-layout-flex\">\n<div class=\"wp-block-column is-layout-flow wp-block-column-is-layout-flow\">\n<h3 class=\"wp-block-heading\"><strong><strong>Fahrplan der Fahrten, 16. August 2025 (Samstag)<\/strong><\/strong><\/h3>\n<\/div>\n<\/div>\n\n\n\n<div class=\"wp-block-columns is-layout-flex wp-container-core-columns-is-layout-9d6595d7 wp-block-columns-is-layout-flex\">\n<div class=\"wp-block-column is-layout-flow wp-block-column-is-layout-flow\">\n<p><strong>Bulwar Chrobrego<\/strong>:<\/p>\n\n\n\n<figure class=\"wp-block-table is-style-stripes\" style=\"padding-top:0;padding-right:0;padding-bottom:0;padding-left:0;font-size:15px\"><table class=\"has-fixed-layout\"><thead><tr><th><strong><strong>Schiff<\/strong><\/strong><\/th><th class=\"has-text-align-center\" data-align=\"center\"><strong>Fahrtzeiten<\/strong><\/th><th class=\"has-text-align-center\" data-align=\"center\"><strong>Tickets<\/strong><\/th><\/tr><\/thead><tbody><tr><td><strong>Baltic Beauty<\/strong><\/td><td class=\"has-text-align-center\" data-align=\"center\">11:00 \u2013 13:00<br>14:00 \u2013 16:00<br>17:00 \u2013 19:00<\/td><td class=\"has-text-align-center\" data-align=\"center\">Online<\/td><\/tr><tr><td><strong>Bryza H<\/strong><\/td><td class=\"has-text-align-center\" data-align=\"center\">12:00 \u2013 14:00<br>15:00 \u2013 17:00<\/td><td class=\"has-text-align-center\" data-align=\"center\">vor Ort<\/td><\/tr><tr><td><strong>Hoffnung<\/strong><\/td><td class=\"has-text-align-center\" data-align=\"center\">12:00 \u2013 14:00<br>15:00 \u2013 17:00<\/td><td class=\"has-text-align-center\" data-align=\"center\">Online<\/td><\/tr><tr><td><strong>Anny von Hamburg<\/strong><\/td><td class=\"has-text-align-center\" data-align=\"center\">13:00 \u2013 15:00<br>16:00 \u2013 18:00<\/td><td class=\"has-text-align-center\" data-align=\"center\">Online<\/td><\/tr><tr><td><strong>Santa Anna Barbara<\/strong><\/td><td class=\"has-text-align-center\" data-align=\"center\">13:00 \u2013 15:00<br>16:00 \u2013 18:00<\/td><td class=\"has-text-align-center\" data-align=\"center\">Online<\/td><\/tr><tr><td><strong>Abel Tasman<\/strong><\/td><td class=\"has-text-align-center\" data-align=\"center\">13:00 \u2013 15:00<br>16:00 \u2013 18:00<\/td><td class=\"has-text-align-center\" data-align=\"center\">Online\/vor Ort<\/td><\/tr><\/tbody><\/table><\/figure>\n<\/div>\n\n\n\n<div class=\"wp-block-column is-layout-flow wp-block-column-is-layout-flow\">\n<p><strong>Nabrze\u017ce Wieleckie<\/strong>:<\/p>\n\n\n\n<figure class=\"wp-block-table is-style-stripes\" style=\"padding-top:0;padding-right:0;padding-bottom:0;padding-left:0;font-size:15px\"><table class=\"has-fixed-layout\"><thead><tr><th><strong><strong>Schiff<\/strong><\/strong><\/th><th class=\"has-text-align-center\" data-align=\"center\"><strong>Fahrtzeiten<\/strong><\/th><th class=\"has-text-align-center\" data-align=\"center\"><strong>Tickets<\/strong><\/th><\/tr><\/thead><tbody><tr><td><strong>Bonawentura<\/strong><\/td><td class=\"has-text-align-center\" data-align=\"center\">10:00 \u2013 12:00<br>13:00 \u2013 15:00<\/td><td class=\"has-text-align-center\" data-align=\"center\">Online<\/td><\/tr><tr><td><strong>Ernestine<\/strong><\/td><td class=\"has-text-align-center\" data-align=\"center\">10:00 \u2013 12:00<br>13:00 \u2013 15:00<\/td><td class=\"has-text-align-center\" data-align=\"center\">Online<\/td><\/tr><tr><td><strong>Libava<\/strong><\/td><td class=\"has-text-align-center\" data-align=\"center\">11:00 \u2013 13:00<br>14:00 \u2013 16:00<\/td><td class=\"has-text-align-center\" data-align=\"center\">Online<\/td><\/tr><tr><td><strong>Barlovento II<\/strong><\/td><td class=\"has-text-align-center\" data-align=\"center\">12:00 \u2013 14:00<br>15:00 \u2013 17:00<\/td><td class=\"has-text-align-center\" data-align=\"center\">vor Ort<\/td><\/tr><\/tbody><\/table><\/figure>\n<\/div>\n<\/div>\n<\/div>\n<\/div>\n<\/div>\n\n\n\n<div style=\"height:100px\" aria-hidden=\"true\" class=\"wp-block-spacer is-style-m-spacerhalf\"><\/div>\n\n\n\n<div class=\"wp-block-columns is-layout-flex wp-container-core-columns-is-layout-9d6595d7 wp-block-columns-is-layout-flex\">\n<div class=\"wp-block-column is-layout-flow wp-block-column-is-layout-flow\">\n<div class=\"wp-block-columns is-layout-flex wp-container-core-columns-is-layout-9d6595d7 wp-block-columns-is-layout-flex\">\n<div class=\"wp-block-column is-layout-flow wp-block-column-is-layout-flow\">\n<h3 class=\"wp-block-heading\"><strong><strong>Fahrplan der Fahrten, 17. August 2025 (Sonntag)<\/strong><\/strong><\/h3>\n<\/div>\n<\/div>\n\n\n\n<div class=\"wp-block-columns is-layout-flex wp-container-core-columns-is-layout-9d6595d7 wp-block-columns-is-layout-flex\">\n<div class=\"wp-block-column is-layout-flow wp-block-column-is-layout-flow\">\n<p><strong>Bulwar Chrobrego<\/strong>:<\/p>\n\n\n\n<figure class=\"wp-block-table is-style-stripes\" style=\"padding-top:0;padding-right:0;padding-bottom:0;padding-left:0;font-size:15px\"><table class=\"has-fixed-layout\"><thead><tr><th><strong><strong>Schiff<\/strong><\/strong><\/th><th class=\"has-text-align-center\" data-align=\"center\"><strong>Fahrtzeiten<\/strong><\/th><th class=\"has-text-align-center\" data-align=\"center\"><strong>Tickets<\/strong><\/th><\/tr><\/thead><tbody><tr><td><strong>Baltic Beauty<\/strong><\/td><td class=\"has-text-align-center\" data-align=\"center\">11:00 \u2013 13:00<br>14:00 \u2013 16:00<\/td><td class=\"has-text-align-center\" data-align=\"center\">Online<\/td><\/tr><tr><td><strong>Bryza H<\/strong><\/td><td class=\"has-text-align-center\" data-align=\"center\">12:00 \u2013 14:00<\/td><td class=\"has-text-align-center\" data-align=\"center\">vor Ort<\/td><\/tr><tr><td><strong>Hoffnung<\/strong><\/td><td class=\"has-text-align-center\" data-align=\"center\">12:00 \u2013 14:00<\/td><td class=\"has-text-align-center\" data-align=\"center\">Online<\/td><\/tr><tr><td><strong>Abel Tasman<\/strong><\/td><td class=\"has-text-align-center\" data-align=\"center\">13:00 \u2013 15:00<\/td><td class=\"has-text-align-center\" data-align=\"center\">Online\/vor Ort<\/td><\/tr><tr><td><strong>Anny von Hamburg<\/strong><\/td><td class=\"has-text-align-center\" data-align=\"center\">14:00 \u2013 16:00<\/td><td class=\"has-text-align-center\" data-align=\"center\">Online<\/td><\/tr><tr><td><strong>Santa Anna Barbara<\/strong><\/td><td class=\"has-text-align-center\" data-align=\"center\">14:00 \u2013 16:00<\/td><td class=\"has-text-align-center\" data-align=\"center\">Online<\/td><\/tr><\/tbody><\/table><\/figure>\n<\/div>\n\n\n\n<div class=\"wp-block-column is-layout-flow wp-block-column-is-layout-flow\">\n<p><strong>Nabrze\u017ce Wieleckie<\/strong>:<\/p>\n\n\n\n<figure class=\"wp-block-table is-style-stripes\" style=\"padding-top:0;padding-right:0;padding-bottom:0;padding-left:0;font-size:15px\"><table class=\"has-fixed-layout\"><thead><tr><th><strong><strong>Schiff<\/strong><\/strong><\/th><th class=\"has-text-align-center\" data-align=\"center\"><strong>Fahrtzeiten<\/strong><\/th><th class=\"has-text-align-center\" data-align=\"center\"><strong>Tickets<\/strong><\/th><\/tr><\/thead><tbody><tr><td><strong>Bonawentura<\/strong><\/td><td class=\"has-text-align-center\" data-align=\"center\">10:00 \u2013 12:00<\/td><td class=\"has-text-align-center\" data-align=\"center\">Online<\/td><\/tr><tr><td><strong>Ernestine<\/strong><\/td><td class=\"has-text-align-center\" data-align=\"center\">10:00 \u2013 12:00<\/td><td class=\"has-text-align-center\" data-align=\"center\">Online<\/td><\/tr><tr><td><strong>Barlovento II<\/strong><\/td><td class=\"has-text-align-center\" data-align=\"center\">11:00 \u2013 13:00<\/td><td class=\"has-text-align-center\" data-align=\"center\">vor Ort<\/td><\/tr><tr><td><strong>Libava<\/strong><\/td><td class=\"has-text-align-center\" data-align=\"center\">12:00 \u2013 14:00<\/td><td class=\"has-text-align-center\" data-align=\"center\">Online<\/td><\/tr><\/tbody><\/table><\/figure>\n<\/div>\n<\/div>\n<\/div>\n<\/div>\n\n\n\n<div style=\"height:100px\" aria-hidden=\"true\" class=\"wp-block-spacer\"><\/div>\n\n\n\n<div class=\"wp-block-columns is-layout-flex wp-container-core-columns-is-layout-9d6595d7 wp-block-columns-is-layout-flex\">\n<div class=\"wp-block-column is-layout-flow wp-block-column-is-layout-flow\">\n<div class=\"wp-block-columns is-layout-flex wp-container-core-columns-is-layout-9d6595d7 wp-block-columns-is-layout-flex\">\n<div class=\"wp-block-column is-layout-flow wp-block-column-is-layout-flow\">\n<div class=\"wp-block-file\"><a id=\"wp-block-file--media-1fd3bf7c-52fa-4014-974a-bf5895b1d134\" href=\"https:\/\/zagleszczecin.eu\/wp-content\/uploads\/2025\/07\/VORSCHRIFTEN-DES-VERANSTALTERS-DER-PASSAGIERFAHRTEN-WAeHREND-ZAGLE-2025.pdf\">VORSCHRIFTEN DES VERANSTALTERS DER PASSAGIERFAHRTEN W\u00c4HREND \u017bAGLE 2025<\/a><a href=\"https:\/\/zagleszczecin.eu\/wp-content\/uploads\/2025\/07\/VORSCHRIFTEN-DES-VERANSTALTERS-DER-PASSAGIERFAHRTEN-WAeHREND-ZAGLE-2025.pdf\" class=\"wp-block-file__button wp-element-button\" download aria-describedby=\"wp-block-file--media-1fd3bf7c-52fa-4014-974a-bf5895b1d134\"><strong>Download<\/strong><\/a><\/div>\n<\/div>\n<\/div>\n<\/div>\n<\/div>\n\n\n\n<div style=\"height:100px\" aria-hidden=\"true\" class=\"wp-block-spacer is-style-m-spacerfull\"><\/div>\n<\/div>\n","protected":false},"excerpt":{"rendered":"","protected":false},"author":5,"featured_media":0,"parent":3350,"menu_order":8,"comment_status":"closed","ping_status":"closed","template":"","meta":{"_acf_changed":false,"inline_featured_image":false,"footnotes":"","_links_to":"","_links_to_target":""},"class_list":["post-4023","page","type-page","status-publish","hentry"],"acf":[],"yoast_head":"<!-- This site is optimized with the Yoast SEO plugin v25.1 - https:\/\/yoast.com\/wordpress\/plugins\/seo\/ -->\n<title>Kreuzfahrten - \u017bagle 2026<\/title>\n<meta name=\"robots\" content=\"noindex, follow, max-snippet:-1, max-image-preview:large, max-video-preview:-1\" \/>\n<meta property=\"og:locale\" content=\"de_DE\" \/>\n<meta property=\"og:type\" content=\"article\" \/>\n<meta property=\"og:title\" content=\"Kreuzfahrten - \u017bagle 2026\" \/>\n<meta property=\"og:url\" content=\"https:\/\/zagleszczecin.eu\/de\/agenda\/rejsy\/\" \/>\n<meta property=\"og:site_name\" content=\"\u017bagle 2026\" \/>\n<meta property=\"article:modified_time\" content=\"2025-07-22T06:18:03+00:00\" \/>\n<meta property=\"og:image\" content=\"https:\/\/zagleszczecin.eu\/wp-content\/uploads\/2025\/07\/RoalriGuayas_18-scaled.jpg\" \/>\n\t<meta property=\"og:image:width\" content=\"3840\" \/>\n\t<meta property=\"og:image:height\" content=\"2560\" \/>\n\t<meta property=\"og:image:type\" content=\"image\/jpeg\" \/>\n<meta name=\"twitter:card\" content=\"summary_large_image\" \/>\n<meta name=\"twitter:label1\" content=\"Gesch\u00e4tzte Lesezeit\" \/>\n\t<meta name=\"twitter:data1\" content=\"6\u00a0Minuten\" \/>\n<script type=\"application\/ld+json\" class=\"yoast-schema-graph\">{\"@context\":\"https:\/\/schema.org\",\"@graph\":[{\"@type\":\"WebPage\",\"@id\":\"https:\/\/zagleszczecin.eu\/de\/agenda\/rejsy\/\",\"url\":\"https:\/\/zagleszczecin.eu\/de\/agenda\/rejsy\/\",\"name\":\"Kreuzfahrten - \u017bagle 2026\",\"isPartOf\":{\"@id\":\"https:\/\/zagleszczecin.eu\/de\/#website\"},\"primaryImageOfPage\":{\"@id\":\"https:\/\/zagleszczecin.eu\/de\/agenda\/rejsy\/#primaryimage\"},\"image\":{\"@id\":\"https:\/\/zagleszczecin.eu\/de\/agenda\/rejsy\/#primaryimage\"},\"thumbnailUrl\":\"https:\/\/zagleszczecin.eu\/wp-content\/uploads\/2025\/07\/RoalriGuayas_18-1024x683.jpg\",\"datePublished\":\"2025-07-14T12:47:53+00:00\",\"dateModified\":\"2025-07-22T06:18:03+00:00\",\"breadcrumb\":{\"@id\":\"https:\/\/zagleszczecin.eu\/de\/agenda\/rejsy\/#breadcrumb\"},\"inLanguage\":\"de\",\"potentialAction\":[{\"@type\":\"ReadAction\",\"target\":[\"https:\/\/zagleszczecin.eu\/de\/agenda\/rejsy\/\"]}]},{\"@type\":\"ImageObject\",\"inLanguage\":\"de\",\"@id\":\"https:\/\/zagleszczecin.eu\/de\/agenda\/rejsy\/#primaryimage\",\"url\":\"https:\/\/zagleszczecin.eu\/wp-content\/uploads\/2025\/07\/RoalriGuayas_18-1024x683.jpg\",\"contentUrl\":\"https:\/\/zagleszczecin.eu\/wp-content\/uploads\/2025\/07\/RoalriGuayas_18-1024x683.jpg\"},{\"@type\":\"BreadcrumbList\",\"@id\":\"https:\/\/zagleszczecin.eu\/de\/agenda\/rejsy\/#breadcrumb\",\"itemListElement\":[{\"@type\":\"ListItem\",\"position\":1,\"name\":\"Strona g\u0142\u00f3wna\",\"item\":\"https:\/\/zagleszczecin.eu\/de\/\"},{\"@type\":\"ListItem\",\"position\":2,\"name\":\"Kreuzfahrten\"}]},{\"@type\":\"WebSite\",\"@id\":\"https:\/\/zagleszczecin.eu\/de\/#website\",\"url\":\"https:\/\/zagleszczecin.eu\/de\/\",\"name\":\"\u017bagle 2026\",\"description\":\"Kurs na Szczecin\",\"potentialAction\":[{\"@type\":\"SearchAction\",\"target\":{\"@type\":\"EntryPoint\",\"urlTemplate\":\"https:\/\/zagleszczecin.eu\/de\/?s={search_term_string}\"},\"query-input\":{\"@type\":\"PropertyValueSpecification\",\"valueRequired\":true,\"valueName\":\"search_term_string\"}}],\"inLanguage\":\"de\"}]}<\/script>\n<!-- \/ Yoast SEO plugin. -->","yoast_head_json":{"title":"Kreuzfahrten - \u017bagle 2026","robots":{"index":"noindex","follow":"follow","max-snippet":"max-snippet:-1","max-image-preview":"max-image-preview:large","max-video-preview":"max-video-preview:-1"},"og_locale":"de_DE","og_type":"article","og_title":"Kreuzfahrten - \u017bagle 2026","og_url":"https:\/\/zagleszczecin.eu\/de\/agenda\/rejsy\/","og_site_name":"\u017bagle 2026","article_modified_time":"2025-07-22T06:18:03+00:00","og_image":[{"width":3840,"height":2560,"url":"https:\/\/zagleszczecin.eu\/wp-content\/uploads\/2025\/07\/RoalriGuayas_18-scaled.jpg","type":"image\/jpeg"}],"twitter_card":"summary_large_image","twitter_misc":{"Gesch\u00e4tzte Lesezeit":"6\u00a0Minuten"},"schema":{"@context":"https:\/\/schema.org","@graph":[{"@type":"WebPage","@id":"https:\/\/zagleszczecin.eu\/de\/agenda\/rejsy\/","url":"https:\/\/zagleszczecin.eu\/de\/agenda\/rejsy\/","name":"Kreuzfahrten - \u017bagle 2026","isPartOf":{"@id":"https:\/\/zagleszczecin.eu\/de\/#website"},"primaryImageOfPage":{"@id":"https:\/\/zagleszczecin.eu\/de\/agenda\/rejsy\/#primaryimage"},"image":{"@id":"https:\/\/zagleszczecin.eu\/de\/agenda\/rejsy\/#primaryimage"},"thumbnailUrl":"https:\/\/zagleszczecin.eu\/wp-content\/uploads\/2025\/07\/RoalriGuayas_18-1024x683.jpg","datePublished":"2025-07-14T12:47:53+00:00","dateModified":"2025-07-22T06:18:03+00:00","breadcrumb":{"@id":"https:\/\/zagleszczecin.eu\/de\/agenda\/rejsy\/#breadcrumb"},"inLanguage":"de","potentialAction":[{"@type":"ReadAction","target":["https:\/\/zagleszczecin.eu\/de\/agenda\/rejsy\/"]}]},{"@type":"ImageObject","inLanguage":"de","@id":"https:\/\/zagleszczecin.eu\/de\/agenda\/rejsy\/#primaryimage","url":"https:\/\/zagleszczecin.eu\/wp-content\/uploads\/2025\/07\/RoalriGuayas_18-1024x683.jpg","contentUrl":"https:\/\/zagleszczecin.eu\/wp-content\/uploads\/2025\/07\/RoalriGuayas_18-1024x683.jpg"},{"@type":"BreadcrumbList","@id":"https:\/\/zagleszczecin.eu\/de\/agenda\/rejsy\/#breadcrumb","itemListElement":[{"@type":"ListItem","position":1,"name":"Strona g\u0142\u00f3wna","item":"https:\/\/zagleszczecin.eu\/de\/"},{"@type":"ListItem","position":2,"name":"Kreuzfahrten"}]},{"@type":"WebSite","@id":"https:\/\/zagleszczecin.eu\/de\/#website","url":"https:\/\/zagleszczecin.eu\/de\/","name":"\u017bagle 2026","description":"Kurs na Szczecin","potentialAction":[{"@type":"SearchAction","target":{"@type":"EntryPoint","urlTemplate":"https:\/\/zagleszczecin.eu\/de\/?s={search_term_string}"},"query-input":{"@type":"PropertyValueSpecification","valueRequired":true,"valueName":"search_term_string"}}],"inLanguage":"de"}]}},"_links":{"self":[{"href":"https:\/\/zagleszczecin.eu\/de\/wp-json\/wp\/v2\/pages\/4023","targetHints":{"allow":["GET"]}}],"collection":[{"href":"https:\/\/zagleszczecin.eu\/de\/wp-json\/wp\/v2\/pages"}],"about":[{"href":"https:\/\/zagleszczecin.eu\/de\/wp-json\/wp\/v2\/types\/page"}],"author":[{"embeddable":true,"href":"https:\/\/zagleszczecin.eu\/de\/wp-json\/wp\/v2\/users\/5"}],"replies":[{"embeddable":true,"href":"https:\/\/zagleszczecin.eu\/de\/wp-json\/wp\/v2\/comments?post=4023"}],"version-history":[{"count":1,"href":"https:\/\/zagleszczecin.eu\/de\/wp-json\/wp\/v2\/pages\/4023\/revisions"}],"predecessor-version":[{"id":4138,"href":"https:\/\/zagleszczecin.eu\/de\/wp-json\/wp\/v2\/pages\/4023\/revisions\/4138"}],"up":[{"embeddable":true,"href":"https:\/\/zagleszczecin.eu\/de\/wp-json\/wp\/v2\/pages\/3350"}],"wp:attachment":[{"href":"https:\/\/zagleszczecin.eu\/de\/wp-json\/wp\/v2\/media?parent=4023"}],"curies":[{"name":"wp","href":"https:\/\/api.w.org\/{rel}","templated":true}]}}