{"id":3694,"date":"2025-04-24T14:17:44","date_gmt":"2025-04-24T12:17:44","guid":{"rendered":"https:\/\/zagleszczecin.eu\/green-event\/"},"modified":"2025-07-08T14:20:11","modified_gmt":"2025-07-08T12:20:11","slug":"green-event","status":"publish","type":"page","link":"https:\/\/zagleszczecin.eu\/de\/green-event\/","title":{"rendered":"Green Event"},"content":{"rendered":"\n<div style=\"height:100px\" aria-hidden=\"true\" class=\"wp-block-spacer is-style-m-spacerhead\"><\/div>\n\n\n<figure class=\"wp-block-post-featured-image\"><img loading=\"lazy\" decoding=\"async\" width=\"1\" height=\"1\" src=\"https:\/\/zagleszczecin.eu\/wp-content\/uploads\/2025\/07\/Projekt-bez-nazwy-4.svg\" class=\"attachment-post-thumbnail size-post-thumbnail wp-post-image\" alt=\"Green Event\" style=\"object-fit:cover;\" title=\"Green Event\"><\/figure>\n\n\n<div class=\"wp-block-columns is-layout-flex wp-container-core-columns-is-layout-9d6595d7 wp-block-columns-is-layout-flex\">\n<div class=\"wp-block-column is-layout-flow wp-block-column-is-layout-flow\">\n<p>Die Veranstaltung Sails ist nicht nur ein Fest des Segelns, sondern auch ein Beispiel daf\u00fcr, wie man Freude mit Umweltbewusstsein verbinden kann. Inspiriert vom Prinzip der Nachhaltigkeit setzen wir Ma\u00dfnahmen um, die der Umwelt, der sozialen Verantwortung und der lokalen Wirtschaft zugutekommen.<\/p>\n<\/div>\n<\/div>\n\n\n\n<div style=\"height:100px\" aria-hidden=\"true\" class=\"wp-block-spacer is-style-m-spacerhalf\"><\/div>\n\n\n\n<div class=\"wp-block-columns is-layout-flex wp-container-core-columns-is-layout-9d6595d7 wp-block-columns-is-layout-flex\">\n<div class=\"wp-block-column is-layout-flow wp-block-column-is-layout-flow\">\n<div class=\"wp-block-columns is-layout-flex wp-container-core-columns-is-layout-9d6595d7 wp-block-columns-is-layout-flex\">\n<div class=\"wp-block-column is-vertically-aligned-center is-layout-flow wp-block-column-is-layout-flow\" style=\"flex-basis:150px\">\n<figure class=\"wp-block-image size-large\"><img loading=\"lazy\" decoding=\"async\" width=\"1024\" height=\"996\" src=\"https:\/\/zagleszczecin.eu\/wp-content\/uploads\/2025\/07\/Z-rower.pdf-1024x996.png\" alt=\"\" class=\"wp-image-3733\" srcset=\"https:\/\/zagleszczecin.eu\/wp-content\/uploads\/2025\/07\/Z-rower.pdf-1024x996.png 1024w, https:\/\/zagleszczecin.eu\/wp-content\/uploads\/2025\/07\/Z-rower.pdf-300x292.png 300w, https:\/\/zagleszczecin.eu\/wp-content\/uploads\/2025\/07\/Z-rower.pdf-768x747.png 768w, https:\/\/zagleszczecin.eu\/wp-content\/uploads\/2025\/07\/Z-rower.pdf-40x40.png 40w, https:\/\/zagleszczecin.eu\/wp-content\/uploads\/2025\/07\/Z-rower.pdf-1111x1080.png 1111w, https:\/\/zagleszczecin.eu\/wp-content\/uploads\/2025\/07\/Z-rower.pdf-226x220.png 226w, https:\/\/zagleszczecin.eu\/wp-content\/uploads\/2025\/07\/Z-rower.pdf-980x953.png 980w, https:\/\/zagleszczecin.eu\/wp-content\/uploads\/2025\/07\/Z-rower.pdf-154x150.png 154w, https:\/\/zagleszczecin.eu\/wp-content\/uploads\/2025\/07\/Z-rower.pdf.png 1522w, https:\/\/zagleszczecin.eu\/wp-content\/uploads\/2025\/07\/Z-rower.pdf-300x292@2x.png 600w, https:\/\/zagleszczecin.eu\/wp-content\/uploads\/2025\/07\/Z-rower.pdf-40x40@2x.png 80w, https:\/\/zagleszczecin.eu\/wp-content\/uploads\/2025\/07\/Z-rower.pdf-226x220@2x.png 452w, https:\/\/zagleszczecin.eu\/wp-content\/uploads\/2025\/07\/Z-rower.pdf-154x150@2x.png 308w\" sizes=\"auto, (max-width: 1024px) 100vw, 1024px\"><\/figure>\n<\/div>\n\n\n\n<div class=\"wp-block-column is-layout-flow wp-block-column-is-layout-flow\">\n<p>Anstatt Wasser in Flaschen zu kaufen, stellen wir in den B\u00fcros der Aussteller sowie im Organisations- und Presseb\u00fcro Wasserspender zur Verf\u00fcgung. Zudem gibt es Wasserzapfstellen, an denen Bidons nachgef\u00fcllt werden k\u00f6nnen. Auf dem Veranstaltungsgel\u00e4nde befinden sich Trinkbrunnen und Hydranten, aus denen Sie direkt Wasser trinken oder Ihre Flaschen auff\u00fcllen k\u00f6nnen.<\/p>\n<\/div>\n<\/div>\n<\/div>\n<\/div>\n\n\n\n<div style=\"height:100px\" aria-hidden=\"true\" class=\"wp-block-spacer is-style-m-spacerhalf\"><\/div>\n\n\n\n<div class=\"wp-block-columns is-layout-flex wp-container-core-columns-is-layout-9d6595d7 wp-block-columns-is-layout-flex\">\n<div class=\"wp-block-column is-layout-flow wp-block-column-is-layout-flow\">\n<div class=\"wp-block-columns is-layout-flex wp-container-core-columns-is-layout-9d6595d7 wp-block-columns-is-layout-flex\">\n<div class=\"wp-block-column is-vertically-aligned-center is-layout-flow wp-block-column-is-layout-flow\" style=\"flex-basis:150px\">\n<figure class=\"wp-block-image size-large\"><img loading=\"lazy\" decoding=\"async\" width=\"1024\" height=\"996\" src=\"https:\/\/zagleszczecin.eu\/wp-content\/uploads\/2025\/07\/Z-rower.pdf-1-1024x996.png\" alt=\"\" class=\"wp-image-3736\" srcset=\"https:\/\/zagleszczecin.eu\/wp-content\/uploads\/2025\/07\/Z-rower.pdf-1-1024x996.png 1024w, https:\/\/zagleszczecin.eu\/wp-content\/uploads\/2025\/07\/Z-rower.pdf-1-300x292.png 300w, https:\/\/zagleszczecin.eu\/wp-content\/uploads\/2025\/07\/Z-rower.pdf-1-768x747.png 768w, https:\/\/zagleszczecin.eu\/wp-content\/uploads\/2025\/07\/Z-rower.pdf-1-40x40.png 40w, https:\/\/zagleszczecin.eu\/wp-content\/uploads\/2025\/07\/Z-rower.pdf-1-1111x1080.png 1111w, https:\/\/zagleszczecin.eu\/wp-content\/uploads\/2025\/07\/Z-rower.pdf-1-226x220.png 226w, https:\/\/zagleszczecin.eu\/wp-content\/uploads\/2025\/07\/Z-rower.pdf-1-980x953.png 980w, https:\/\/zagleszczecin.eu\/wp-content\/uploads\/2025\/07\/Z-rower.pdf-1-154x150.png 154w, https:\/\/zagleszczecin.eu\/wp-content\/uploads\/2025\/07\/Z-rower.pdf-1.png 1522w, https:\/\/zagleszczecin.eu\/wp-content\/uploads\/2025\/07\/Z-rower.pdf-1-300x292@2x.png 600w, https:\/\/zagleszczecin.eu\/wp-content\/uploads\/2025\/07\/Z-rower.pdf-1-40x40@2x.png 80w, https:\/\/zagleszczecin.eu\/wp-content\/uploads\/2025\/07\/Z-rower.pdf-1-226x220@2x.png 452w, https:\/\/zagleszczecin.eu\/wp-content\/uploads\/2025\/07\/Z-rower.pdf-1-154x150@2x.png 308w\" sizes=\"auto, (max-width: 1024px) 100vw, 1024px\"><\/figure>\n<\/div>\n\n\n\n<div class=\"wp-block-column is-layout-flow wp-block-column-is-layout-flow\">\n<p>Der \u00f6ffentliche Nahverkehr ist die sinnvollste und verl\u00e4sslichste M\u00f6glichkeit, um das Zentrum des Veranstaltungsgel\u00e4ndes zu erreichen. F\u00fcr die Dauer der Veranstaltung wird die Frequenz und Anzahl der eingesetzten Fahrzeuge erh\u00f6ht. Crew-Mitglieder k\u00f6nnen st\u00e4dtische Busse und Stra\u00dfenbahnen kostenlos nutzen. Zus\u00e4tzlich kooperiert die Stadt mit Bahnunternehmen, die Fahrscheine des st\u00e4dtischen Nahverkehrs in ihren Z\u00fcgen innerhalb der Metropolregion Stettin anerkennen.<\/p>\n<\/div>\n<\/div>\n<\/div>\n<\/div>\n\n\n\n<div style=\"height:100px\" aria-hidden=\"true\" class=\"wp-block-spacer is-style-m-spacerhalf\"><\/div>\n\n\n\n<div class=\"wp-block-columns is-layout-flex wp-container-core-columns-is-layout-9d6595d7 wp-block-columns-is-layout-flex\">\n<div class=\"wp-block-column is-layout-flow wp-block-column-is-layout-flow\">\n<div class=\"wp-block-columns is-layout-flex wp-container-core-columns-is-layout-9d6595d7 wp-block-columns-is-layout-flex\">\n<div class=\"wp-block-column is-vertically-aligned-center is-layout-flow wp-block-column-is-layout-flow\" style=\"flex-basis:150px\">\n<figure class=\"wp-block-image size-large\"><img loading=\"lazy\" decoding=\"async\" width=\"1522\" height=\"1480\" src=\"https:\/\/zagleszczecin.eu\/wp-content\/uploads\/2025\/07\/6-1024x996.png\" alt=\"\" class=\"wp-image-3751\" srcset=\"https:\/\/zagleszczecin.eu\/wp-content\/uploads\/2025\/07\/6-1024x996.png 1024w, https:\/\/zagleszczecin.eu\/wp-content\/uploads\/2025\/07\/6-300x292.png 300w, https:\/\/zagleszczecin.eu\/wp-content\/uploads\/2025\/07\/6-768x747.png 768w, https:\/\/zagleszczecin.eu\/wp-content\/uploads\/2025\/07\/6-40x40.png 40w, https:\/\/zagleszczecin.eu\/wp-content\/uploads\/2025\/07\/6-1111x1080.png 1111w, https:\/\/zagleszczecin.eu\/wp-content\/uploads\/2025\/07\/6-226x220.png 226w, https:\/\/zagleszczecin.eu\/wp-content\/uploads\/2025\/07\/6-980x953.png 980w, https:\/\/zagleszczecin.eu\/wp-content\/uploads\/2025\/07\/6-154x150.png 154w, https:\/\/zagleszczecin.eu\/wp-content\/uploads\/2025\/07\/6.png 1522w, https:\/\/zagleszczecin.eu\/wp-content\/uploads\/2025\/07\/6-300x292@2x.png 600w, https:\/\/zagleszczecin.eu\/wp-content\/uploads\/2025\/07\/6-40x40@2x.png 80w, https:\/\/zagleszczecin.eu\/wp-content\/uploads\/2025\/07\/6-226x220@2x.png 452w, https:\/\/zagleszczecin.eu\/wp-content\/uploads\/2025\/07\/6-154x150@2x.png 308w\" sizes=\"auto, (max-width: 1522px) 100vw, 1522px\"><\/figure>\n<\/div>\n\n\n\n<div class=\"wp-block-column is-layout-flow wp-block-column-is-layout-flow\">\n<p>Wir verschwenden keine Lebensmittel \u2013 nicht verzehrte Mahlzeiten aus dem Veranstaltungscatering werden an eine lokale Essensausgabe weitergegeben.<\/p>\n<\/div>\n<\/div>\n<\/div>\n<\/div>\n\n\n\n<div style=\"height:100px\" aria-hidden=\"true\" class=\"wp-block-spacer is-style-m-spacerfull\"><\/div>\n\n\n\n<div class=\"wp-block-columns is-layout-flex wp-container-core-columns-is-layout-9d6595d7 wp-block-columns-is-layout-flex\">\n<div class=\"wp-block-column is-layout-flow wp-block-column-is-layout-flow\">\n<div class=\"wp-block-columns is-layout-flex wp-container-core-columns-is-layout-9d6595d7 wp-block-columns-is-layout-flex\">\n<div class=\"wp-block-column is-vertically-aligned-center is-layout-flow wp-block-column-is-layout-flow\" style=\"flex-basis:150px\">\n<figure class=\"wp-block-image size-large\"><img loading=\"lazy\" decoding=\"async\" width=\"1024\" height=\"996\" src=\"https:\/\/zagleszczecin.eu\/wp-content\/uploads\/2025\/07\/5-1024x996.png\" alt=\"\" class=\"wp-image-3748\" srcset=\"https:\/\/zagleszczecin.eu\/wp-content\/uploads\/2025\/07\/5-1024x996.png 1024w, https:\/\/zagleszczecin.eu\/wp-content\/uploads\/2025\/07\/5-300x292.png 300w, https:\/\/zagleszczecin.eu\/wp-content\/uploads\/2025\/07\/5-768x747.png 768w, https:\/\/zagleszczecin.eu\/wp-content\/uploads\/2025\/07\/5-40x40.png 40w, https:\/\/zagleszczecin.eu\/wp-content\/uploads\/2025\/07\/5-1111x1080.png 1111w, https:\/\/zagleszczecin.eu\/wp-content\/uploads\/2025\/07\/5-226x220.png 226w, https:\/\/zagleszczecin.eu\/wp-content\/uploads\/2025\/07\/5-980x953.png 980w, https:\/\/zagleszczecin.eu\/wp-content\/uploads\/2025\/07\/5-154x150.png 154w, https:\/\/zagleszczecin.eu\/wp-content\/uploads\/2025\/07\/5.png 1522w, https:\/\/zagleszczecin.eu\/wp-content\/uploads\/2025\/07\/5-300x292@2x.png 600w, https:\/\/zagleszczecin.eu\/wp-content\/uploads\/2025\/07\/5-40x40@2x.png 80w, https:\/\/zagleszczecin.eu\/wp-content\/uploads\/2025\/07\/5-226x220@2x.png 452w, https:\/\/zagleszczecin.eu\/wp-content\/uploads\/2025\/07\/5-154x150@2x.png 308w\" sizes=\"auto, (max-width: 1024px) 100vw, 1024px\"><\/figure>\n<\/div>\n\n\n\n<div class=\"wp-block-column is-layout-flow wp-block-column-is-layout-flow\">\n<p>Menschen mit Behinderungen erhalten die M\u00f6glichkeit, sich auf dem Veranstaltungsgel\u00e4nde barrierefrei zu bewegen und die Schiffe zu besichtigen. Nach vorheriger Anmeldung stellt ein spezieller Service die notwendige Unterst\u00fctzung bereit, um eine aktive Teilnahme am Segelfestival zu erm\u00f6glichen. Zus\u00e4tzlich stehen f\u00fcr Inhaber von Behindertenparkausweisen Stellpl\u00e4tze in einer speziell ausgewiesenen Zone in unmittelbarer B\u00fchnenn\u00e4he zur Verf\u00fcgung. Auch direkt neben der B\u00fchne gibt es reservierte, gepflasterte Fl\u00e4chen ohne bauliche Hindernisse.<br>Am Visit-Szczecin-Stand kommunizieren unsere Mitarbeitenden neben Polnisch, Deutsch und Englisch auch in Polnischer Geb\u00e4rdensprache.<br><\/p>\n<\/div>\n<\/div>\n<\/div>\n<\/div>\n\n\n\n<div style=\"height:41px\" aria-hidden=\"true\" class=\"wp-block-spacer is-style-m-spacerhalf\"><\/div>\n\n\n\n<div class=\"wp-block-columns is-layout-flex wp-container-core-columns-is-layout-9d6595d7 wp-block-columns-is-layout-flex\">\n<div class=\"wp-block-column is-layout-flow wp-block-column-is-layout-flow\">\n<div class=\"wp-block-columns is-layout-flex wp-container-core-columns-is-layout-9d6595d7 wp-block-columns-is-layout-flex\">\n<div class=\"wp-block-column is-vertically-aligned-center is-layout-flow wp-block-column-is-layout-flow\" style=\"flex-basis:150px\">\n<figure class=\"wp-block-image size-large\"><img loading=\"lazy\" decoding=\"async\" width=\"1024\" height=\"996\" src=\"https:\/\/zagleszczecin.eu\/wp-content\/uploads\/2025\/07\/9-1024x996.png\" alt=\"\" class=\"wp-image-3760\" srcset=\"https:\/\/zagleszczecin.eu\/wp-content\/uploads\/2025\/07\/9-1024x996.png 1024w, https:\/\/zagleszczecin.eu\/wp-content\/uploads\/2025\/07\/9-300x292.png 300w, https:\/\/zagleszczecin.eu\/wp-content\/uploads\/2025\/07\/9-768x747.png 768w, https:\/\/zagleszczecin.eu\/wp-content\/uploads\/2025\/07\/9-40x40.png 40w, https:\/\/zagleszczecin.eu\/wp-content\/uploads\/2025\/07\/9-1111x1080.png 1111w, https:\/\/zagleszczecin.eu\/wp-content\/uploads\/2025\/07\/9-226x220.png 226w, https:\/\/zagleszczecin.eu\/wp-content\/uploads\/2025\/07\/9-980x953.png 980w, https:\/\/zagleszczecin.eu\/wp-content\/uploads\/2025\/07\/9-154x150.png 154w, https:\/\/zagleszczecin.eu\/wp-content\/uploads\/2025\/07\/9.png 1522w, https:\/\/zagleszczecin.eu\/wp-content\/uploads\/2025\/07\/9-300x292@2x.png 600w, https:\/\/zagleszczecin.eu\/wp-content\/uploads\/2025\/07\/9-40x40@2x.png 80w, https:\/\/zagleszczecin.eu\/wp-content\/uploads\/2025\/07\/9-226x220@2x.png 452w, https:\/\/zagleszczecin.eu\/wp-content\/uploads\/2025\/07\/9-154x150@2x.png 308w\" sizes=\"auto, (max-width: 1024px) 100vw, 1024px\"><\/figure>\n<\/div>\n\n\n\n<div class=\"wp-block-column is-layout-flow wp-block-column-is-layout-flow\">\n<p>Alle unsere Informationsmaterialien, Karten sowie das Programm sind online verf\u00fcgbar, wodurch wir die Produktion von gedruckten Materialien erheblich reduzieren.<br>Jahr f\u00fcr Jahr reduzieren wir den Einsatz von Plastik auf unserer Veranstaltung \u2013 nicht nur als Erf\u00fcllung der EU-Richtlinien, sondern auch als Ergebnis unserer kontinuierlichen Bem\u00fchungen und im Dialog mit den Ausstellern, die zunehmend auf umweltfreundlichere Alternativen beim Geschirr umstellen.<br>Bei der Organisation der Veranstaltung arbeiten wir mit lokalen Unternehmen und Dienstleistern zusammen \u2013 und st\u00e4rken damit die regionale Wirtschaft.<\/p>\n<\/div>\n<\/div>\n\n\n\n<div style=\"height:41px\" aria-hidden=\"true\" class=\"wp-block-spacer is-style-m-spacerhalf\"><\/div>\n<\/div>\n<\/div>\n\n\n\n<div style=\"height:100px\" aria-hidden=\"true\" class=\"wp-block-spacer is-style-m-spacerfull\"><\/div>\n","protected":false},"excerpt":{"rendered":"<p>Die Veranstaltung Sails ist nicht nur ein Fest des Segelns, sondern auch ein Beispiel daf\u00fcr, wie man Freude mit Umweltbewusstsein verbinden kann. Inspiriert vom Prinzip der Nachhaltigkeit setzen wir Ma\u00dfnahmen [&hellip;]<\/p>\n","protected":false},"author":1,"featured_media":3800,"parent":0,"menu_order":17,"comment_status":"closed","ping_status":"closed","template":"","meta":{"_acf_changed":false,"inline_featured_image":false,"footnotes":"","_links_to":"","_links_to_target":""},"class_list":["post-3694","page","type-page","status-publish","has-post-thumbnail","hentry"],"acf":[],"yoast_head":"<!-- This site is optimized with the Yoast SEO plugin v25.1 - https:\/\/yoast.com\/wordpress\/plugins\/seo\/ -->\n<title>Green Event - \u017bagle 2026<\/title>\n<meta name=\"robots\" content=\"noindex, follow, max-snippet:-1, max-image-preview:large, max-video-preview:-1\" \/>\n<meta property=\"og:locale\" content=\"de_DE\" \/>\n<meta property=\"og:type\" content=\"article\" \/>\n<meta property=\"og:title\" content=\"Green Event - \u017bagle 2026\" \/>\n<meta property=\"og:description\" content=\"Die Veranstaltung Sails ist nicht nur ein Fest des Segelns, sondern auch ein Beispiel daf\u00fcr, wie man Freude mit Umweltbewusstsein verbinden kann. Inspiriert vom Prinzip der Nachhaltigkeit setzen wir Ma\u00dfnahmen [&hellip;]\" \/>\n<meta property=\"og:url\" content=\"https:\/\/zagleszczecin.eu\/de\/green-event\/\" \/>\n<meta property=\"og:site_name\" content=\"\u017bagle 2026\" \/>\n<meta property=\"article:modified_time\" content=\"2025-07-08T12:20:11+00:00\" \/>\n<meta name=\"twitter:card\" content=\"summary_large_image\" \/>\n<meta name=\"twitter:label1\" content=\"Gesch\u00e4tzte Lesezeit\" \/>\n\t<meta name=\"twitter:data1\" content=\"4\u00a0Minuten\" \/>\n<script type=\"application\/ld+json\" class=\"yoast-schema-graph\">{\"@context\":\"https:\/\/schema.org\",\"@graph\":[{\"@type\":\"WebPage\",\"@id\":\"https:\/\/zagleszczecin.eu\/de\/green-event\/\",\"url\":\"https:\/\/zagleszczecin.eu\/de\/green-event\/\",\"name\":\"Green Event - \u017bagle 2026\",\"isPartOf\":{\"@id\":\"https:\/\/zagleszczecin.eu\/de\/#website\"},\"primaryImageOfPage\":{\"@id\":\"https:\/\/zagleszczecin.eu\/de\/green-event\/#primaryimage\"},\"image\":{\"@id\":\"https:\/\/zagleszczecin.eu\/de\/green-event\/#primaryimage\"},\"thumbnailUrl\":\"https:\/\/zagleszczecin.eu\/wp-content\/uploads\/2025\/07\/Projekt-bez-nazwy-4.svg\",\"datePublished\":\"2025-04-24T12:17:44+00:00\",\"dateModified\":\"2025-07-08T12:20:11+00:00\",\"breadcrumb\":{\"@id\":\"https:\/\/zagleszczecin.eu\/de\/green-event\/#breadcrumb\"},\"inLanguage\":\"de\",\"potentialAction\":[{\"@type\":\"ReadAction\",\"target\":[\"https:\/\/zagleszczecin.eu\/de\/green-event\/\"]}]},{\"@type\":\"ImageObject\",\"inLanguage\":\"de\",\"@id\":\"https:\/\/zagleszczecin.eu\/de\/green-event\/#primaryimage\",\"url\":\"https:\/\/zagleszczecin.eu\/wp-content\/uploads\/2025\/07\/Projekt-bez-nazwy-4.svg\",\"contentUrl\":\"https:\/\/zagleszczecin.eu\/wp-content\/uploads\/2025\/07\/Projekt-bez-nazwy-4.svg\"},{\"@type\":\"BreadcrumbList\",\"@id\":\"https:\/\/zagleszczecin.eu\/de\/green-event\/#breadcrumb\",\"itemListElement\":[{\"@type\":\"ListItem\",\"position\":1,\"name\":\"Strona g\u0142\u00f3wna\",\"item\":\"https:\/\/zagleszczecin.eu\/de\/\"},{\"@type\":\"ListItem\",\"position\":2,\"name\":\"Green Event\"}]},{\"@type\":\"WebSite\",\"@id\":\"https:\/\/zagleszczecin.eu\/de\/#website\",\"url\":\"https:\/\/zagleszczecin.eu\/de\/\",\"name\":\"\u017bagle 2026\",\"description\":\"Kurs na Szczecin\",\"potentialAction\":[{\"@type\":\"SearchAction\",\"target\":{\"@type\":\"EntryPoint\",\"urlTemplate\":\"https:\/\/zagleszczecin.eu\/de\/?s={search_term_string}\"},\"query-input\":{\"@type\":\"PropertyValueSpecification\",\"valueRequired\":true,\"valueName\":\"search_term_string\"}}],\"inLanguage\":\"de\"}]}<\/script>\n<!-- \/ Yoast SEO plugin. -->","yoast_head_json":{"title":"Green Event - \u017bagle 2026","robots":{"index":"noindex","follow":"follow","max-snippet":"max-snippet:-1","max-image-preview":"max-image-preview:large","max-video-preview":"max-video-preview:-1"},"og_locale":"de_DE","og_type":"article","og_title":"Green Event - \u017bagle 2026","og_description":"Die Veranstaltung Sails ist nicht nur ein Fest des Segelns, sondern auch ein Beispiel daf\u00fcr, wie man Freude mit Umweltbewusstsein verbinden kann. Inspiriert vom Prinzip der Nachhaltigkeit setzen wir Ma\u00dfnahmen [&hellip;]","og_url":"https:\/\/zagleszczecin.eu\/de\/green-event\/","og_site_name":"\u017bagle 2026","article_modified_time":"2025-07-08T12:20:11+00:00","twitter_card":"summary_large_image","twitter_misc":{"Gesch\u00e4tzte Lesezeit":"4\u00a0Minuten"},"schema":{"@context":"https:\/\/schema.org","@graph":[{"@type":"WebPage","@id":"https:\/\/zagleszczecin.eu\/de\/green-event\/","url":"https:\/\/zagleszczecin.eu\/de\/green-event\/","name":"Green Event - \u017bagle 2026","isPartOf":{"@id":"https:\/\/zagleszczecin.eu\/de\/#website"},"primaryImageOfPage":{"@id":"https:\/\/zagleszczecin.eu\/de\/green-event\/#primaryimage"},"image":{"@id":"https:\/\/zagleszczecin.eu\/de\/green-event\/#primaryimage"},"thumbnailUrl":"https:\/\/zagleszczecin.eu\/wp-content\/uploads\/2025\/07\/Projekt-bez-nazwy-4.svg","datePublished":"2025-04-24T12:17:44+00:00","dateModified":"2025-07-08T12:20:11+00:00","breadcrumb":{"@id":"https:\/\/zagleszczecin.eu\/de\/green-event\/#breadcrumb"},"inLanguage":"de","potentialAction":[{"@type":"ReadAction","target":["https:\/\/zagleszczecin.eu\/de\/green-event\/"]}]},{"@type":"ImageObject","inLanguage":"de","@id":"https:\/\/zagleszczecin.eu\/de\/green-event\/#primaryimage","url":"https:\/\/zagleszczecin.eu\/wp-content\/uploads\/2025\/07\/Projekt-bez-nazwy-4.svg","contentUrl":"https:\/\/zagleszczecin.eu\/wp-content\/uploads\/2025\/07\/Projekt-bez-nazwy-4.svg"},{"@type":"BreadcrumbList","@id":"https:\/\/zagleszczecin.eu\/de\/green-event\/#breadcrumb","itemListElement":[{"@type":"ListItem","position":1,"name":"Strona g\u0142\u00f3wna","item":"https:\/\/zagleszczecin.eu\/de\/"},{"@type":"ListItem","position":2,"name":"Green Event"}]},{"@type":"WebSite","@id":"https:\/\/zagleszczecin.eu\/de\/#website","url":"https:\/\/zagleszczecin.eu\/de\/","name":"\u017bagle 2026","description":"Kurs na Szczecin","potentialAction":[{"@type":"SearchAction","target":{"@type":"EntryPoint","urlTemplate":"https:\/\/zagleszczecin.eu\/de\/?s={search_term_string}"},"query-input":{"@type":"PropertyValueSpecification","valueRequired":true,"valueName":"search_term_string"}}],"inLanguage":"de"}]}},"_links":{"self":[{"href":"https:\/\/zagleszczecin.eu\/de\/wp-json\/wp\/v2\/pages\/3694","targetHints":{"allow":["GET"]}}],"collection":[{"href":"https:\/\/zagleszczecin.eu\/de\/wp-json\/wp\/v2\/pages"}],"about":[{"href":"https:\/\/zagleszczecin.eu\/de\/wp-json\/wp\/v2\/types\/page"}],"author":[{"embeddable":true,"href":"https:\/\/zagleszczecin.eu\/de\/wp-json\/wp\/v2\/users\/1"}],"replies":[{"embeddable":true,"href":"https:\/\/zagleszczecin.eu\/de\/wp-json\/wp\/v2\/comments?post=3694"}],"version-history":[{"count":1,"href":"https:\/\/zagleszczecin.eu\/de\/wp-json\/wp\/v2\/pages\/3694\/revisions"}],"predecessor-version":[{"id":3805,"href":"https:\/\/zagleszczecin.eu\/de\/wp-json\/wp\/v2\/pages\/3694\/revisions\/3805"}],"wp:featuredmedia":[{"embeddable":true,"href":"https:\/\/zagleszczecin.eu\/de\/wp-json\/wp\/v2\/media\/3800"}],"wp:attachment":[{"href":"https:\/\/zagleszczecin.eu\/de\/wp-json\/wp\/v2\/media?parent=3694"}],"curies":[{"name":"wp","href":"https:\/\/api.w.org\/{rel}","templated":true}]}}