{"id":3373,"date":"2025-04-24T14:07:08","date_gmt":"2025-04-24T12:07:08","guid":{"rendered":"https:\/\/zagleszczecin.eu\/kontakt\/"},"modified":"2026-02-11T11:19:29","modified_gmt":"2026-02-11T09:19:29","slug":"kontakt","status":"publish","type":"page","link":"https:\/\/zagleszczecin.eu\/de\/kontakt\/","title":{"rendered":"Kontakt"},"content":{"rendered":"\n<div class=\"wp-block-my-custom-container moai-wrapper mbhc mbvc mbcv  mbfixed bialy has-white-color has-text-color has-link-color wp-elements-aef7d0690a64c755852e222ddfb99baf\" style=\"background-image:url(https:\/\/zagleszczecin.eu\/wp-content\/uploads\/2025\/04\/WIDOKI-DZIEN-08032024-SW-014.jpg)\" id=\"pageheader\">\n<div class=\"wp-block-columns is-layout-flex wp-container-core-columns-is-layout-9d6595d7 wp-block-columns-is-layout-flex\">\n<div class=\"wp-block-column is-layout-flow wp-block-column-is-layout-flow\">\n<h1 class=\"wp-block-heading has-text-align-center\">Kontakt<\/h1>\n\n\n<div class=\"wp-block-image\">\n<figure class=\"aligncenter size-full is-resized\"><img loading=\"lazy\" decoding=\"async\" width=\"920\" height=\"224\" src=\"https:\/\/zagleszczecin.eu\/wp-content\/uploads\/2026\/02\/ZAGLE-26_logoB.png\" alt=\"\" class=\"wp-image-5879\" style=\"width:350px\" srcset=\"https:\/\/zagleszczecin.eu\/wp-content\/uploads\/2026\/02\/ZAGLE-26_logoB.png 920w, https:\/\/zagleszczecin.eu\/wp-content\/uploads\/2026\/02\/ZAGLE-26_logoB-300x73.png 300w, https:\/\/zagleszczecin.eu\/wp-content\/uploads\/2026\/02\/ZAGLE-26_logoB-768x187.png 768w, https:\/\/zagleszczecin.eu\/wp-content\/uploads\/2026\/02\/ZAGLE-26_logoB-40x10.png 40w, https:\/\/zagleszczecin.eu\/wp-content\/uploads\/2026\/02\/ZAGLE-26_logoB-600x146.png 600w, https:\/\/zagleszczecin.eu\/wp-content\/uploads\/2026\/02\/ZAGLE-26_logoB-230x56.png 230w, https:\/\/zagleszczecin.eu\/wp-content\/uploads\/2026\/02\/ZAGLE-26_logoB-40x10@2x.png 80w, https:\/\/zagleszczecin.eu\/wp-content\/uploads\/2026\/02\/ZAGLE-26_logoB-230x56@2x.png 460w\" sizes=\"auto, (max-width: 920px) 100vw, 920px\"><\/figure><\/div>\n\n\n<p class=\"has-text-align-center\">Sp\u00fcre das Meeresflair<br>im Herzen der Stadt<\/p>\n<\/div>\n<\/div>\n<\/div>\n\n\n\n<div class=\"wp-block-columns is-layout-flex wp-container-core-columns-is-layout-9d6595d7 wp-block-columns-is-layout-flex\">\n<div class=\"wp-block-column is-layout-flow wp-block-column-is-layout-flow\">\n<div style=\"height:100px\" aria-hidden=\"true\" class=\"wp-block-spacer is-style-m-spacerfull\"><\/div>\n\n\n\n<h3 class=\"wp-block-heading\">\u017begluga Szczeci\u0144ska Turystyka Wydarzenia<\/h3>\n\n\n\n<p><strong>Sekretariat:<\/strong><br>tel. <a href=\"tel:+48%2091%2035%2016%20200\">+48 91 35 16 200<\/a><\/p>\n\n\n\n<h3 class=\"wp-block-heading\">Centrum \u017beglarskie<\/h3>\n\n\n\n<p><strong>Sekretariat:<\/strong><br>tel.: <a href=\"tel:+48%2091%20460%2008%2044\">+48 91 460 08 44<\/a><\/p>\n\n\n\n<h3 class=\"wp-block-heading\">Szczeci\u0144ska Agencja Artystyczna<\/h3>\n\n\n\n<p><strong>Sekretariat<br><\/strong>tel.: <a href=\"tel:+48%2091%2043%2019%20571\">+48 91 43 19 571<\/a><\/p>\n\n\n\n<div style=\"height:100px\" aria-hidden=\"true\" class=\"wp-block-spacer is-style-m-spacerfull\"><\/div>\n<\/div>\n<\/div>\n","protected":false},"excerpt":{"rendered":"<p>\u017begluga Szczeci\u0144ska Turystyka Wydarzenia Sekretariat:tel. +48 91 35 16 200 Centrum \u017beglarskie Sekretariat:tel.: +48 91 460 08 44 Szczeci\u0144ska Agencja Artystyczna Sekretariattel.: +48 91 43 19 571<\/p>\n","protected":false},"author":1,"featured_media":0,"parent":0,"menu_order":35,"comment_status":"closed","ping_status":"closed","template":"","meta":{"_acf_changed":false,"inline_featured_image":false,"footnotes":"","_links_to":"","_links_to_target":""},"class_list":["post-3373","page","type-page","status-publish","hentry"],"acf":[],"yoast_head":"<!-- This site is optimized with the Yoast SEO plugin v25.1 - https:\/\/yoast.com\/wordpress\/plugins\/seo\/ -->\n<title>Kontakt - \u017bagle 2026<\/title>\n<meta name=\"robots\" content=\"noindex, follow, max-snippet:-1, max-image-preview:large, max-video-preview:-1\" \/>\n<meta property=\"og:locale\" content=\"de_DE\" \/>\n<meta property=\"og:type\" content=\"article\" \/>\n<meta property=\"og:title\" content=\"Kontakt - \u017bagle 2026\" \/>\n<meta property=\"og:description\" content=\"\u017begluga Szczeci\u0144ska Turystyka Wydarzenia Sekretariat:tel. +48 91 35 16 200 Centrum \u017beglarskie Sekretariat:tel.: +48 91 460 08 44 Szczeci\u0144ska Agencja Artystyczna Sekretariattel.: +48 91 43 19 571\" \/>\n<meta property=\"og:url\" content=\"https:\/\/zagleszczecin.eu\/de\/kontakt\/\" \/>\n<meta property=\"og:site_name\" content=\"\u017bagle 2026\" \/>\n<meta property=\"article:modified_time\" content=\"2026-02-11T09:19:29+00:00\" \/>\n<meta property=\"og:image\" content=\"https:\/\/zagleszczecin.eu\/wp-content\/uploads\/2026\/02\/ZAGLE-26_logoB.png\" \/>\n\t<meta property=\"og:image:width\" content=\"920\" \/>\n\t<meta property=\"og:image:height\" content=\"224\" \/>\n\t<meta property=\"og:image:type\" content=\"image\/png\" \/>\n<meta name=\"twitter:card\" content=\"summary_large_image\" \/>\n<meta name=\"twitter:label1\" content=\"Gesch\u00e4tzte Lesezeit\" \/>\n\t<meta name=\"twitter:data1\" content=\"1\u00a0Minute\" \/>\n<script type=\"application\/ld+json\" class=\"yoast-schema-graph\">{\"@context\":\"https:\/\/schema.org\",\"@graph\":[{\"@type\":\"WebPage\",\"@id\":\"https:\/\/zagleszczecin.eu\/de\/kontakt\/\",\"url\":\"https:\/\/zagleszczecin.eu\/de\/kontakt\/\",\"name\":\"Kontakt - \u017bagle 2026\",\"isPartOf\":{\"@id\":\"https:\/\/zagleszczecin.eu\/de\/#website\"},\"primaryImageOfPage\":{\"@id\":\"https:\/\/zagleszczecin.eu\/de\/kontakt\/#primaryimage\"},\"image\":{\"@id\":\"https:\/\/zagleszczecin.eu\/de\/kontakt\/#primaryimage\"},\"thumbnailUrl\":\"https:\/\/zagleszczecin.eu\/wp-content\/uploads\/2026\/02\/ZAGLE-26_logoB.png\",\"datePublished\":\"2025-04-24T12:07:08+00:00\",\"dateModified\":\"2026-02-11T09:19:29+00:00\",\"breadcrumb\":{\"@id\":\"https:\/\/zagleszczecin.eu\/de\/kontakt\/#breadcrumb\"},\"inLanguage\":\"de\",\"potentialAction\":[{\"@type\":\"ReadAction\",\"target\":[\"https:\/\/zagleszczecin.eu\/de\/kontakt\/\"]}]},{\"@type\":\"ImageObject\",\"inLanguage\":\"de\",\"@id\":\"https:\/\/zagleszczecin.eu\/de\/kontakt\/#primaryimage\",\"url\":\"https:\/\/zagleszczecin.eu\/wp-content\/uploads\/2026\/02\/ZAGLE-26_logoB.png\",\"contentUrl\":\"https:\/\/zagleszczecin.eu\/wp-content\/uploads\/2026\/02\/ZAGLE-26_logoB.png\"},{\"@type\":\"BreadcrumbList\",\"@id\":\"https:\/\/zagleszczecin.eu\/de\/kontakt\/#breadcrumb\",\"itemListElement\":[{\"@type\":\"ListItem\",\"position\":1,\"name\":\"Strona g\u0142\u00f3wna\",\"item\":\"https:\/\/zagleszczecin.eu\/de\/\"},{\"@type\":\"ListItem\",\"position\":2,\"name\":\"Kontakt\"}]},{\"@type\":\"WebSite\",\"@id\":\"https:\/\/zagleszczecin.eu\/de\/#website\",\"url\":\"https:\/\/zagleszczecin.eu\/de\/\",\"name\":\"\u017bagle 2026\",\"description\":\"Kurs na Szczecin\",\"potentialAction\":[{\"@type\":\"SearchAction\",\"target\":{\"@type\":\"EntryPoint\",\"urlTemplate\":\"https:\/\/zagleszczecin.eu\/de\/?s={search_term_string}\"},\"query-input\":{\"@type\":\"PropertyValueSpecification\",\"valueRequired\":true,\"valueName\":\"search_term_string\"}}],\"inLanguage\":\"de\"}]}<\/script>\n<!-- \/ Yoast SEO plugin. -->","yoast_head_json":{"title":"Kontakt - \u017bagle 2026","robots":{"index":"noindex","follow":"follow","max-snippet":"max-snippet:-1","max-image-preview":"max-image-preview:large","max-video-preview":"max-video-preview:-1"},"og_locale":"de_DE","og_type":"article","og_title":"Kontakt - \u017bagle 2026","og_description":"\u017begluga Szczeci\u0144ska Turystyka Wydarzenia Sekretariat:tel. +48 91 35 16 200 Centrum \u017beglarskie Sekretariat:tel.: +48 91 460 08 44 Szczeci\u0144ska Agencja Artystyczna Sekretariattel.: +48 91 43 19 571","og_url":"https:\/\/zagleszczecin.eu\/de\/kontakt\/","og_site_name":"\u017bagle 2026","article_modified_time":"2026-02-11T09:19:29+00:00","og_image":[{"width":920,"height":224,"url":"https:\/\/zagleszczecin.eu\/wp-content\/uploads\/2026\/02\/ZAGLE-26_logoB.png","type":"image\/png"}],"twitter_card":"summary_large_image","twitter_misc":{"Gesch\u00e4tzte Lesezeit":"1\u00a0Minute"},"schema":{"@context":"https:\/\/schema.org","@graph":[{"@type":"WebPage","@id":"https:\/\/zagleszczecin.eu\/de\/kontakt\/","url":"https:\/\/zagleszczecin.eu\/de\/kontakt\/","name":"Kontakt - \u017bagle 2026","isPartOf":{"@id":"https:\/\/zagleszczecin.eu\/de\/#website"},"primaryImageOfPage":{"@id":"https:\/\/zagleszczecin.eu\/de\/kontakt\/#primaryimage"},"image":{"@id":"https:\/\/zagleszczecin.eu\/de\/kontakt\/#primaryimage"},"thumbnailUrl":"https:\/\/zagleszczecin.eu\/wp-content\/uploads\/2026\/02\/ZAGLE-26_logoB.png","datePublished":"2025-04-24T12:07:08+00:00","dateModified":"2026-02-11T09:19:29+00:00","breadcrumb":{"@id":"https:\/\/zagleszczecin.eu\/de\/kontakt\/#breadcrumb"},"inLanguage":"de","potentialAction":[{"@type":"ReadAction","target":["https:\/\/zagleszczecin.eu\/de\/kontakt\/"]}]},{"@type":"ImageObject","inLanguage":"de","@id":"https:\/\/zagleszczecin.eu\/de\/kontakt\/#primaryimage","url":"https:\/\/zagleszczecin.eu\/wp-content\/uploads\/2026\/02\/ZAGLE-26_logoB.png","contentUrl":"https:\/\/zagleszczecin.eu\/wp-content\/uploads\/2026\/02\/ZAGLE-26_logoB.png"},{"@type":"BreadcrumbList","@id":"https:\/\/zagleszczecin.eu\/de\/kontakt\/#breadcrumb","itemListElement":[{"@type":"ListItem","position":1,"name":"Strona g\u0142\u00f3wna","item":"https:\/\/zagleszczecin.eu\/de\/"},{"@type":"ListItem","position":2,"name":"Kontakt"}]},{"@type":"WebSite","@id":"https:\/\/zagleszczecin.eu\/de\/#website","url":"https:\/\/zagleszczecin.eu\/de\/","name":"\u017bagle 2026","description":"Kurs na Szczecin","potentialAction":[{"@type":"SearchAction","target":{"@type":"EntryPoint","urlTemplate":"https:\/\/zagleszczecin.eu\/de\/?s={search_term_string}"},"query-input":{"@type":"PropertyValueSpecification","valueRequired":true,"valueName":"search_term_string"}}],"inLanguage":"de"}]}},"_links":{"self":[{"href":"https:\/\/zagleszczecin.eu\/de\/wp-json\/wp\/v2\/pages\/3373","targetHints":{"allow":["GET"]}}],"collection":[{"href":"https:\/\/zagleszczecin.eu\/de\/wp-json\/wp\/v2\/pages"}],"about":[{"href":"https:\/\/zagleszczecin.eu\/de\/wp-json\/wp\/v2\/types\/page"}],"author":[{"embeddable":true,"href":"https:\/\/zagleszczecin.eu\/de\/wp-json\/wp\/v2\/users\/1"}],"replies":[{"embeddable":true,"href":"https:\/\/zagleszczecin.eu\/de\/wp-json\/wp\/v2\/comments?post=3373"}],"version-history":[{"count":2,"href":"https:\/\/zagleszczecin.eu\/de\/wp-json\/wp\/v2\/pages\/3373\/revisions"}],"predecessor-version":[{"id":5898,"href":"https:\/\/zagleszczecin.eu\/de\/wp-json\/wp\/v2\/pages\/3373\/revisions\/5898"}],"wp:attachment":[{"href":"https:\/\/zagleszczecin.eu\/de\/wp-json\/wp\/v2\/media?parent=3373"}],"curies":[{"name":"wp","href":"https:\/\/api.w.org\/{rel}","templated":true}]}}