{"id":3117,"date":"2025-04-22T16:16:09","date_gmt":"2025-04-22T14:16:09","guid":{"rendered":"https:\/\/zagleszczecin.eu\/faq\/"},"modified":"2026-04-03T10:41:54","modified_gmt":"2026-04-03T08:41:54","slug":"faq","status":"publish","type":"page","link":"https:\/\/zagleszczecin.eu\/de\/ueber-zagle\/faq\/","title":{"rendered":"FAQ"},"content":{"rendered":"\n<div style=\"height:100px\" aria-hidden=\"true\" class=\"wp-block-spacer is-style-m-spacerhead\"><\/div>\n\n\n\n<h1 class=\"wp-block-heading has-text-align-center\">FAQ<\/h1>\n\n\n\n<div class=\"wp-block-columns is-layout-flex wp-container-core-columns-is-layout-9d6595d7 wp-block-columns-is-layout-flex\">\n<div class=\"wp-block-column is-layout-flow wp-block-column-is-layout-flow\"><div class=\"moai-wrapper accordion\" id=\"moai-cb287620\">\n<div class=\"moai-item\" id=\"item-dcbe47e3\">\r\n            <div class=\"moai-item-header\">\r\n                <h3 class=\"moai-item-title\">Wie komme ich zur Veranstaltung?<br><\/h3>\r\n            <\/div>\r\n            <div class=\"moai-item-content\">\n\n<p>Der schnellste Weg zum Veranstaltungsort ist zweifellos die Nutzung \u00f6ffentlicher Verkehrsmittel. Lassen Sie Ihr Auto w\u00e4hrend der Sails zu Hause und steigen Sie stattdessen auf Stra\u00dfenbahn oder Bus um. Die Haltestellen des \u00f6ffentlichen Nahverkehrs befinden sich direkt im Herzen der Veranstaltung. W\u00e4hrend der Veranstaltung werden zus\u00e4tzliche Busse und Stra\u00dfenbahnen eingesetzt, um einen reibungslosen und effizienten Ablauf zu gew\u00e4hrleisten.\u2028Einen detaillierten Fahrplan finden Sie im Abschnitt ZUGANG UND PARKEN.<\/p>\n\n<\/div>\r\n        <\/div>\n\n<div class=\"moai-item\" id=\"item-620ade88\">\r\n            <div class=\"moai-item-header\">\r\n                <h3 class=\"moai-item-title\">Kann ich die Segelschiffe besichtigen?\u2028<\/h3>\r\n            <\/div>\r\n            <div class=\"moai-item-content\">\n\n<p>Ja, alle Schiffe, die im Rahmen der Sails 2025 nach Stettin kommen, \u00f6ffnen ihre Decks f\u00fcr Besucher. Die genauen Besuchszeiten werden vom jeweiligen Kapit\u00e4n festgelegt.<\/p>\n\n<\/div>\r\n        <\/div>\n\n<div class=\"moai-item\" id=\"item-e0188e40\">\r\n            <div class=\"moai-item-header\">\r\n                <h3 class=\"moai-item-title\">Wie kann ich Tickets f\u00fcr die Kreuzfahrten kaufen?<\/h3>\r\n            <\/div>\r\n            <div class=\"moai-item-content\">\n\n<p>\u2028Tickets sind w\u00e4hrend der Veranstaltung am offiziellen Sails-Stand in der Jana-z-Kolna-Stra\u00dfe erh\u00e4ltlich.<\/p>\n\n<\/div>\r\n        <\/div>\n\n<div class=\"moai-item\" id=\"item-acb80319\">\r\n            <div class=\"moai-item-header\">\r\n                <h3 class=\"moai-item-title\">Sind Eintrittskarten f\u00fcr die Konzerte erforderlich?<\/h3>\r\n            <\/div>\r\n            <div class=\"moai-item-content\">\n\n<p>\u2028Nein. Alle Veranstaltungen an Land, einschlie\u00dflich der Konzerte, sind kostenlos. Tickets werden nur f\u00fcr die Schifffahrten auf der Oder ben\u00f6tigt.<\/p>\n\n<\/div>\r\n        <\/div>\n\n<div class=\"moai-item\" id=\"item-d230fff2\">\r\n            <div class=\"moai-item-header\">\r\n                <h3 class=\"moai-item-title\">Ich m\u00f6chte ein Deck mieten.<\/h3>\r\n            <\/div>\r\n            <div class=\"moai-item-content\">\n\n<p>\u2028Interessenten, die ein Deck f\u00fcr eine private oder gesch\u00e4ftliche Veranstaltung mieten m\u00f6chten, werden gebeten, sich an den Veranstalter zu wenden. Weitere Informationen finden Sie im Bereich FOR BUSINESS.<\/p>\n\n<\/div>\r\n        <\/div>\n\n<div class=\"moai-item\" id=\"item-0c48d938\">\r\n            <div class=\"moai-item-header\">\r\n                <h3 class=\"moai-item-title\">Darf ich w\u00e4hrend der Veranstaltung eine Drohne fliegen?<\/h3>\r\n            <\/div>\r\n            <div class=\"moai-item-content\">\n\n<p>\u2028Nein. W\u00e4hrend der Sails-Veranstaltung ist der Luftraum \u00fcber der Oder gesperrt. Unerlaubte Drohnenfl\u00fcge sind streng verboten. Zuwiderhandlungen k\u00f6nnen zur Deaktivierung oder Zerst\u00f6rung der Drohne f\u00fchren. Au\u00dferdem drohen Geldstrafen, Freiheitsbeschr\u00e4nkungen oder bis zu einem Jahr Gef\u00e4ngnis.<\/p>\n\n<\/div>\r\n        <\/div>\n\n<div class=\"moai-item\" id=\"item-b49cb0e2\">\r\n            <div class=\"moai-item-header\">\r\n                <h3 class=\"moai-item-title\">Kann ich mit meinem eigenen Schiff am Veranstaltungsort anlegen?<\/h3>\r\n            <\/div>\r\n            <div class=\"moai-item-content\">\n\n<p>\u2028F\u00fcr Informationen zur Verf\u00fcgbarkeit von Liegepl\u00e4tzen wenden Sie sich bitte an das Bosmanat der North East Marina unter +48 539 924 222.<\/p>\n\n<\/div>\r\n        <\/div>\n\n<div class=\"moai-item\" id=\"item-b3c1d93c\">\r\n            <div class=\"moai-item-header\">\r\n                <h3 class=\"moai-item-title\">Wann finden die Seetage statt?<\/h3>\r\n            <\/div>\r\n            <div class=\"moai-item-content\">\n\n<p>\u2028Seit 2019 werden die Days of the Sea nicht mehr veranstaltet. Ab 2021 wurden sie durch die Veranstaltung Sails ersetzt.<\/p>\n\n<\/div>\r\n        <\/div>\n<\/div><\/div>\n<\/div>\n\n\n\n<p><\/p>\n\n\n\n<p><\/p>\n","protected":false},"excerpt":{"rendered":"<p>FAQ<\/p>\n","protected":false},"author":1,"featured_media":0,"parent":3293,"menu_order":50,"comment_status":"closed","ping_status":"closed","template":"","meta":{"_acf_changed":false,"inline_featured_image":false,"footnotes":"","_links_to":"","_links_to_target":""},"class_list":["post-3117","page","type-page","status-publish","hentry"],"acf":[],"yoast_head":"<!-- This site is optimized with the Yoast SEO plugin v25.1 - https:\/\/yoast.com\/wordpress\/plugins\/seo\/ -->\n<title>FAQ - \u017bagle 2026<\/title>\n<meta name=\"robots\" content=\"noindex, follow, max-snippet:-1, max-image-preview:large, max-video-preview:-1\" \/>\n<meta property=\"og:locale\" content=\"de_DE\" \/>\n<meta property=\"og:type\" content=\"article\" \/>\n<meta property=\"og:title\" content=\"FAQ - \u017bagle 2026\" \/>\n<meta property=\"og:description\" content=\"FAQ\" \/>\n<meta property=\"og:url\" content=\"https:\/\/zagleszczecin.eu\/de\/ueber-zagle\/faq\/\" \/>\n<meta property=\"og:site_name\" content=\"\u017bagle 2026\" \/>\n<meta property=\"article:modified_time\" content=\"2026-04-03T08:41:54+00:00\" \/>\n<meta name=\"twitter:card\" content=\"summary_large_image\" \/>\n<meta name=\"twitter:label1\" content=\"Gesch\u00e4tzte Lesezeit\" \/>\n\t<meta name=\"twitter:data1\" content=\"2\u00a0Minuten\" \/>\n<script type=\"application\/ld+json\" class=\"yoast-schema-graph\">{\"@context\":\"https:\/\/schema.org\",\"@graph\":[{\"@type\":\"WebPage\",\"@id\":\"https:\/\/zagleszczecin.eu\/de\/ueber-zagle\/faq\/\",\"url\":\"https:\/\/zagleszczecin.eu\/de\/ueber-zagle\/faq\/\",\"name\":\"FAQ - \u017bagle 2026\",\"isPartOf\":{\"@id\":\"https:\/\/zagleszczecin.eu\/de\/#website\"},\"datePublished\":\"2025-04-22T14:16:09+00:00\",\"dateModified\":\"2026-04-03T08:41:54+00:00\",\"breadcrumb\":{\"@id\":\"https:\/\/zagleszczecin.eu\/de\/ueber-zagle\/faq\/#breadcrumb\"},\"inLanguage\":\"de\",\"potentialAction\":[{\"@type\":\"ReadAction\",\"target\":[\"https:\/\/zagleszczecin.eu\/de\/ueber-zagle\/faq\/\"]}]},{\"@type\":\"BreadcrumbList\",\"@id\":\"https:\/\/zagleszczecin.eu\/de\/ueber-zagle\/faq\/#breadcrumb\",\"itemListElement\":[{\"@type\":\"ListItem\",\"position\":1,\"name\":\"Strona g\u0142\u00f3wna\",\"item\":\"https:\/\/zagleszczecin.eu\/de\/\"},{\"@type\":\"ListItem\",\"position\":2,\"name\":\"\u00dcber \u017bagle\",\"item\":\"https:\/\/zagleszczecin.eu\/de\/ueber-zagle\/\"},{\"@type\":\"ListItem\",\"position\":3,\"name\":\"FAQ\"}]},{\"@type\":\"WebSite\",\"@id\":\"https:\/\/zagleszczecin.eu\/de\/#website\",\"url\":\"https:\/\/zagleszczecin.eu\/de\/\",\"name\":\"\u017bagle 2026\",\"description\":\"Kurs na Szczecin\",\"potentialAction\":[{\"@type\":\"SearchAction\",\"target\":{\"@type\":\"EntryPoint\",\"urlTemplate\":\"https:\/\/zagleszczecin.eu\/de\/?s={search_term_string}\"},\"query-input\":{\"@type\":\"PropertyValueSpecification\",\"valueRequired\":true,\"valueName\":\"search_term_string\"}}],\"inLanguage\":\"de\"}]}<\/script>\n<!-- \/ Yoast SEO plugin. -->","yoast_head_json":{"title":"FAQ - \u017bagle 2026","robots":{"index":"noindex","follow":"follow","max-snippet":"max-snippet:-1","max-image-preview":"max-image-preview:large","max-video-preview":"max-video-preview:-1"},"og_locale":"de_DE","og_type":"article","og_title":"FAQ - \u017bagle 2026","og_description":"FAQ","og_url":"https:\/\/zagleszczecin.eu\/de\/ueber-zagle\/faq\/","og_site_name":"\u017bagle 2026","article_modified_time":"2026-04-03T08:41:54+00:00","twitter_card":"summary_large_image","twitter_misc":{"Gesch\u00e4tzte Lesezeit":"2\u00a0Minuten"},"schema":{"@context":"https:\/\/schema.org","@graph":[{"@type":"WebPage","@id":"https:\/\/zagleszczecin.eu\/de\/ueber-zagle\/faq\/","url":"https:\/\/zagleszczecin.eu\/de\/ueber-zagle\/faq\/","name":"FAQ - \u017bagle 2026","isPartOf":{"@id":"https:\/\/zagleszczecin.eu\/de\/#website"},"datePublished":"2025-04-22T14:16:09+00:00","dateModified":"2026-04-03T08:41:54+00:00","breadcrumb":{"@id":"https:\/\/zagleszczecin.eu\/de\/ueber-zagle\/faq\/#breadcrumb"},"inLanguage":"de","potentialAction":[{"@type":"ReadAction","target":["https:\/\/zagleszczecin.eu\/de\/ueber-zagle\/faq\/"]}]},{"@type":"BreadcrumbList","@id":"https:\/\/zagleszczecin.eu\/de\/ueber-zagle\/faq\/#breadcrumb","itemListElement":[{"@type":"ListItem","position":1,"name":"Strona g\u0142\u00f3wna","item":"https:\/\/zagleszczecin.eu\/de\/"},{"@type":"ListItem","position":2,"name":"\u00dcber \u017bagle","item":"https:\/\/zagleszczecin.eu\/de\/ueber-zagle\/"},{"@type":"ListItem","position":3,"name":"FAQ"}]},{"@type":"WebSite","@id":"https:\/\/zagleszczecin.eu\/de\/#website","url":"https:\/\/zagleszczecin.eu\/de\/","name":"\u017bagle 2026","description":"Kurs na Szczecin","potentialAction":[{"@type":"SearchAction","target":{"@type":"EntryPoint","urlTemplate":"https:\/\/zagleszczecin.eu\/de\/?s={search_term_string}"},"query-input":{"@type":"PropertyValueSpecification","valueRequired":true,"valueName":"search_term_string"}}],"inLanguage":"de"}]}},"_links":{"self":[{"href":"https:\/\/zagleszczecin.eu\/de\/wp-json\/wp\/v2\/pages\/3117","targetHints":{"allow":["GET"]}}],"collection":[{"href":"https:\/\/zagleszczecin.eu\/de\/wp-json\/wp\/v2\/pages"}],"about":[{"href":"https:\/\/zagleszczecin.eu\/de\/wp-json\/wp\/v2\/types\/page"}],"author":[{"embeddable":true,"href":"https:\/\/zagleszczecin.eu\/de\/wp-json\/wp\/v2\/users\/1"}],"replies":[{"embeddable":true,"href":"https:\/\/zagleszczecin.eu\/de\/wp-json\/wp\/v2\/comments?post=3117"}],"version-history":[{"count":2,"href":"https:\/\/zagleszczecin.eu\/de\/wp-json\/wp\/v2\/pages\/3117\/revisions"}],"predecessor-version":[{"id":5951,"href":"https:\/\/zagleszczecin.eu\/de\/wp-json\/wp\/v2\/pages\/3117\/revisions\/5951"}],"up":[{"embeddable":true,"href":"https:\/\/zagleszczecin.eu\/de\/wp-json\/wp\/v2\/pages\/3293"}],"wp:attachment":[{"href":"https:\/\/zagleszczecin.eu\/de\/wp-json\/wp\/v2\/media?parent=3117"}],"curies":[{"name":"wp","href":"https:\/\/api.w.org\/{rel}","templated":true}]}}