{"id":3108,"date":"2025-04-24T16:16:24","date_gmt":"2025-04-24T14:16:24","guid":{"rendered":"https:\/\/zagleszczecin.eu\/historia\/"},"modified":"2026-04-03T10:28:42","modified_gmt":"2026-04-03T08:28:42","slug":"unsere-geschichte","status":"publish","type":"page","link":"https:\/\/zagleszczecin.eu\/de\/unsere-geschichte\/","title":{"rendered":"Unsere Geschichte"},"content":{"rendered":"\n<div class=\"wp-block-my-custom-container moai-wrapper mbhc mbvc mbcv  whiteback\" style=\"background-image:url(https:\/\/zagleszczecin.eu\/wp-content\/uploads\/2025\/04\/historia.jpg)\" id=\"pageheader\">\n<div class=\"wp-block-columns is-layout-flex wp-container-core-columns-is-layout-9d6595d7 wp-block-columns-is-layout-flex\">\n<div class=\"wp-block-column is-layout-flow wp-block-column-is-layout-flow\">\n<h1 class=\"wp-block-heading has-text-align-center\">Unsere Geschichte<\/h1>\n\n\n<div class=\"wp-block-image\">\n<figure class=\"aligncenter size-full is-resized\"><img loading=\"lazy\" decoding=\"async\" width=\"924\" height=\"225\" src=\"https:\/\/zagleszczecin.eu\/wp-content\/uploads\/2026\/02\/ZAGLE-26_logoK.png\" alt=\"\" class=\"wp-image-5882\" style=\"width:350px\" srcset=\"https:\/\/zagleszczecin.eu\/wp-content\/uploads\/2026\/02\/ZAGLE-26_logoK.png 924w, https:\/\/zagleszczecin.eu\/wp-content\/uploads\/2026\/02\/ZAGLE-26_logoK-300x73.png 300w, https:\/\/zagleszczecin.eu\/wp-content\/uploads\/2026\/02\/ZAGLE-26_logoK-768x187.png 768w, https:\/\/zagleszczecin.eu\/wp-content\/uploads\/2026\/02\/ZAGLE-26_logoK-40x10.png 40w, https:\/\/zagleszczecin.eu\/wp-content\/uploads\/2026\/02\/ZAGLE-26_logoK-600x146.png 600w, https:\/\/zagleszczecin.eu\/wp-content\/uploads\/2026\/02\/ZAGLE-26_logoK-230x56.png 230w, https:\/\/zagleszczecin.eu\/wp-content\/uploads\/2026\/02\/ZAGLE-26_logoK-40x10@2x.png 80w, https:\/\/zagleszczecin.eu\/wp-content\/uploads\/2026\/02\/ZAGLE-26_logoK-230x56@2x.png 460w\" sizes=\"auto, (max-width: 924px) 100vw, 924px\"><\/figure><\/div>\n\n\n<p class=\"has-text-align-center\">dauert seit zwanzig Jahre an!<br>Das bedeutendste Segelereignis in Westpommern<br>\u2013 verpassen Sie es nicht!<\/p>\n<\/div>\n<\/div>\n<\/div>\n\n\n<div id=\"\nmoai-block_a557884b4bc22937deabc3702d53cc4a\" class=\"  histwrapper \">\n    <div class=\"historiawrap\">\n\n                        <div class=\"hist\">\n\n                    <div class=\"histdata anim aright\">\n                        22.-25. Juli 2028                    <\/div>\n                    <div class=\"histcont\">\n                        <div class=\"histopis anim aleft\">\n                            <h3>Finale der Tall Ships Races Szczecin 2028<\/h3>\n                                                    <\/div>\n                        <div class=\"histzdjecie anim aright\">\n                                                    <\/div>\n                    <\/div>\n                <\/div>\n                        <div class=\"hist\">\n\n                    <div class=\"histdata anim aleft\">\n                        13.\u201315. August 2027                    <\/div>\n                    <div class=\"histcont\">\n                        <div class=\"histopis anim aright\">\n                            <h3>Segel 2027<\/h3>\n                                                    <\/div>\n                        <div class=\"histzdjecie anim aleft\">\n                                                    <\/div>\n                    <\/div>\n                <\/div>\n                        <div class=\"hist\">\n\n                    <div class=\"histdata anim aright\">\n                        14.\u201316. August 2026                    <\/div>\n                    <div class=\"histcont\">\n                        <div class=\"histopis anim aleft\">\n                            <h3>Segel 2026<\/h3>\n                                                    <\/div>\n                        <div class=\"histzdjecie anim aright\">\n                                                    <\/div>\n                    <\/div>\n                <\/div>\n                        <div class=\"hist\">\n\n                    <div class=\"histdata anim aleft\">\n                        15.\u201317. August 2025                    <\/div>\n                    <div class=\"histcont\">\n                        <div class=\"histopis anim aright\">\n                            <h3>Segel 2025<\/h3>\n                                                    <\/div>\n                        <div class=\"histzdjecie anim aleft\">\n                            <img decoding=\"async\" src=\"https:\/\/zagleszczecin.eu\/wp-content\/uploads\/2025\/08\/Zagle-2025-Podsumowanie-4-1300x753.jpg\" alt=\"slide\" loading=\"lazy\">                        <\/div>\n                    <\/div>\n                <\/div>\n                        <div class=\"hist\">\n\n                    <div class=\"histdata anim aright\">\n                        2.\u20135. August 2024                    <\/div>\n                    <div class=\"histcont\">\n                        <div class=\"histopis anim aleft\">\n                            <h3>Viertes Finale der Tall Ships Races<\/h3>\n                            Die gr\u00f6\u00dften Segelschiffe der Welt kehrten nach Stettin zur\u00fcck. Nach sieben Jahren f\u00fcllten sich die Wa\u0142y Chrobrego und \u0141asztownia erneut mit einem Meer aus Masten aus aller Welt. Die Schiffe, die an der Regatta auf der Route Klaip\u0117da \u2013 Tallinn \u2013 Helsinki \u2013 Turku \u2013 Mariehamn \u2013 Szczecin teilnahmen, feierten das Ende des Rennens in\u00a0der Hauptstadt Westpommerns. Fast 65 Schiffe aus 15 L\u00e4ndern legten an den Kais von Stettin an. Der ecuadorianische Gro\u00dfsegler Guayas war zum ersten Mal in\u00a0dieser Region Europas zu Gast.                        <\/div>\n                        <div class=\"histzdjecie anim aright\">\n                            <img decoding=\"async\" src=\"https:\/\/zagleszczecin.eu\/wp-content\/uploads\/2025\/06\/485372003-1300x934.jpg\" alt=\"slide\" loading=\"lazy\">                        <\/div>\n                    <\/div>\n                <\/div>\n                        <div class=\"hist\">\n\n                    <div class=\"histdata anim aleft\">\n                        18.\u201320. August 2023                    <\/div>\n                    <div class=\"histcont\">\n                        <div class=\"histopis anim aright\">\n                            <h3>Segel 2023<\/h3>\n                                                    <\/div>\n                        <div class=\"histzdjecie anim aleft\">\n                            <img decoding=\"async\" src=\"https:\/\/zagleszczecin.eu\/wp-content\/uploads\/2025\/05\/3-1300x868.jpg\" alt=\"slide\" loading=\"lazy\">                        <\/div>\n                    <\/div>\n                <\/div>\n                        <div class=\"hist\">\n\n                    <div class=\"histdata anim aright\">\n                        19.\u201321. August 2022                    <\/div>\n                    <div class=\"histcont\">\n                        <div class=\"histopis anim aleft\">\n                            <h3>Segel 2022<\/h3>\n                                                    <\/div>\n                        <div class=\"histzdjecie anim aright\">\n                            <img decoding=\"async\" src=\"https:\/\/zagleszczecin.eu\/wp-content\/uploads\/2025\/05\/485754067_680789171183104_8825676795672589765_n-1300x866.jpg\" alt=\"slide\" loading=\"lazy\">                        <\/div>\n                    <\/div>\n                <\/div>\n                        <div class=\"hist\">\n\n                    <div class=\"histdata anim aleft\">\n                        30. Juli \u2013 1. August 2021                    <\/div>\n                    <div class=\"histcont\">\n                        <div class=\"histopis anim aright\">\n                            <h3>Segel 2021<\/h3>\n                            Im\u00a0Jahr 2021 sollte Stettin zum vierten Mal Gastgeber der Tall Ships Races sein. Aufgrund der Pandemie konnte die Veranstaltung jedoch nicht stattfinden. Stattdessen wurde ein neues Format ins Leben gerufen \u2013 Segel 2021. Der Ferientermin sorgte daf\u00fcr, dass Zehntausende von Stettinern und ihren G\u00e4sten teilnahmen. Zusammen mit anderen H\u00e4fen organisierte Stettin die Ostseeregatta, an der 19 Schiffe auf der Route Klaip\u0117da \u2013 Tallinn \u2013 Stettin teilnahmen.\u2028Segel 2021 bot verschiedene Aktivit\u00e4tszonen f\u00fcr Kinder und Familien, Festivals, Konzerte und Begegnungen. An beiden Ufern des Flusses mangelte es\u00a0nicht an dauerhaften Attraktionen und spannenden Angeboten f\u00fcr jedermann.                        <\/div>\n                        <div class=\"histzdjecie anim aleft\">\n                            <img decoding=\"async\" src=\"https:\/\/zagleszczecin.eu\/wp-content\/uploads\/2025\/06\/WIDOKI-DZIE-1300x1078.jpg\" alt=\"slide\" loading=\"lazy\">                        <\/div>\n                    <\/div>\n                <\/div>\n                        <div class=\"hist\">\n\n                    <div class=\"histdata anim aright\">\n                        14.\u201316. Juni 2019                    <\/div>\n                    <div class=\"histcont\">\n                        <div class=\"histopis anim aleft\">\n                            <h3>Tage des Meeres 2019<\/h3>\n                                                    <\/div>\n                        <div class=\"histzdjecie anim aright\">\n                            <img decoding=\"async\" src=\"https:\/\/zagleszczecin.eu\/wp-content\/uploads\/2025\/05\/Dni-Morza-2019-1300x867.jpg\" alt=\"slide\" loading=\"lazy\">                        <\/div>\n                    <\/div>\n                <\/div>\n                        <div class=\"hist\">\n\n                    <div class=\"histdata anim aleft\">\n                        8.\u201310. Juni 2018                    <\/div>\n                    <div class=\"histcont\">\n                        <div class=\"histopis anim aright\">\n                            <h3>Tage des Meeres 2018<\/h3>\n                            Neben der M\u00f6glichkeit, wundersch\u00f6ne Gro\u00dfsegler und Oldtimer zu bewundern, boten die Tage des Meeres auch zahlreiche Konzerte und Rahmenveranstaltungen f\u00fcr Kinder und Erwachsene. Jedes Jahr wurden die am\u00a0Chrobry-Damm vert\u00e4uten Schiffe von guter Musik, Sportereignissen und Animationszonen f\u00fcr die j\u00fcngsten G\u00e4ste begleitet.                        <\/div>\n                        <div class=\"histzdjecie anim aleft\">\n                            <img decoding=\"async\" src=\"https:\/\/zagleszczecin.eu\/wp-content\/uploads\/2025\/05\/Dni-Morza-2018-Piatek-3-1300x863.jpg\" alt=\"slide\" loading=\"lazy\">                        <\/div>\n                    <\/div>\n                <\/div>\n                        <div class=\"hist\">\n\n                    <div class=\"histdata anim aright\">\n                        4.\u20138. August 2017                    <\/div>\n                    <div class=\"histcont\">\n                        <div class=\"histopis anim aleft\">\n                            <h3>Drittes Finale der Tall Ships Races<\/h3>\n                            Im\u00a0Jahr 2017 fand ein weiteres gro\u00dfes Fest statt, zu dem rund 7.000 Segler aus 18 L\u00e4ndern \u2013 darunter Oman, Brasilien, Deutschland, die Niederlande, die Tschechische Republik, Portugal und das Vereinigte K\u00f6nigreich \u2013 anreisten. Nach einer intensiven Regatta auf der Route Halmstad \u2013 Kotka \u2013 Turku \u2013 Klaip\u0117da kamen 91 Schiffe in\u00a0Stettin an.                        <\/div>\n                        <div class=\"histzdjecie anim aright\">\n                            <img decoding=\"async\" src=\"https:\/\/zagleszczecin.eu\/wp-content\/uploads\/2025\/05\/2X6A7684.jpg\" alt=\"slide\" loading=\"lazy\">                        <\/div>\n                    <\/div>\n                <\/div>\n                        <div class=\"hist\">\n\n                    <div class=\"histdata anim aleft\">\n                        3.\u20136. August 2013                    <\/div>\n                    <div class=\"histcont\">\n                        <div class=\"histopis anim aright\">\n                            <h3>Zweites Finale der Tall Ships Races<\/h3>\n                            Nach sechs Jahren kehrten die Segelschiffe nach Stettin zur\u00fcck und das Regattafinale wurde erneut ein voller Erfolg. 2013 war die Stadt wieder der am\u00a0sehnlichsten erwartete Zielhafen f\u00fcr die jungen Segler, nach dem Rennen und dem Freundschaftsabschnitt auf der Route Aarhus \u2013 Helsinki \u2013 Riga \u2013 Stettin. \u00dcber 100 Schiffe legten am\u00a0Chrobry-Damm und in\u00a0\u0141asztownia an.                        <\/div>\n                        <div class=\"histzdjecie anim aleft\">\n                            <img decoding=\"async\" src=\"https:\/\/zagleszczecin.eu\/wp-content\/uploads\/2025\/05\/Panorama-Szczecina-Waly-Chrobrego-Lasztownia-Tall-Ship-Races-AS-14.jpg\" alt=\"slide\" loading=\"lazy\">                        <\/div>\n                    <\/div>\n                <\/div>\n                        <div class=\"hist\">\n\n                    <div class=\"histdata anim aright\">\n                        4.\u20137. August 2007                    <\/div>\n                    <div class=\"histcont\">\n                        <div class=\"histopis anim aleft\">\n                            <h3>Erstes Finale der Tall Ships Races<\/h3>\n                            Im\u00a0Jahr 2007 war Stettin erstmals Gastgeber des Finales der Tall Ships Races. Die Stadt, bereits bekannt f\u00fcr ihre herausragenden maritimen Veranstaltungen wie die Tage des Meeres und das Oldtimer-Treffen, wurde in\u00a0die prestigetr\u00e4chtige Liste der TSR-Gastgeberh\u00e4fen aufgenommen. Nach jahrelangen Vorbereitungen begr\u00fc\u00dfte Stettin die Gro\u00dfsegler und ihre Besatzungen zur letzten Etappe der Regattaserie auf der Route Aarhus \u2013 Kotka \u2013 Stockholm \u2013 Stettin. Neunzig Schiffe machten an den Wa\u0142y Chrobrego und in\u00a0\u0141asztownia fest. Fast zwei Millionen Touristen und Einheimische kamen, um die majest\u00e4tischen Segelschiffe zu bewundern.                        <\/div>\n                        <div class=\"histzdjecie anim aright\">\n                            <img decoding=\"async\" src=\"https:\/\/zagleszczecin.eu\/wp-content\/uploads\/2025\/06\/REGATY-WIDOKI-1300x998.jpg\" alt=\"slide\" loading=\"lazy\">                        <\/div>\n                    <\/div>\n                <\/div>\n                        <div class=\"hist\">\n\n                    <div class=\"histdata anim aleft\">\n                        23.\u201329. Juni 1947                    <\/div>\n                    <div class=\"histcont\">\n                        <div class=\"histopis anim aright\">\n                            <h3>Erste Stettiner Schifffahrtstage<\/h3>\n                            Die Tradition der Schifffahrtstage reicht bis ins Jahr 1947 zur\u00fcck. In\u00a0den 1960er-Jahren wurde die feierliche Ausgestaltung dieser Veranstaltung wiederbelebt. \u00dcber die Jahrzehnte hinweg wuchs das Fest an Umfang und Beliebtheit. Schiffsparaden, Pr\u00e4sentationen von Marineschiffen, Oldtimer-Treffen, k\u00fcnstlerische Darbietungen und Feuerwerke wurden zu festen Bestandteilen dieses ikonischen maritimen Ereignisses.                        <\/div>\n                        <div class=\"histzdjecie anim aleft\">\n                                                    <\/div>\n                    <\/div>\n                <\/div>\n        \n    <\/div>\n<\/div>","protected":false},"excerpt":{"rendered":"","protected":false},"author":1,"featured_media":0,"parent":0,"menu_order":14,"comment_status":"closed","ping_status":"closed","template":"","meta":{"_acf_changed":false,"inline_featured_image":false,"footnotes":"","_links_to":"","_links_to_target":""},"class_list":["post-3108","page","type-page","status-publish","hentry"],"acf":[],"yoast_head":"<!-- This site is optimized with the Yoast SEO plugin v25.1 - https:\/\/yoast.com\/wordpress\/plugins\/seo\/ -->\n<title>Unsere Geschichte - \u017bagle 2026<\/title>\n<meta name=\"robots\" content=\"noindex, follow, max-snippet:-1, max-image-preview:large, max-video-preview:-1\" \/>\n<meta property=\"og:locale\" content=\"de_DE\" \/>\n<meta property=\"og:type\" content=\"article\" \/>\n<meta property=\"og:title\" content=\"Unsere Geschichte - \u017bagle 2026\" \/>\n<meta property=\"og:url\" content=\"https:\/\/zagleszczecin.eu\/de\/unsere-geschichte\/\" \/>\n<meta property=\"og:site_name\" content=\"\u017bagle 2026\" \/>\n<meta property=\"article:modified_time\" content=\"2026-04-03T08:28:42+00:00\" \/>\n<meta property=\"og:image\" content=\"https:\/\/zagleszczecin.eu\/wp-content\/uploads\/2026\/02\/ZAGLE-26_logoK.png\" \/>\n\t<meta property=\"og:image:width\" content=\"924\" \/>\n\t<meta property=\"og:image:height\" content=\"225\" \/>\n\t<meta property=\"og:image:type\" content=\"image\/png\" \/>\n<meta name=\"twitter:card\" content=\"summary_large_image\" \/>\n<meta name=\"twitter:label1\" content=\"Gesch\u00e4tzte Lesezeit\" \/>\n\t<meta name=\"twitter:data1\" content=\"1\u00a0Minute\" \/>\n<script type=\"application\/ld+json\" class=\"yoast-schema-graph\">{\"@context\":\"https:\/\/schema.org\",\"@graph\":[{\"@type\":\"WebPage\",\"@id\":\"https:\/\/zagleszczecin.eu\/de\/unsere-geschichte\/\",\"url\":\"https:\/\/zagleszczecin.eu\/de\/unsere-geschichte\/\",\"name\":\"Unsere Geschichte - \u017bagle 2026\",\"isPartOf\":{\"@id\":\"https:\/\/zagleszczecin.eu\/de\/#website\"},\"primaryImageOfPage\":{\"@id\":\"https:\/\/zagleszczecin.eu\/de\/unsere-geschichte\/#primaryimage\"},\"image\":{\"@id\":\"https:\/\/zagleszczecin.eu\/de\/unsere-geschichte\/#primaryimage\"},\"thumbnailUrl\":\"https:\/\/zagleszczecin.eu\/wp-content\/uploads\/2026\/02\/ZAGLE-26_logoK.png\",\"datePublished\":\"2025-04-24T14:16:24+00:00\",\"dateModified\":\"2026-04-03T08:28:42+00:00\",\"breadcrumb\":{\"@id\":\"https:\/\/zagleszczecin.eu\/de\/unsere-geschichte\/#breadcrumb\"},\"inLanguage\":\"de\",\"potentialAction\":[{\"@type\":\"ReadAction\",\"target\":[\"https:\/\/zagleszczecin.eu\/de\/unsere-geschichte\/\"]}]},{\"@type\":\"ImageObject\",\"inLanguage\":\"de\",\"@id\":\"https:\/\/zagleszczecin.eu\/de\/unsere-geschichte\/#primaryimage\",\"url\":\"https:\/\/zagleszczecin.eu\/wp-content\/uploads\/2026\/02\/ZAGLE-26_logoK.png\",\"contentUrl\":\"https:\/\/zagleszczecin.eu\/wp-content\/uploads\/2026\/02\/ZAGLE-26_logoK.png\"},{\"@type\":\"BreadcrumbList\",\"@id\":\"https:\/\/zagleszczecin.eu\/de\/unsere-geschichte\/#breadcrumb\",\"itemListElement\":[{\"@type\":\"ListItem\",\"position\":1,\"name\":\"Strona g\u0142\u00f3wna\",\"item\":\"https:\/\/zagleszczecin.eu\/de\/\"},{\"@type\":\"ListItem\",\"position\":2,\"name\":\"Unsere Geschichte\"}]},{\"@type\":\"WebSite\",\"@id\":\"https:\/\/zagleszczecin.eu\/de\/#website\",\"url\":\"https:\/\/zagleszczecin.eu\/de\/\",\"name\":\"\u017bagle 2026\",\"description\":\"Kurs na Szczecin\",\"potentialAction\":[{\"@type\":\"SearchAction\",\"target\":{\"@type\":\"EntryPoint\",\"urlTemplate\":\"https:\/\/zagleszczecin.eu\/de\/?s={search_term_string}\"},\"query-input\":{\"@type\":\"PropertyValueSpecification\",\"valueRequired\":true,\"valueName\":\"search_term_string\"}}],\"inLanguage\":\"de\"}]}<\/script>\n<!-- \/ Yoast SEO plugin. -->","yoast_head_json":{"title":"Unsere Geschichte - \u017bagle 2026","robots":{"index":"noindex","follow":"follow","max-snippet":"max-snippet:-1","max-image-preview":"max-image-preview:large","max-video-preview":"max-video-preview:-1"},"og_locale":"de_DE","og_type":"article","og_title":"Unsere Geschichte - \u017bagle 2026","og_url":"https:\/\/zagleszczecin.eu\/de\/unsere-geschichte\/","og_site_name":"\u017bagle 2026","article_modified_time":"2026-04-03T08:28:42+00:00","og_image":[{"width":924,"height":225,"url":"https:\/\/zagleszczecin.eu\/wp-content\/uploads\/2026\/02\/ZAGLE-26_logoK.png","type":"image\/png"}],"twitter_card":"summary_large_image","twitter_misc":{"Gesch\u00e4tzte Lesezeit":"1\u00a0Minute"},"schema":{"@context":"https:\/\/schema.org","@graph":[{"@type":"WebPage","@id":"https:\/\/zagleszczecin.eu\/de\/unsere-geschichte\/","url":"https:\/\/zagleszczecin.eu\/de\/unsere-geschichte\/","name":"Unsere Geschichte - \u017bagle 2026","isPartOf":{"@id":"https:\/\/zagleszczecin.eu\/de\/#website"},"primaryImageOfPage":{"@id":"https:\/\/zagleszczecin.eu\/de\/unsere-geschichte\/#primaryimage"},"image":{"@id":"https:\/\/zagleszczecin.eu\/de\/unsere-geschichte\/#primaryimage"},"thumbnailUrl":"https:\/\/zagleszczecin.eu\/wp-content\/uploads\/2026\/02\/ZAGLE-26_logoK.png","datePublished":"2025-04-24T14:16:24+00:00","dateModified":"2026-04-03T08:28:42+00:00","breadcrumb":{"@id":"https:\/\/zagleszczecin.eu\/de\/unsere-geschichte\/#breadcrumb"},"inLanguage":"de","potentialAction":[{"@type":"ReadAction","target":["https:\/\/zagleszczecin.eu\/de\/unsere-geschichte\/"]}]},{"@type":"ImageObject","inLanguage":"de","@id":"https:\/\/zagleszczecin.eu\/de\/unsere-geschichte\/#primaryimage","url":"https:\/\/zagleszczecin.eu\/wp-content\/uploads\/2026\/02\/ZAGLE-26_logoK.png","contentUrl":"https:\/\/zagleszczecin.eu\/wp-content\/uploads\/2026\/02\/ZAGLE-26_logoK.png"},{"@type":"BreadcrumbList","@id":"https:\/\/zagleszczecin.eu\/de\/unsere-geschichte\/#breadcrumb","itemListElement":[{"@type":"ListItem","position":1,"name":"Strona g\u0142\u00f3wna","item":"https:\/\/zagleszczecin.eu\/de\/"},{"@type":"ListItem","position":2,"name":"Unsere Geschichte"}]},{"@type":"WebSite","@id":"https:\/\/zagleszczecin.eu\/de\/#website","url":"https:\/\/zagleszczecin.eu\/de\/","name":"\u017bagle 2026","description":"Kurs na Szczecin","potentialAction":[{"@type":"SearchAction","target":{"@type":"EntryPoint","urlTemplate":"https:\/\/zagleszczecin.eu\/de\/?s={search_term_string}"},"query-input":{"@type":"PropertyValueSpecification","valueRequired":true,"valueName":"search_term_string"}}],"inLanguage":"de"}]}},"_links":{"self":[{"href":"https:\/\/zagleszczecin.eu\/de\/wp-json\/wp\/v2\/pages\/3108","targetHints":{"allow":["GET"]}}],"collection":[{"href":"https:\/\/zagleszczecin.eu\/de\/wp-json\/wp\/v2\/pages"}],"about":[{"href":"https:\/\/zagleszczecin.eu\/de\/wp-json\/wp\/v2\/types\/page"}],"author":[{"embeddable":true,"href":"https:\/\/zagleszczecin.eu\/de\/wp-json\/wp\/v2\/users\/1"}],"replies":[{"embeddable":true,"href":"https:\/\/zagleszczecin.eu\/de\/wp-json\/wp\/v2\/comments?post=3108"}],"version-history":[{"count":5,"href":"https:\/\/zagleszczecin.eu\/de\/wp-json\/wp\/v2\/pages\/3108\/revisions"}],"predecessor-version":[{"id":5942,"href":"https:\/\/zagleszczecin.eu\/de\/wp-json\/wp\/v2\/pages\/3108\/revisions\/5942"}],"wp:attachment":[{"href":"https:\/\/zagleszczecin.eu\/de\/wp-json\/wp\/v2\/media?parent=3108"}],"curies":[{"name":"wp","href":"https:\/\/api.w.org\/{rel}","templated":true}]}}