{"id":3101,"date":"2025-04-24T14:06:43","date_gmt":"2025-04-24T12:06:43","guid":{"rendered":"https:\/\/zagleszczecin.eu\/biznes\/"},"modified":"2026-04-03T10:39:47","modified_gmt":"2026-04-03T08:39:47","slug":"business","status":"publish","type":"page","link":"https:\/\/zagleszczecin.eu\/de\/business\/","title":{"rendered":"Business"},"content":{"rendered":"\n<div class=\"wp-block-my-custom-container moai-wrapper mbhc mbvc mbcv  bialy has-white-color has-text-color has-link-color wp-elements-0f494c815196d04cd46989b8e24a2f39\" style=\"background-image:url(https:\/\/zagleszczecin.eu\/wp-content\/uploads\/2025\/05\/485349614_680789187849769_1731735088142487668_n.jpg)\" id=\"pageheader\">\n<div class=\"wp-block-columns is-layout-flex wp-container-core-columns-is-layout-9d6595d7 wp-block-columns-is-layout-flex\">\n<div class=\"wp-block-column is-layout-flow wp-block-column-is-layout-flow\">\n<h1 class=\"wp-block-heading has-text-align-center\">Business<\/h1>\n\n\n\n<div style=\"height:100px\" aria-hidden=\"true\" class=\"wp-block-spacer is-style-m-spacerfull\"><\/div>\n\n\n\n<p class=\"has-text-align-center\">Segel 2026 ist die perfekte Zeit f\u00fcr Business<\/p>\n<\/div>\n<\/div>\n<\/div>\n\n\n\n<div style=\"height:100px\" aria-hidden=\"true\" class=\"wp-block-spacer is-style-m-spacerfull\"><\/div>\n\n\n\n<div class=\"wp-block-columns is-layout-flex wp-container-core-columns-is-layout-9d6595d7 wp-block-columns-is-layout-flex\">\n<div class=\"wp-block-column is-layout-flow wp-block-column-is-layout-flow\">\n<h3 class=\"wp-block-heading has-podstawowy-color has-text-color has-link-color wp-elements-9fc7d92a0dc3f53dc9e33c8b3850cd3b\">Standverkauf<\/h3>\n\n\n\n<p>Ein fester Bestandteil der Veranstaltung ist die \u201eMesse unter Segeln\u201c \u2013 also Verkaufsst\u00e4nde, die einzigartige Produkte, nautische Souvenirs, Kunsthandwerk, Handarbeiten sowie gesunde und nat\u00fcrliche K\u00f6stlichkeiten anbieten. Der Verkauf der Standfl\u00e4chen (Einzelhandel und Gastronomie) erfolgt \u00fcber eine spezielle Plattform. Jedes Unternehmen, das sich an uns wendet, kann auf unsere Unterst\u00fctzung und unser Engagement f\u00fcr das Projekt z\u00e4hlen.<\/p>\n\n\n\n<div style=\"height:100px\" aria-hidden=\"true\" class=\"wp-block-spacer is-style-m-spacerhalf\"><\/div>\n<\/div>\n\n\n\n<div class=\"wp-block-column is-layout-flow wp-block-column-is-layout-flow\">\n<figure class=\"wp-block-image size-full is-resized is-style-m-zdjecie1\"><img loading=\"lazy\" decoding=\"async\" width=\"848\" height=\"566\" src=\"https:\/\/zagleszczecin.eu\/wp-content\/uploads\/2025\/05\/Jarmark-pod-zaglami-4.jpg\" alt=\"\" class=\"wp-image-2955\" style=\"width:584px\" srcset=\"https:\/\/zagleszczecin.eu\/wp-content\/uploads\/2025\/05\/Jarmark-pod-zaglami-4.jpg 848w, https:\/\/zagleszczecin.eu\/wp-content\/uploads\/2025\/05\/Jarmark-pod-zaglami-4-300x200.jpg 300w, https:\/\/zagleszczecin.eu\/wp-content\/uploads\/2025\/05\/Jarmark-pod-zaglami-4-768x513.jpg 768w, https:\/\/zagleszczecin.eu\/wp-content\/uploads\/2025\/05\/Jarmark-pod-zaglami-4-40x27.jpg 40w, https:\/\/zagleszczecin.eu\/wp-content\/uploads\/2025\/05\/Jarmark-pod-zaglami-4-330x220.jpg 330w, https:\/\/zagleszczecin.eu\/wp-content\/uploads\/2025\/05\/Jarmark-pod-zaglami-4-225x150.jpg 225w, https:\/\/zagleszczecin.eu\/wp-content\/uploads\/2025\/05\/Jarmark-pod-zaglami-4-300x200@2x.jpg 600w, https:\/\/zagleszczecin.eu\/wp-content\/uploads\/2025\/05\/Jarmark-pod-zaglami-4-40x27@2x.jpg 80w, https:\/\/zagleszczecin.eu\/wp-content\/uploads\/2025\/05\/Jarmark-pod-zaglami-4-330x220@2x.jpg 660w, https:\/\/zagleszczecin.eu\/wp-content\/uploads\/2025\/05\/Jarmark-pod-zaglami-4-225x150@2x.jpg 450w\" sizes=\"auto, (max-width: 848px) 100vw, 848px\"><\/figure>\n<\/div>\n<\/div>\n\n\n\n<div style=\"height:100px\" aria-hidden=\"true\" class=\"wp-block-spacer\"><\/div>\n\n\n\n<div class=\"wp-block-columns is-layout-flex wp-container-core-columns-is-layout-9d6595d7 wp-block-columns-is-layout-flex\">\n<div class=\"wp-block-column is-layout-flow wp-block-column-is-layout-flow\">\n<figure class=\"wp-block-image size-large is-resized is-style-m-zdjecie2\"><img loading=\"lazy\" decoding=\"async\" width=\"1024\" height=\"768\" src=\"https:\/\/zagleszczecin.eu\/wp-content\/uploads\/2025\/05\/DSF1622-1-1024x768.jpg\" alt=\"\" class=\"wp-image-2684\" style=\"width:584px\" srcset=\"https:\/\/zagleszczecin.eu\/wp-content\/uploads\/2025\/05\/DSF1622-1-1024x768.jpg 1024w, https:\/\/zagleszczecin.eu\/wp-content\/uploads\/2025\/05\/DSF1622-1-300x225.jpg 300w, https:\/\/zagleszczecin.eu\/wp-content\/uploads\/2025\/05\/DSF1622-1-768x576.jpg 768w, https:\/\/zagleszczecin.eu\/wp-content\/uploads\/2025\/05\/DSF1622-1-1536x1152.jpg 1536w, https:\/\/zagleszczecin.eu\/wp-content\/uploads\/2025\/05\/DSF1622-1-40x30.jpg 40w, https:\/\/zagleszczecin.eu\/wp-content\/uploads\/2025\/05\/DSF1622-1-1300x975.jpg 1300w, https:\/\/zagleszczecin.eu\/wp-content\/uploads\/2025\/05\/DSF1622-1-293x220.jpg 293w, https:\/\/zagleszczecin.eu\/wp-content\/uploads\/2025\/05\/DSF1622-1-980x735.jpg 980w, https:\/\/zagleszczecin.eu\/wp-content\/uploads\/2025\/05\/DSF1622-1-1920x1440.jpg 1920w, https:\/\/zagleszczecin.eu\/wp-content\/uploads\/2025\/05\/DSF1622-1-200x150.jpg 200w, https:\/\/zagleszczecin.eu\/wp-content\/uploads\/2025\/05\/DSF1622-1-1568x1176.jpg 1568w, https:\/\/zagleszczecin.eu\/wp-content\/uploads\/2025\/05\/DSF1622-1.jpg 2000w, https:\/\/zagleszczecin.eu\/wp-content\/uploads\/2025\/05\/DSF1622-1-300x225@2x.jpg 600w, https:\/\/zagleszczecin.eu\/wp-content\/uploads\/2025\/05\/DSF1622-1-40x30@2x.jpg 80w, https:\/\/zagleszczecin.eu\/wp-content\/uploads\/2025\/05\/DSF1622-1-293x220@2x.jpg 586w, https:\/\/zagleszczecin.eu\/wp-content\/uploads\/2025\/05\/DSF1622-1-980x735@2x.jpg 1960w, https:\/\/zagleszczecin.eu\/wp-content\/uploads\/2025\/05\/DSF1622-1-200x150@2x.jpg 400w\" sizes=\"auto, (max-width: 1024px) 100vw, 1024px\"><\/figure>\n<\/div>\n\n\n\n<div class=\"wp-block-column is-layout-flow wp-block-column-is-layout-flow\">\n<h3 class=\"wp-block-heading has-podstawowy-color has-text-color has-link-color wp-elements-de05e26c3e4ee9882e1584a4112f77c9\">Ihr Event an Bord des Schiffes<\/h3>\n\n\n\n<p>Eine Teambuilding-Veranstaltung an Bord eines Segelschiffes? Warum nicht! Das l\u00e4sst sich problemlos organisieren. Es ist g\u00e4ngige Praxis, Decks zu mieten und dort exklusive Firmenevents durchzuf\u00fchren. Besonders beliebt sind die Decks von Gro\u00dfseglern der A-Klasse, aber je nach Bedarf k\u00f6nnen auch kleinere Einheiten gemietet werden. Die M\u00f6glichkeiten richten sich ganz nach den W\u00fcnschen der Interessenten \u2013 wir sind in der Lage, eine solche Veranstaltung sowohl f\u00fcr 40 als auch f\u00fcr bis zu 200 geladene G\u00e4ste zu organisieren.<\/p>\n\n\n\n<div style=\"height:20px\" aria-hidden=\"true\" class=\"wp-block-spacer is-style-m-spacerhalf\"><\/div>\n\n\n\n<p><strong>Kontakt:<\/strong><br>Dorota Adamcewicz<br>503 990 353<br><a href=\"mailto:dorota.adamcewicz@zstw.szczecin.pl\">dorota.adamcewicz@zstw.szczecin.pl<\/a><\/p>\n<\/div>\n<\/div>\n\n\n\n<div style=\"height:100px\" aria-hidden=\"true\" class=\"wp-block-spacer\"><\/div>\n\n\n\n<div class=\"wp-block-columns is-layout-flex wp-container-core-columns-is-layout-9d6595d7 wp-block-columns-is-layout-flex\">\n<div class=\"wp-block-column is-layout-flow wp-block-column-is-layout-flow\">\n<h3 class=\"wp-block-heading has-podstawowy-color has-text-color has-link-color wp-elements-1490b3b30e07b2efd85a4261bbbe01f8\">Werden Sie <br>unser Partner<br><\/h3>\n\n\n\n<p>Segel 2026 ist eine hervorragende Gelegenheit, nicht nur die Aufmerksamkeit zahlreicher Besucher auf sich zu ziehen, sondern auch lokalen, regionalen und nationalen Unternehmen eine B\u00fchne zu bieten. Es ist die perfekte Chance, Ihre Produkte und Dienstleistungen im Rahmen der gr\u00f6\u00dften Open-Air-Veranstaltung Polens im Jahr 2025 wirkungsvoll zu pr\u00e4sentieren. Die Zone f\u00fcr Sponsoren und Partner befindet sich im Zentrum des Veranstaltungsgel\u00e4ndes. Je nach Bedarf stellen wir Ihnen Zelte mit einer Fl\u00e4che von 30, 50, 75 oder sogar 150 m\u00b2 zur Verf\u00fcgung \u2013 inklusive Innenausstattung, technischem Service, Sicherheit, Reinigung, Veranstaltungsbetreuung und Beschilderung auf dem Lageplan sowie im Veranstaltungsprogramm.<\/p>\n\n\n\n<div style=\"height:100px\" aria-hidden=\"true\" class=\"wp-block-spacer is-style-m-spacerhalf\"><\/div>\n\n\n\n<p><strong>Kontakt:<\/strong><br>Patrycja Biedulewicz<br>+ 48 515 394 212<br><a href=\"mailto:patrycja.biedulewicz@zstw.szczecin.pl\">patrycja.biedulewicz@zstw.szczecin.pl<\/a><\/p>\n<\/div>\n\n\n\n<div class=\"wp-block-column is-layout-flow wp-block-column-is-layout-flow\">\n<figure class=\"wp-block-image size-large is-resized is-style-m-zdjecie6\"><img loading=\"lazy\" decoding=\"async\" width=\"1024\" height=\"682\" src=\"https:\/\/zagleszczecin.eu\/wp-content\/uploads\/2025\/05\/lasztownia_49-1-1024x682.jpg\" alt=\"\" class=\"wp-image-2703\" style=\"width:584px\" srcset=\"https:\/\/zagleszczecin.eu\/wp-content\/uploads\/2025\/05\/lasztownia_49-1-1024x682.jpg 1024w, https:\/\/zagleszczecin.eu\/wp-content\/uploads\/2025\/05\/lasztownia_49-1-300x200.jpg 300w, https:\/\/zagleszczecin.eu\/wp-content\/uploads\/2025\/05\/lasztownia_49-1-768x512.jpg 768w, https:\/\/zagleszczecin.eu\/wp-content\/uploads\/2025\/05\/lasztownia_49-1-1536x1024.jpg 1536w, https:\/\/zagleszczecin.eu\/wp-content\/uploads\/2025\/05\/lasztownia_49-1-40x27.jpg 40w, https:\/\/zagleszczecin.eu\/wp-content\/uploads\/2025\/05\/lasztownia_49-1-1300x866.jpg 1300w, https:\/\/zagleszczecin.eu\/wp-content\/uploads\/2025\/05\/lasztownia_49-1-330x220.jpg 330w, https:\/\/zagleszczecin.eu\/wp-content\/uploads\/2025\/05\/lasztownia_49-1-980x653.jpg 980w, https:\/\/zagleszczecin.eu\/wp-content\/uploads\/2025\/05\/lasztownia_49-1-1920x1280.jpg 1920w, https:\/\/zagleszczecin.eu\/wp-content\/uploads\/2025\/05\/lasztownia_49-1-225x150.jpg 225w, https:\/\/zagleszczecin.eu\/wp-content\/uploads\/2025\/05\/lasztownia_49-1-1568x1045.jpg 1568w, https:\/\/zagleszczecin.eu\/wp-content\/uploads\/2025\/05\/lasztownia_49-1.jpg 2000w, https:\/\/zagleszczecin.eu\/wp-content\/uploads\/2025\/05\/lasztownia_49-1-300x200@2x.jpg 600w, https:\/\/zagleszczecin.eu\/wp-content\/uploads\/2025\/05\/lasztownia_49-1-40x27@2x.jpg 80w, https:\/\/zagleszczecin.eu\/wp-content\/uploads\/2025\/05\/lasztownia_49-1-330x220@2x.jpg 660w, https:\/\/zagleszczecin.eu\/wp-content\/uploads\/2025\/05\/lasztownia_49-1-980x653@2x.jpg 1960w, https:\/\/zagleszczecin.eu\/wp-content\/uploads\/2025\/05\/lasztownia_49-1-225x150@2x.jpg 450w\" sizes=\"auto, (max-width: 1024px) 100vw, 1024px\"><\/figure>\n<\/div>\n<\/div>\n\n\n\n<div style=\"height:100px\" aria-hidden=\"true\" class=\"wp-block-spacer\"><\/div>\n","protected":false},"excerpt":{"rendered":"<p>Standverkauf Ein fester Bestandteil der Veranstaltung ist die \u201eMesse unter Segeln\u201c \u2013 also Verkaufsst\u00e4nde, die einzigartige Produkte, nautische Souvenirs, Kunsthandwerk, Handarbeiten sowie gesunde und nat\u00fcrliche K\u00f6stlichkeiten anbieten. Der Verkauf der [&hellip;]<\/p>\n","protected":false},"author":1,"featured_media":0,"parent":0,"menu_order":38,"comment_status":"closed","ping_status":"closed","template":"","meta":{"_acf_changed":false,"inline_featured_image":false,"footnotes":"","_links_to":"","_links_to_target":""},"class_list":["post-3101","page","type-page","status-publish","hentry"],"acf":[],"yoast_head":"<!-- This site is optimized with the Yoast SEO plugin v25.1 - https:\/\/yoast.com\/wordpress\/plugins\/seo\/ -->\n<title>Business - \u017bagle 2026<\/title>\n<meta name=\"robots\" content=\"noindex, follow, max-snippet:-1, max-image-preview:large, max-video-preview:-1\" \/>\n<meta property=\"og:locale\" content=\"de_DE\" \/>\n<meta property=\"og:type\" content=\"article\" \/>\n<meta property=\"og:title\" content=\"Business - \u017bagle 2026\" \/>\n<meta property=\"og:description\" content=\"Standverkauf Ein fester Bestandteil der Veranstaltung ist die \u201eMesse unter Segeln\u201c \u2013 also Verkaufsst\u00e4nde, die einzigartige Produkte, nautische Souvenirs, Kunsthandwerk, Handarbeiten sowie gesunde und nat\u00fcrliche K\u00f6stlichkeiten anbieten. Der Verkauf der [&hellip;]\" \/>\n<meta property=\"og:url\" content=\"https:\/\/zagleszczecin.eu\/de\/business\/\" \/>\n<meta property=\"og:site_name\" content=\"\u017bagle 2026\" \/>\n<meta property=\"article:modified_time\" content=\"2026-04-03T08:39:47+00:00\" \/>\n<meta property=\"og:image\" content=\"https:\/\/zagleszczecin.eu\/wp-content\/uploads\/2025\/05\/Jarmark-pod-zaglami-4.jpg\" \/>\n\t<meta property=\"og:image:width\" content=\"848\" \/>\n\t<meta property=\"og:image:height\" content=\"566\" \/>\n\t<meta property=\"og:image:type\" content=\"image\/jpeg\" \/>\n<meta name=\"twitter:card\" content=\"summary_large_image\" \/>\n<meta name=\"twitter:label1\" content=\"Gesch\u00e4tzte Lesezeit\" \/>\n\t<meta name=\"twitter:data1\" content=\"3\u00a0Minuten\" \/>\n<script type=\"application\/ld+json\" class=\"yoast-schema-graph\">{\"@context\":\"https:\/\/schema.org\",\"@graph\":[{\"@type\":\"WebPage\",\"@id\":\"https:\/\/zagleszczecin.eu\/de\/business\/\",\"url\":\"https:\/\/zagleszczecin.eu\/de\/business\/\",\"name\":\"Business - \u017bagle 2026\",\"isPartOf\":{\"@id\":\"https:\/\/zagleszczecin.eu\/de\/#website\"},\"primaryImageOfPage\":{\"@id\":\"https:\/\/zagleszczecin.eu\/de\/business\/#primaryimage\"},\"image\":{\"@id\":\"https:\/\/zagleszczecin.eu\/de\/business\/#primaryimage\"},\"thumbnailUrl\":\"https:\/\/zagleszczecin.eu\/wp-content\/uploads\/2025\/05\/Jarmark-pod-zaglami-4.jpg\",\"datePublished\":\"2025-04-24T12:06:43+00:00\",\"dateModified\":\"2026-04-03T08:39:47+00:00\",\"breadcrumb\":{\"@id\":\"https:\/\/zagleszczecin.eu\/de\/business\/#breadcrumb\"},\"inLanguage\":\"de\",\"potentialAction\":[{\"@type\":\"ReadAction\",\"target\":[\"https:\/\/zagleszczecin.eu\/de\/business\/\"]}]},{\"@type\":\"ImageObject\",\"inLanguage\":\"de\",\"@id\":\"https:\/\/zagleszczecin.eu\/de\/business\/#primaryimage\",\"url\":\"https:\/\/zagleszczecin.eu\/wp-content\/uploads\/2025\/05\/Jarmark-pod-zaglami-4.jpg\",\"contentUrl\":\"https:\/\/zagleszczecin.eu\/wp-content\/uploads\/2025\/05\/Jarmark-pod-zaglami-4.jpg\"},{\"@type\":\"BreadcrumbList\",\"@id\":\"https:\/\/zagleszczecin.eu\/de\/business\/#breadcrumb\",\"itemListElement\":[{\"@type\":\"ListItem\",\"position\":1,\"name\":\"Strona g\u0142\u00f3wna\",\"item\":\"https:\/\/zagleszczecin.eu\/de\/\"},{\"@type\":\"ListItem\",\"position\":2,\"name\":\"Business\"}]},{\"@type\":\"WebSite\",\"@id\":\"https:\/\/zagleszczecin.eu\/de\/#website\",\"url\":\"https:\/\/zagleszczecin.eu\/de\/\",\"name\":\"\u017bagle 2026\",\"description\":\"Kurs na Szczecin\",\"potentialAction\":[{\"@type\":\"SearchAction\",\"target\":{\"@type\":\"EntryPoint\",\"urlTemplate\":\"https:\/\/zagleszczecin.eu\/de\/?s={search_term_string}\"},\"query-input\":{\"@type\":\"PropertyValueSpecification\",\"valueRequired\":true,\"valueName\":\"search_term_string\"}}],\"inLanguage\":\"de\"}]}<\/script>\n<!-- \/ Yoast SEO plugin. -->","yoast_head_json":{"title":"Business - \u017bagle 2026","robots":{"index":"noindex","follow":"follow","max-snippet":"max-snippet:-1","max-image-preview":"max-image-preview:large","max-video-preview":"max-video-preview:-1"},"og_locale":"de_DE","og_type":"article","og_title":"Business - \u017bagle 2026","og_description":"Standverkauf Ein fester Bestandteil der Veranstaltung ist die \u201eMesse unter Segeln\u201c \u2013 also Verkaufsst\u00e4nde, die einzigartige Produkte, nautische Souvenirs, Kunsthandwerk, Handarbeiten sowie gesunde und nat\u00fcrliche K\u00f6stlichkeiten anbieten. Der Verkauf der [&hellip;]","og_url":"https:\/\/zagleszczecin.eu\/de\/business\/","og_site_name":"\u017bagle 2026","article_modified_time":"2026-04-03T08:39:47+00:00","og_image":[{"width":848,"height":566,"url":"https:\/\/zagleszczecin.eu\/wp-content\/uploads\/2025\/05\/Jarmark-pod-zaglami-4.jpg","type":"image\/jpeg"}],"twitter_card":"summary_large_image","twitter_misc":{"Gesch\u00e4tzte Lesezeit":"3\u00a0Minuten"},"schema":{"@context":"https:\/\/schema.org","@graph":[{"@type":"WebPage","@id":"https:\/\/zagleszczecin.eu\/de\/business\/","url":"https:\/\/zagleszczecin.eu\/de\/business\/","name":"Business - \u017bagle 2026","isPartOf":{"@id":"https:\/\/zagleszczecin.eu\/de\/#website"},"primaryImageOfPage":{"@id":"https:\/\/zagleszczecin.eu\/de\/business\/#primaryimage"},"image":{"@id":"https:\/\/zagleszczecin.eu\/de\/business\/#primaryimage"},"thumbnailUrl":"https:\/\/zagleszczecin.eu\/wp-content\/uploads\/2025\/05\/Jarmark-pod-zaglami-4.jpg","datePublished":"2025-04-24T12:06:43+00:00","dateModified":"2026-04-03T08:39:47+00:00","breadcrumb":{"@id":"https:\/\/zagleszczecin.eu\/de\/business\/#breadcrumb"},"inLanguage":"de","potentialAction":[{"@type":"ReadAction","target":["https:\/\/zagleszczecin.eu\/de\/business\/"]}]},{"@type":"ImageObject","inLanguage":"de","@id":"https:\/\/zagleszczecin.eu\/de\/business\/#primaryimage","url":"https:\/\/zagleszczecin.eu\/wp-content\/uploads\/2025\/05\/Jarmark-pod-zaglami-4.jpg","contentUrl":"https:\/\/zagleszczecin.eu\/wp-content\/uploads\/2025\/05\/Jarmark-pod-zaglami-4.jpg"},{"@type":"BreadcrumbList","@id":"https:\/\/zagleszczecin.eu\/de\/business\/#breadcrumb","itemListElement":[{"@type":"ListItem","position":1,"name":"Strona g\u0142\u00f3wna","item":"https:\/\/zagleszczecin.eu\/de\/"},{"@type":"ListItem","position":2,"name":"Business"}]},{"@type":"WebSite","@id":"https:\/\/zagleszczecin.eu\/de\/#website","url":"https:\/\/zagleszczecin.eu\/de\/","name":"\u017bagle 2026","description":"Kurs na Szczecin","potentialAction":[{"@type":"SearchAction","target":{"@type":"EntryPoint","urlTemplate":"https:\/\/zagleszczecin.eu\/de\/?s={search_term_string}"},"query-input":{"@type":"PropertyValueSpecification","valueRequired":true,"valueName":"search_term_string"}}],"inLanguage":"de"}]}},"_links":{"self":[{"href":"https:\/\/zagleszczecin.eu\/de\/wp-json\/wp\/v2\/pages\/3101","targetHints":{"allow":["GET"]}}],"collection":[{"href":"https:\/\/zagleszczecin.eu\/de\/wp-json\/wp\/v2\/pages"}],"about":[{"href":"https:\/\/zagleszczecin.eu\/de\/wp-json\/wp\/v2\/types\/page"}],"author":[{"embeddable":true,"href":"https:\/\/zagleszczecin.eu\/de\/wp-json\/wp\/v2\/users\/1"}],"replies":[{"embeddable":true,"href":"https:\/\/zagleszczecin.eu\/de\/wp-json\/wp\/v2\/comments?post=3101"}],"version-history":[{"count":3,"href":"https:\/\/zagleszczecin.eu\/de\/wp-json\/wp\/v2\/pages\/3101\/revisions"}],"predecessor-version":[{"id":5949,"href":"https:\/\/zagleszczecin.eu\/de\/wp-json\/wp\/v2\/pages\/3101\/revisions\/5949"}],"wp:attachment":[{"href":"https:\/\/zagleszczecin.eu\/de\/wp-json\/wp\/v2\/media?parent=3101"}],"curies":[{"name":"wp","href":"https:\/\/api.w.org\/{rel}","templated":true}]}}